{"id":998553,"date":"2024-12-16T05:46:50","date_gmt":"2024-12-16T04:46:50","guid":{"rendered":"https:\/\/streetmarkets.fr\/app\/produit\/kent-chambray-shirt\/"},"modified":"2026-03-16T05:43:56","modified_gmt":"2026-03-16T04:43:56","slug":"kent-chambray-shirt","status":"publish","type":"product","link":"https:\/\/streetmarkets.fr\/app\/produit\/kent-chambray-shirt\/","title":{"rendered":"Kent Chambray Shirt"},"content":{"rendered":"<p><span>Confectionn\u00e9e en <strong>100% coton<\/strong>, la chemise <strong>Kent Chambray Shirt<\/strong> de <strong>Les Deux <\/strong>pr\u00e9sente un col boutonn\u00e9 classique et une poche pratique sur la poitrine. Son tissu en <strong>chambray<\/strong>, similaire au denim mais plus l\u00e9ger, en fait un essentiel de tous les jours id\u00e9al pour les journ\u00e9es plus chaudes.\u00a0<\/span><\/p>\n<p><span>Avec sa <strong>coupe d\u00e9contract\u00e9e<\/strong> et ses manches longues, la chemise Kent Chambray offre \u00e0 la fois <strong>confort et style<\/strong>. Que vous la portiez seule ou sous une veste, elle apporte une touche \u00e0 la fois \u00e9labor\u00e9e et d\u00e9contract\u00e9e \u00e0 votre tenue. <\/span><\/p>\n<p><span>Ajoutez cette chemise \u00e0 votre vestiaire pour facilit\u00e9 vos choix lorsqu&#8217;il s&#8217;agit d&#8217;assortir vos v\u00eatements. Elle est <strong>parfaite<\/strong> pour toutes les occasions, du bureau aux sorties d\u00e9contract\u00e9es entre amis. Elle est \u00e0 d\u00e9couvrir dans votre boutique\u00a0<strong>Harold<\/strong> sans attendre !<\/span><\/p>\n","protected":false},"excerpt":{"rendered":"<p>Confectionn\u00e9e en 100% coton, la chemise Kent Chambray Shirt de Les Deux pr\u00e9sente un col boutonn\u00e9 classique et une poche pratique sur la poitrine. Son tissu en chambray, similaire au denim mais plus l\u00e9ger, en fait un essentiel de tous les jours id\u00e9al pour les journ\u00e9es plus chaudes.\u00a0 Avec sa coupe d\u00e9contract\u00e9e et ses manches [&hellip;]<\/p>\n","protected":false},"featured_media":998554,"comment_status":"open","ping_status":"closed","template":"","meta":[],"product_brand":[],"product_cat":[1756,1758],"product_tag":[2244],"acf":[],"_links":{"self":[{"href":"https:\/\/streetmarkets.fr\/app\/wp-json\/wp\/v2\/product\/998553"}],"collection":[{"href":"https:\/\/streetmarkets.fr\/app\/wp-json\/wp\/v2\/product"}],"about":[{"href":"https:\/\/streetmarkets.fr\/app\/wp-json\/wp\/v2\/types\/product"}],"replies":[{"embeddable":true,"href":"https:\/\/streetmarkets.fr\/app\/wp-json\/wp\/v2\/comments?post=998553"}],"wp:featuredmedia":[{"embeddable":true,"href":"https:\/\/streetmarkets.fr\/app\/wp-json\/wp\/v2\/media\/998554"}],"wp:attachment":[{"href":"https:\/\/streetmarkets.fr\/app\/wp-json\/wp\/v2\/media?parent=998553"}],"wp:term":[{"taxonomy":"product_brand","embeddable":true,"href":"https:\/\/streetmarkets.fr\/app\/wp-json\/wp\/v2\/product_brand?post=998553"},{"taxonomy":"product_cat","embeddable":true,"href":"https:\/\/streetmarkets.fr\/app\/wp-json\/wp\/v2\/product_cat?post=998553"},{"taxonomy":"product_tag","embeddable":true,"href":"https:\/\/streetmarkets.fr\/app\/wp-json\/wp\/v2\/product_tag?post=998553"}],"curies":[{"name":"wp","href":"https:\/\/api.w.org\/{rel}","templated":true}]}}