{"id":998545,"date":"2024-12-16T05:46:49","date_gmt":"2024-12-16T04:46:49","guid":{"rendered":"https:\/\/streetmarkets.fr\/app\/produit\/marls-blazer\/"},"modified":"2026-03-16T05:43:56","modified_gmt":"2026-03-16T04:43:56","slug":"marls-blazer","status":"publish","type":"product","link":"https:\/\/streetmarkets.fr\/app\/produit\/marls-blazer\/","title":{"rendered":"Marls Blazer"},"content":{"rendered":"<p>D\u00e9couvrez la <strong>veste Blazer Marls<\/strong> de la marque <strong>Drykorn<\/strong>, une pi\u00e8ce incontournable pour un style <strong>moderne et sophistiqu\u00e9<\/strong>.<\/p>\n<p>Ce blazer \u00e0 une rang\u00e9e de boutons pr\u00e9sente un revers tombant et une couture crochue profonde qui lui conf\u00e8rent une <strong>allure unique et contemporaine<\/strong>. Son tissu en velours \u00e0 grosses mailles, compos\u00e9 \u00e0 98% de coton et 2% d\u2019\u00e9lasthanne, offre un toucher incroyablement <strong>doux<\/strong> et un <strong>confort<\/strong> optimal, tout en \u00e9tant l\u00e9g\u00e8rement <strong>extensible<\/strong> pour plus de libert\u00e9 de mouvement.<\/p>\n<p>Avec sa coupe droite et ses poches plaqu\u00e9es, le blazer Marls se distingue par son look sportif et raffin\u00e9, parfait pour les occasions <strong>casual-chic<\/strong>. Son absence de fentes au dos ou sur les manches ajoute \u00e0 son design \u00e9pur\u00e9, tandis que le revers en escalier souligne son c\u00f4t\u00e9 sur mesure.<\/p>\n<p>Ce blazer est \u00e0 d\u00e9couvrir d\u00e8s maintenant chez <strong>Harold<\/strong>, votre boutique pour homme \u00e0 <strong>Paris<\/strong>.<\/p>\n","protected":false},"excerpt":{"rendered":"<p>D\u00e9couvrez la veste Blazer Marls de la marque Drykorn, une pi\u00e8ce incontournable pour un style moderne et sophistiqu\u00e9. Ce blazer \u00e0 une rang\u00e9e de boutons pr\u00e9sente un revers tombant et une couture crochue profonde qui lui conf\u00e8rent une allure unique et contemporaine. Son tissu en velours \u00e0 grosses mailles, compos\u00e9 \u00e0 98% de coton et [&hellip;]<\/p>\n","protected":false},"featured_media":998546,"comment_status":"open","ping_status":"closed","template":"","meta":[],"product_brand":[],"product_cat":[1756,1758],"product_tag":[2244],"acf":[],"_links":{"self":[{"href":"https:\/\/streetmarkets.fr\/app\/wp-json\/wp\/v2\/product\/998545"}],"collection":[{"href":"https:\/\/streetmarkets.fr\/app\/wp-json\/wp\/v2\/product"}],"about":[{"href":"https:\/\/streetmarkets.fr\/app\/wp-json\/wp\/v2\/types\/product"}],"replies":[{"embeddable":true,"href":"https:\/\/streetmarkets.fr\/app\/wp-json\/wp\/v2\/comments?post=998545"}],"wp:featuredmedia":[{"embeddable":true,"href":"https:\/\/streetmarkets.fr\/app\/wp-json\/wp\/v2\/media\/998546"}],"wp:attachment":[{"href":"https:\/\/streetmarkets.fr\/app\/wp-json\/wp\/v2\/media?parent=998545"}],"wp:term":[{"taxonomy":"product_brand","embeddable":true,"href":"https:\/\/streetmarkets.fr\/app\/wp-json\/wp\/v2\/product_brand?post=998545"},{"taxonomy":"product_cat","embeddable":true,"href":"https:\/\/streetmarkets.fr\/app\/wp-json\/wp\/v2\/product_cat?post=998545"},{"taxonomy":"product_tag","embeddable":true,"href":"https:\/\/streetmarkets.fr\/app\/wp-json\/wp\/v2\/product_tag?post=998545"}],"curies":[{"name":"wp","href":"https:\/\/api.w.org\/{rel}","templated":true}]}}