{"id":998522,"date":"2024-12-16T05:46:47","date_gmt":"2024-12-16T04:46:47","guid":{"rendered":"https:\/\/streetmarkets.fr\/app\/produit\/todd-layers-parka\/"},"modified":"2026-03-16T05:43:56","modified_gmt":"2026-03-16T04:43:56","slug":"todd-layers-parka","status":"publish","type":"product","link":"https:\/\/streetmarkets.fr\/app\/produit\/todd-layers-parka\/","title":{"rendered":"Todd Layers Parka"},"content":{"rendered":"<p><span data-sheets-root=\"1\">D\u00e9couvrez la\u00a0<strong>Todd Layers Parka<\/strong>\u00a0de <strong>Selected<\/strong> en bleu &#8220;Sky Captain&#8221;. Cette parka polyvalente est un <strong>indispensable<\/strong> pour affronter les journ\u00e9es pluvieuses avec style.<\/p>\n<p>\u00c9quip\u00e9e d&#8217;une capuche pour vous prot\u00e9ger des intemp\u00e9ries, le mod\u00e8le Todd Layers Parka, offre une <strong>coupe moderne et confortable<\/strong>.\u00a0Que ce soit pour une promenade en ville ou une escapade en plein air, la &#8220;Todd Layers Parka&#8221; vous gardera au sec tout en vous assurant un <strong>look tendance<\/strong>.<\/span><\/p>\n<p><span data-sheets-root=\"1\">Retrouvez cette parka dans votre <strong>boutique pour homme <\/strong>en plein coeur du marais : <strong>Harold<\/strong>.<\/span><\/p>\n","protected":false},"excerpt":{"rendered":"<p>D\u00e9couvrez la\u00a0Todd Layers Parka\u00a0de Selected en bleu &#8220;Sky Captain&#8221;. Cette parka polyvalente est un indispensable pour affronter les journ\u00e9es pluvieuses avec style. \u00c9quip\u00e9e d&#8217;une capuche pour vous prot\u00e9ger des intemp\u00e9ries, le mod\u00e8le Todd Layers Parka, offre une coupe moderne et confortable.\u00a0Que ce soit pour une promenade en ville ou une escapade en plein air, la [&hellip;]<\/p>\n","protected":false},"featured_media":998523,"comment_status":"open","ping_status":"closed","template":"","meta":[],"product_brand":[],"product_cat":[1756,1758],"product_tag":[2244],"acf":[],"_links":{"self":[{"href":"https:\/\/streetmarkets.fr\/app\/wp-json\/wp\/v2\/product\/998522"}],"collection":[{"href":"https:\/\/streetmarkets.fr\/app\/wp-json\/wp\/v2\/product"}],"about":[{"href":"https:\/\/streetmarkets.fr\/app\/wp-json\/wp\/v2\/types\/product"}],"replies":[{"embeddable":true,"href":"https:\/\/streetmarkets.fr\/app\/wp-json\/wp\/v2\/comments?post=998522"}],"wp:featuredmedia":[{"embeddable":true,"href":"https:\/\/streetmarkets.fr\/app\/wp-json\/wp\/v2\/media\/998523"}],"wp:attachment":[{"href":"https:\/\/streetmarkets.fr\/app\/wp-json\/wp\/v2\/media?parent=998522"}],"wp:term":[{"taxonomy":"product_brand","embeddable":true,"href":"https:\/\/streetmarkets.fr\/app\/wp-json\/wp\/v2\/product_brand?post=998522"},{"taxonomy":"product_cat","embeddable":true,"href":"https:\/\/streetmarkets.fr\/app\/wp-json\/wp\/v2\/product_cat?post=998522"},{"taxonomy":"product_tag","embeddable":true,"href":"https:\/\/streetmarkets.fr\/app\/wp-json\/wp\/v2\/product_tag?post=998522"}],"curies":[{"name":"wp","href":"https:\/\/api.w.org\/{rel}","templated":true}]}}