{"id":982828,"date":"2024-12-14T01:22:13","date_gmt":"2024-12-14T00:22:13","guid":{"rendered":"https:\/\/streetmarkets.fr\/app\/produit\/robe-longue-manche-longue-velours-crinkle-h24-femme-crystal-pink\/"},"modified":"2025-02-24T01:10:11","modified_gmt":"2025-02-24T00:10:11","slug":"robe-longue-manche-longue-velours-crinkle-h24-femme-crystal-pink","status":"publish","type":"product","link":"https:\/\/streetmarkets.fr\/app\/produit\/robe-longue-manche-longue-velours-crinkle-h24-femme-crystal-pink\/","title":{"rendered":"Robe Longue Manche Longue Velours Crinkle (H24 \/ FEMME \/ Crystal Pink)"},"content":{"rendered":"<p>Avec un col rond et des manches longues, cette robe longue et ajust\u00e9e s\u00e9duit par sa coupe impeccable et ses lignes affirm\u00e9es. Sa silhouette \u00e9lanc\u00e9e est sublim\u00e9e par une taille marqu\u00e9e de strass scintillants. Pr\u00eate \u00e0 illuminer vos soir\u00e9es, associez-la \u00e0 une veste structur\u00e9e et des escarpins.<\/p>\n<p>&#8211; Robe longue en velours craquel\u00e9 Femme<br \/>\n<br \/>&#8211; Strass<br \/>\n<br \/>&#8211; Col rond<br \/>\n<br \/>&#8211; Manches longues<br \/>\n<br \/>&#8211; Coupe slim<\/p>\n","protected":false},"excerpt":{"rendered":"<p>Avec un col rond et des manches longues, cette robe longue et ajust\u00e9e s\u00e9duit par sa coupe impeccable et ses lignes affirm\u00e9es. Sa silhouette \u00e9lanc\u00e9e est sublim\u00e9e par une taille marqu\u00e9e de strass scintillants. Pr\u00eate \u00e0 illuminer vos soir\u00e9es, associez-la \u00e0 une veste structur\u00e9e et des escarpins. &#8211; Robe longue en velours craquel\u00e9 Femme &#8211; [&hellip;]<\/p>\n","protected":false},"featured_media":982829,"comment_status":"open","ping_status":"closed","template":"","meta":[],"product_brand":[6868],"product_cat":[1756,1762],"product_tag":[2244],"acf":[],"_links":{"self":[{"href":"https:\/\/streetmarkets.fr\/app\/wp-json\/wp\/v2\/product\/982828"}],"collection":[{"href":"https:\/\/streetmarkets.fr\/app\/wp-json\/wp\/v2\/product"}],"about":[{"href":"https:\/\/streetmarkets.fr\/app\/wp-json\/wp\/v2\/types\/product"}],"replies":[{"embeddable":true,"href":"https:\/\/streetmarkets.fr\/app\/wp-json\/wp\/v2\/comments?post=982828"}],"wp:featuredmedia":[{"embeddable":true,"href":"https:\/\/streetmarkets.fr\/app\/wp-json\/wp\/v2\/media\/982829"}],"wp:attachment":[{"href":"https:\/\/streetmarkets.fr\/app\/wp-json\/wp\/v2\/media?parent=982828"}],"wp:term":[{"taxonomy":"product_brand","embeddable":true,"href":"https:\/\/streetmarkets.fr\/app\/wp-json\/wp\/v2\/product_brand?post=982828"},{"taxonomy":"product_cat","embeddable":true,"href":"https:\/\/streetmarkets.fr\/app\/wp-json\/wp\/v2\/product_cat?post=982828"},{"taxonomy":"product_tag","embeddable":true,"href":"https:\/\/streetmarkets.fr\/app\/wp-json\/wp\/v2\/product_tag?post=982828"}],"curies":[{"name":"wp","href":"https:\/\/api.w.org\/{rel}","templated":true}]}}