{"id":982805,"date":"2024-12-14T01:22:10","date_gmt":"2024-12-14T00:22:10","guid":{"rendered":"https:\/\/streetmarkets.fr\/app\/produit\/robe-courte-bretelle-sequins-h24-femme-silver\/"},"modified":"2025-03-05T01:03:07","modified_gmt":"2025-03-05T00:03:07","slug":"robe-courte-bretelle-sequins-h24-femme-silver","status":"publish","type":"product","link":"https:\/\/streetmarkets.fr\/app\/produit\/robe-courte-bretelle-sequins-h24-femme-silver\/","title":{"rendered":"Robe Courte Bretelle Sequins (H24 \/ FEMME \/ Silver)"},"content":{"rendered":"<p>\u00c9blouissante en soir\u00e9e, cette robe courte est parsem\u00e9e de paillettes argent\u00e9es. Dot\u00e9e de bretelles larges et d\u2019un d\u00e9collet\u00e9 droit, elle signe une silhouette structur\u00e9e des plus \u00e9l\u00e9gantes. Associez-la \u00e0 des escarpins et un sac assorti pour un look irr\u00e9sistible.<\/p>\n<p>&#8211; Robe courte Femme<br \/>\n<br \/>&#8211; Paillettes<br \/>\n<br \/>&#8211; Bretelles larges<br \/>\n<br \/>&#8211; D\u00e9collet\u00e9 droit<br \/>\n<br \/>&#8211; Plis<br \/>\n<br \/>&#8211; Coupe regular<\/p>\n","protected":false},"excerpt":{"rendered":"<p>\u00c9blouissante en soir\u00e9e, cette robe courte est parsem\u00e9e de paillettes argent\u00e9es. Dot\u00e9e de bretelles larges et d\u2019un d\u00e9collet\u00e9 droit, elle signe une silhouette structur\u00e9e des plus \u00e9l\u00e9gantes. Associez-la \u00e0 des escarpins et un sac assorti pour un look irr\u00e9sistible. &#8211; Robe courte Femme &#8211; Paillettes &#8211; Bretelles larges &#8211; D\u00e9collet\u00e9 droit &#8211; Plis &#8211; Coupe [&hellip;]<\/p>\n","protected":false},"featured_media":982806,"comment_status":"open","ping_status":"closed","template":"","meta":[],"product_brand":[6868],"product_cat":[1756,1762],"product_tag":[2244],"acf":[],"_links":{"self":[{"href":"https:\/\/streetmarkets.fr\/app\/wp-json\/wp\/v2\/product\/982805"}],"collection":[{"href":"https:\/\/streetmarkets.fr\/app\/wp-json\/wp\/v2\/product"}],"about":[{"href":"https:\/\/streetmarkets.fr\/app\/wp-json\/wp\/v2\/types\/product"}],"replies":[{"embeddable":true,"href":"https:\/\/streetmarkets.fr\/app\/wp-json\/wp\/v2\/comments?post=982805"}],"wp:featuredmedia":[{"embeddable":true,"href":"https:\/\/streetmarkets.fr\/app\/wp-json\/wp\/v2\/media\/982806"}],"wp:attachment":[{"href":"https:\/\/streetmarkets.fr\/app\/wp-json\/wp\/v2\/media?parent=982805"}],"wp:term":[{"taxonomy":"product_brand","embeddable":true,"href":"https:\/\/streetmarkets.fr\/app\/wp-json\/wp\/v2\/product_brand?post=982805"},{"taxonomy":"product_cat","embeddable":true,"href":"https:\/\/streetmarkets.fr\/app\/wp-json\/wp\/v2\/product_cat?post=982805"},{"taxonomy":"product_tag","embeddable":true,"href":"https:\/\/streetmarkets.fr\/app\/wp-json\/wp\/v2\/product_tag?post=982805"}],"curies":[{"name":"wp","href":"https:\/\/api.w.org\/{rel}","templated":true}]}}