{"id":982793,"date":"2024-12-14T01:22:09","date_gmt":"2024-12-14T00:22:09","guid":{"rendered":"https:\/\/streetmarkets.fr\/app\/produit\/veste-blazer-tailoring-h24-femme-noir\/"},"modified":"2025-02-24T01:10:10","modified_gmt":"2025-02-24T00:10:10","slug":"veste-blazer-tailoring-h24-femme-noir","status":"publish","type":"product","link":"https:\/\/streetmarkets.fr\/app\/produit\/veste-blazer-tailoring-h24-femme-noir\/","title":{"rendered":"Veste Blazer Tailoring (H24 \/ FEMME \/ Noir)"},"content":{"rendered":"<p>Pi\u00e8ce ma\u00eetresse de vos soir\u00e9es, cette veste blazer incarne l\u2019\u00e9l\u00e9gance sans effort. Munie d&#8217;un col tailleur et de manches longues, elle d\u00e9voile une fermeture orn\u00e9e d\u2019un bouton m\u00e9tallique &#8220;FF&#8221;. Misez sur le total look avec le pantalon coordonn\u00e9.<\/p>\n<p>&#8211; Veste blazer Femme<br \/>\n<br \/>&#8211; Col tailleur<br \/>\n<br \/>&#8211; Fermeture \u00e0 bouton sigl\u00e9 &#8220;FF&#8221;<br \/>\n<br \/>&#8211; Manches longues<br \/>\n<br \/>&#8211; Coupe regular<\/p>\n","protected":false},"excerpt":{"rendered":"<p>Pi\u00e8ce ma\u00eetresse de vos soir\u00e9es, cette veste blazer incarne l\u2019\u00e9l\u00e9gance sans effort. Munie d&#8217;un col tailleur et de manches longues, elle d\u00e9voile une fermeture orn\u00e9e d\u2019un bouton m\u00e9tallique &#8220;FF&#8221;. Misez sur le total look avec le pantalon coordonn\u00e9. &#8211; Veste blazer Femme &#8211; Col tailleur &#8211; Fermeture \u00e0 bouton sigl\u00e9 &#8220;FF&#8221; &#8211; Manches longues &#8211; [&hellip;]<\/p>\n","protected":false},"featured_media":982794,"comment_status":"open","ping_status":"closed","template":"","meta":[],"product_brand":[6868],"product_cat":[1756,1762],"product_tag":[2244],"acf":[],"_links":{"self":[{"href":"https:\/\/streetmarkets.fr\/app\/wp-json\/wp\/v2\/product\/982793"}],"collection":[{"href":"https:\/\/streetmarkets.fr\/app\/wp-json\/wp\/v2\/product"}],"about":[{"href":"https:\/\/streetmarkets.fr\/app\/wp-json\/wp\/v2\/types\/product"}],"replies":[{"embeddable":true,"href":"https:\/\/streetmarkets.fr\/app\/wp-json\/wp\/v2\/comments?post=982793"}],"wp:featuredmedia":[{"embeddable":true,"href":"https:\/\/streetmarkets.fr\/app\/wp-json\/wp\/v2\/media\/982794"}],"wp:attachment":[{"href":"https:\/\/streetmarkets.fr\/app\/wp-json\/wp\/v2\/media?parent=982793"}],"wp:term":[{"taxonomy":"product_brand","embeddable":true,"href":"https:\/\/streetmarkets.fr\/app\/wp-json\/wp\/v2\/product_brand?post=982793"},{"taxonomy":"product_cat","embeddable":true,"href":"https:\/\/streetmarkets.fr\/app\/wp-json\/wp\/v2\/product_cat?post=982793"},{"taxonomy":"product_tag","embeddable":true,"href":"https:\/\/streetmarkets.fr\/app\/wp-json\/wp\/v2\/product_tag?post=982793"}],"curies":[{"name":"wp","href":"https:\/\/api.w.org\/{rel}","templated":true}]}}