{"id":982769,"date":"2024-12-14T01:22:07","date_gmt":"2024-12-14T00:22:07","guid":{"rendered":"https:\/\/streetmarkets.fr\/app\/produit\/jupe-mini-sequins-h24-femme-silver\/"},"modified":"2025-03-05T01:02:30","modified_gmt":"2025-03-05T00:02:30","slug":"jupe-mini-sequins-h24-femme-silver","status":"publish","type":"product","link":"https:\/\/streetmarkets.fr\/app\/produit\/jupe-mini-sequins-h24-femme-silver\/","title":{"rendered":"Jupe Mini Sequins (H24 \/ FEMME \/ Silver)"},"content":{"rendered":"<p>Brillez de mille feux avec cette jupe courte par\u00e9e de paillettes argent\u00e9s. Sa coupe structur\u00e9e et son tomb\u00e9 impeccable en font une pi\u00e8ce ma\u00eetresse de votre vestiaire. \u00c0 porter en total look avec le top assorti pour un effet irr\u00e9sistible.<\/p>\n<p>&#8211; Mini-jupe Femme<br \/>\n<br \/>&#8211; Paillettes<br \/>\n<br \/>&#8211; Plis<br \/>\n<br \/>&#8211; Fermeture zipp\u00e9e<br \/>\n<br \/>&#8211; Coupe regular<\/p>\n","protected":false},"excerpt":{"rendered":"<p>Brillez de mille feux avec cette jupe courte par\u00e9e de paillettes argent\u00e9s. Sa coupe structur\u00e9e et son tomb\u00e9 impeccable en font une pi\u00e8ce ma\u00eetresse de votre vestiaire. \u00c0 porter en total look avec le top assorti pour un effet irr\u00e9sistible. &#8211; Mini-jupe Femme &#8211; Paillettes &#8211; Plis &#8211; Fermeture zipp\u00e9e &#8211; Coupe regular<\/p>\n","protected":false},"featured_media":982770,"comment_status":"open","ping_status":"closed","template":"","meta":[],"product_brand":[6868],"product_cat":[1756,1762],"product_tag":[2244],"acf":[],"_links":{"self":[{"href":"https:\/\/streetmarkets.fr\/app\/wp-json\/wp\/v2\/product\/982769"}],"collection":[{"href":"https:\/\/streetmarkets.fr\/app\/wp-json\/wp\/v2\/product"}],"about":[{"href":"https:\/\/streetmarkets.fr\/app\/wp-json\/wp\/v2\/types\/product"}],"replies":[{"embeddable":true,"href":"https:\/\/streetmarkets.fr\/app\/wp-json\/wp\/v2\/comments?post=982769"}],"wp:featuredmedia":[{"embeddable":true,"href":"https:\/\/streetmarkets.fr\/app\/wp-json\/wp\/v2\/media\/982770"}],"wp:attachment":[{"href":"https:\/\/streetmarkets.fr\/app\/wp-json\/wp\/v2\/media?parent=982769"}],"wp:term":[{"taxonomy":"product_brand","embeddable":true,"href":"https:\/\/streetmarkets.fr\/app\/wp-json\/wp\/v2\/product_brand?post=982769"},{"taxonomy":"product_cat","embeddable":true,"href":"https:\/\/streetmarkets.fr\/app\/wp-json\/wp\/v2\/product_cat?post=982769"},{"taxonomy":"product_tag","embeddable":true,"href":"https:\/\/streetmarkets.fr\/app\/wp-json\/wp\/v2\/product_tag?post=982769"}],"curies":[{"name":"wp","href":"https:\/\/api.w.org\/{rel}","templated":true}]}}