{"id":982756,"date":"2024-12-14T01:22:06","date_gmt":"2024-12-14T00:22:06","guid":{"rendered":"https:\/\/streetmarkets.fr\/app\/produit\/top-bretelle-sequins-h24-femme-noir\/"},"modified":"2025-03-05T01:02:30","modified_gmt":"2025-03-05T00:02:30","slug":"top-bretelle-sequins-h24-femme-noir","status":"publish","type":"product","link":"https:\/\/streetmarkets.fr\/app\/produit\/top-bretelle-sequins-h24-femme-noir\/","title":{"rendered":"Top Bretelle Sequins (H24 \/ FEMME \/ Noir)"},"content":{"rendered":"<p>Sublimez vos soir\u00e9es avec ce top court orn\u00e9 de paillettes argent\u00e9s. Sa coupe structur\u00e9e et ajust\u00e9e, rehauss\u00e9e de bretelles larges et d&#8217;un d\u00e9collet\u00e9 droit, assure une allure sophistiqu\u00e9e en toutes occasions. \u00c0 porter en total look avec la jupe assortie pour un effet irr\u00e9sistible.<\/p>\n<p>&#8211; Top court Femme<br \/>\n<br \/>&#8211; Paillettes<br \/>\n<br \/>&#8211; Bretelles larges<br \/>\n<br \/>&#8211; D\u00e9collet\u00e9 droit<br \/>\n<br \/>&#8211; Plis<br \/>\n<br \/>&#8211; Coupe regular<\/p>\n","protected":false},"excerpt":{"rendered":"<p>Sublimez vos soir\u00e9es avec ce top court orn\u00e9 de paillettes argent\u00e9s. Sa coupe structur\u00e9e et ajust\u00e9e, rehauss\u00e9e de bretelles larges et d&#8217;un d\u00e9collet\u00e9 droit, assure une allure sophistiqu\u00e9e en toutes occasions. \u00c0 porter en total look avec la jupe assortie pour un effet irr\u00e9sistible. &#8211; Top court Femme &#8211; Paillettes &#8211; Bretelles larges &#8211; D\u00e9collet\u00e9 [&hellip;]<\/p>\n","protected":false},"featured_media":982757,"comment_status":"open","ping_status":"closed","template":"","meta":[],"product_brand":[6868],"product_cat":[1756,1762],"product_tag":[2244],"acf":[],"_links":{"self":[{"href":"https:\/\/streetmarkets.fr\/app\/wp-json\/wp\/v2\/product\/982756"}],"collection":[{"href":"https:\/\/streetmarkets.fr\/app\/wp-json\/wp\/v2\/product"}],"about":[{"href":"https:\/\/streetmarkets.fr\/app\/wp-json\/wp\/v2\/types\/product"}],"replies":[{"embeddable":true,"href":"https:\/\/streetmarkets.fr\/app\/wp-json\/wp\/v2\/comments?post=982756"}],"wp:featuredmedia":[{"embeddable":true,"href":"https:\/\/streetmarkets.fr\/app\/wp-json\/wp\/v2\/media\/982757"}],"wp:attachment":[{"href":"https:\/\/streetmarkets.fr\/app\/wp-json\/wp\/v2\/media?parent=982756"}],"wp:term":[{"taxonomy":"product_brand","embeddable":true,"href":"https:\/\/streetmarkets.fr\/app\/wp-json\/wp\/v2\/product_brand?post=982756"},{"taxonomy":"product_cat","embeddable":true,"href":"https:\/\/streetmarkets.fr\/app\/wp-json\/wp\/v2\/product_cat?post=982756"},{"taxonomy":"product_tag","embeddable":true,"href":"https:\/\/streetmarkets.fr\/app\/wp-json\/wp\/v2\/product_tag?post=982756"}],"curies":[{"name":"wp","href":"https:\/\/api.w.org\/{rel}","templated":true}]}}