{"id":981765,"date":"2024-12-14T00:59:36","date_gmt":"2024-12-13T23:59:36","guid":{"rendered":"https:\/\/streetmarkets.fr\/app\/produit\/chouchou-upcycle-couleur-unis-laure-derrey\/"},"modified":"2026-05-06T01:58:50","modified_gmt":"2026-05-05T23:58:50","slug":"chouchou-upcycle-couleur-unis-laure-derrey","status":"publish","type":"product","link":"https:\/\/streetmarkets.fr\/app\/produit\/chouchou-upcycle-couleur-unis-laure-derrey\/","title":{"rendered":"Chouchou upcycl\u00e9 couleur unis &#8211; Laure Derrey"},"content":{"rendered":"<h2>Chouchou upcycl\u00e9 couleur unis &#8211; Laure Derrey<\/h2>\n<h3>\n<img decoding=\"async\" src=\"https:\/\/cdn.shopify.com\/s\/files\/1\/0593\/7093\/0335\/files\/LogoLaureDerrey_480x480.jpg?v=1687614318\" alt=\"\"><img decoding=\"async\" alt=\"\" src=\"https:\/\/cdn.shopify.com\/s\/files\/1\/0593\/7093\/0335\/files\/Picto_Mode_Textile_480x480.jpg?v=1677763747\"><img decoding=\"async\" alt=\"\" src=\"https:\/\/cdn.shopify.com\/s\/files\/1\/0593\/7093\/0335\/files\/Picto_Made_in_France_480x480.jpg?v=1677763747\"><img decoding=\"async\" src=\"https:\/\/cdn.shopify.com\/s\/files\/1\/0593\/7093\/0335\/files\/Picto_Matieres_recyclees_480x480.jpg?v=1677763747\" alt=\"\"><br \/>\n<\/h3>\n<p>Voici le chouchou \u00e9thique, issu de l&#8217;upcycling &amp; made in Paris, ce chouchou est l&#8217;accessoire \u00e9thique indispensable de votre garde robe.<\/p>\n<p>Uni ou imprim\u00e9, il se porte aussi bien dans les cheveux qu&#8217;au poignet , en solo ou en accumulation avec de jolis bijoux pour une allure f\u00e9minine et tendance.<\/p>\n<p>Un style boh\u00e8me pour un anniversaire, un mariage, les vacances, la rentr\u00e9e, les f\u00eates ou le quotidien.<\/p>\n<p>Une id\u00e9e de cadeau original pour pimenter son look en un clin d&#8217;\u0153il !<\/p>\n<h3><span>LAURE DERREY<\/span><\/h3>\n<p>Laure Derrey est une marque\u00a0de mode \u00e9thique made in Paris qui revendique l\u2019intemporalit\u00e9 de l\u2019\u00e9l\u00e9gance. D\u00e9couvrez ses headbands &amp; chouchous con\u00e7us dans les chutes de tissus de ses collections de v\u00eatements ou issus de d\u00e9stockage d\u2019\u00e9toffes de cr\u00e9ateurs. Elle s&#8217;engage<span>\u00a0pour une mode durable en proposant des mod\u00e8les intemporels aux finitions haut-de-gamme.<\/span><\/p>\n<h3><span>INFORMATIONS<\/span><\/h3>\n<p><span>Composition : tissus divers upcycl\u00e9s (coton, viscose, polyester\u2026)<br data-end=\"2242\" data-start=\"2239\">Hauteur : env. 5 cm<br data-end=\"2264\" data-start=\"2261\">Fabriqu\u00e9 en France \u00e0 Paris<br data-end=\"2293\" data-start=\"2290\">\u00c9ditions limit\u00e9es, chaque coloris ou motif est unique et peut varier l\u00e9g\u00e8rement<\/span><\/p>\n","protected":false},"excerpt":{"rendered":"<p>Chouchou upcycl\u00e9 couleur unis &#8211; Laure Derrey Voici le chouchou \u00e9thique, issu de l&#8217;upcycling &amp; made in Paris, ce chouchou est l&#8217;accessoire \u00e9thique indispensable de votre garde robe. Uni ou imprim\u00e9, il se porte aussi bien dans les cheveux qu&#8217;au poignet , en solo ou en accumulation avec de jolis bijoux pour une allure f\u00e9minine [&hellip;]<\/p>\n","protected":false},"featured_media":981766,"comment_status":"open","ping_status":"closed","template":"","meta":[],"product_brand":[],"product_cat":[1756,1764],"product_tag":[1810,1813],"acf":[],"_links":{"self":[{"href":"https:\/\/streetmarkets.fr\/app\/wp-json\/wp\/v2\/product\/981765"}],"collection":[{"href":"https:\/\/streetmarkets.fr\/app\/wp-json\/wp\/v2\/product"}],"about":[{"href":"https:\/\/streetmarkets.fr\/app\/wp-json\/wp\/v2\/types\/product"}],"replies":[{"embeddable":true,"href":"https:\/\/streetmarkets.fr\/app\/wp-json\/wp\/v2\/comments?post=981765"}],"wp:featuredmedia":[{"embeddable":true,"href":"https:\/\/streetmarkets.fr\/app\/wp-json\/wp\/v2\/media\/981766"}],"wp:attachment":[{"href":"https:\/\/streetmarkets.fr\/app\/wp-json\/wp\/v2\/media?parent=981765"}],"wp:term":[{"taxonomy":"product_brand","embeddable":true,"href":"https:\/\/streetmarkets.fr\/app\/wp-json\/wp\/v2\/product_brand?post=981765"},{"taxonomy":"product_cat","embeddable":true,"href":"https:\/\/streetmarkets.fr\/app\/wp-json\/wp\/v2\/product_cat?post=981765"},{"taxonomy":"product_tag","embeddable":true,"href":"https:\/\/streetmarkets.fr\/app\/wp-json\/wp\/v2\/product_tag?post=981765"}],"curies":[{"name":"wp","href":"https:\/\/api.w.org\/{rel}","templated":true}]}}