{"id":972655,"date":"2024-12-13T00:47:35","date_gmt":"2024-12-12T23:47:35","guid":{"rendered":"https:\/\/streetmarkets.fr\/app\/produit\/chaussons-beige-paillette\/"},"modified":"2025-08-17T01:47:31","modified_gmt":"2025-08-16T23:47:31","slug":"chaussons-beige-paillette","status":"publish","type":"product","link":"https:\/\/streetmarkets.fr\/app\/produit\/chaussons-beige-paillette\/","title":{"rendered":"Chaussons Beige Paillette"},"content":{"rendered":"<p><span style=\"color:#333333\"> Des jolis chaussons d&#8217;int\u00e9rieur c&#8217;est possible ! Ces jolis chaussons beiges \u00e0 paillettes dor\u00e9es sont tout doux pour ne plus avoir froid et garder un style chic et d\u00e9contract\u00e9.\u00a0<\/span><\/p>\n<ul>\n<li>Chaussons beiges et bout paillettes dor\u00e9es<\/li>\n<li>Semelle int\u00e9rieure amovible<\/li>\n<li>Pochon de transport inclus<\/li>\n<li style=\"border:0px;font-style:inherit;font-weight:inherit;margin:0px;padding:0px;vertical-align:baseline\">Doux et chauds<\/li>\n<\/ul>\n<p><strong><em>Composition<\/em><\/strong>:\u00a0<\/p>\n<ul>\n<li style=\"border:0px;font-style:inherit;font-weight:inherit;margin:0px;padding:0px;vertical-align:baseline\">Empeigne (le dessus): 50% laine recycl\u00e9e certifi\u00e9e GRS,30% polyester, 20% laine vierge<\/li>\n<li style=\"border:0px;font-style:inherit;font-weight:inherit;margin:0px;padding:0px;vertical-align:baseline\">Empi\u00e8cement avant et arri\u00e8re: 50 % coton, 30% polyester, 20% r\u00e9sine<\/li>\n<li style=\"border:0px;font-style:inherit;font-weight:inherit;margin:0px;padding:0px;vertical-align:baseline\">Doublure bouclette: 54% polyester recycl\u00e9, 36% coton recycl\u00e9, 10% polyester<\/li>\n<li style=\"border:0px;font-style:inherit;font-weight:inherit;margin:0px;padding:0px;vertical-align:baseline\">Semelle int\u00e9rieure: 74% laine, 18% acrylique, 8% polyester<\/li>\n<li style=\"border:0px;font-style:inherit;font-weight:inherit;margin:0px;padding:0px;vertical-align:baseline\">Semelle ext\u00e9rieure: 100% caoutchouc synth\u00e9tique<\/li>\n<\/ul>\n<p><em><strong>Fabrication:<\/strong><\/em><\/p>\n<ul>\n<li>Fabriqu\u00e9s en Espagne \u00e0 Elche<\/li>\n<\/ul>\n<p><strong><em>Conseil taille<\/em><\/strong>: ce mod\u00e8le taille plut\u00f4t petit, si vous \u00eates entre deux tailles optez pour la taille du dessus. Si vous avez un doute sur la pointure, contactez-nous \u00e0 juliette@coco-friendly.com.<\/p>\n<\/p>\n<p><strong><em>Entretien<\/em><\/strong>: vous pouvez imperm\u00e9abiliser vos chaussons si vous le souhaitez. Si une t\u00e2che s&#8217;invite sur la laine, frottez avec une \u00e9ponge, de l&#8217;eau ti\u00e8de et du savon. S\u00e9chez \u00e0 l&#8217;air libre.<\/p>\n","protected":false},"excerpt":{"rendered":"<p>Des jolis chaussons d&#8217;int\u00e9rieur c&#8217;est possible ! Ces jolis chaussons beiges \u00e0 paillettes dor\u00e9es sont tout doux pour ne plus avoir froid et garder un style chic et d\u00e9contract\u00e9.\u00a0 Chaussons beiges et bout paillettes dor\u00e9es Semelle int\u00e9rieure amovible Pochon de transport inclus Doux et chauds Composition:\u00a0 Empeigne (le dessus): 50% laine recycl\u00e9e certifi\u00e9e GRS,30% polyester, [&hellip;]<\/p>\n","protected":false},"featured_media":972656,"comment_status":"open","ping_status":"closed","template":"","meta":[],"product_brand":[],"product_cat":[1756,1763],"product_tag":[1810],"acf":[],"_links":{"self":[{"href":"https:\/\/streetmarkets.fr\/app\/wp-json\/wp\/v2\/product\/972655"}],"collection":[{"href":"https:\/\/streetmarkets.fr\/app\/wp-json\/wp\/v2\/product"}],"about":[{"href":"https:\/\/streetmarkets.fr\/app\/wp-json\/wp\/v2\/types\/product"}],"replies":[{"embeddable":true,"href":"https:\/\/streetmarkets.fr\/app\/wp-json\/wp\/v2\/comments?post=972655"}],"wp:featuredmedia":[{"embeddable":true,"href":"https:\/\/streetmarkets.fr\/app\/wp-json\/wp\/v2\/media\/972656"}],"wp:attachment":[{"href":"https:\/\/streetmarkets.fr\/app\/wp-json\/wp\/v2\/media?parent=972655"}],"wp:term":[{"taxonomy":"product_brand","embeddable":true,"href":"https:\/\/streetmarkets.fr\/app\/wp-json\/wp\/v2\/product_brand?post=972655"},{"taxonomy":"product_cat","embeddable":true,"href":"https:\/\/streetmarkets.fr\/app\/wp-json\/wp\/v2\/product_cat?post=972655"},{"taxonomy":"product_tag","embeddable":true,"href":"https:\/\/streetmarkets.fr\/app\/wp-json\/wp\/v2\/product_tag?post=972655"}],"curies":[{"name":"wp","href":"https:\/\/api.w.org\/{rel}","templated":true}]}}