{"id":972517,"date":"2024-12-12T05:47:06","date_gmt":"2024-12-12T04:47:06","guid":{"rendered":"https:\/\/streetmarkets.fr\/app\/produit\/owen-crew-neck-15053\/"},"modified":"2026-03-16T05:43:56","modified_gmt":"2026-03-16T04:43:56","slug":"owen-crew-neck-15053","status":"publish","type":"product","link":"https:\/\/streetmarkets.fr\/app\/produit\/owen-crew-neck-15053\/","title":{"rendered":"Owen Crew Neck 15053"},"content":{"rendered":"<p><!--td {border: 1px solid #cccccc;}br {mso-data-placement:same-cell;}--><\/p>\n<p><span data-sheets-root=\"1\" data-sheets-value=\"{&quot;1&quot;:2,&quot;2&quot;:&quot;D\u00e9couvrez le pull SAMSOE Owen Crew Neck 15053 en couleur \\&quot;Moonstone St\\&quot;, une pi\u00e8ce essentielle de la collection Harold. Ce pull pr\u00e9sente un effet de m\u00e9lange teint unique, associ\u00e9 \u00e0 une coupe regular pour un style d\u00e9contract\u00e9 et moderne.\\n\\nDot\u00e9 d'un col ras-du-cou classique et d'ourlets c\u00f4tel\u00e9s au col, aux poignets et \u00e0 l'ourlet, ce pull offre une finition soign\u00e9e et confortable. Tricot\u00e9 avec une jauge l\u00e9g\u00e8re, il assure une sensation de l\u00e9g\u00e8ret\u00e9 et de confort tout au long de la journ\u00e9e.\\n\\nLe fil utilis\u00e9 est fabriqu\u00e9 \u00e0 partir d'un m\u00e9lange de coton biologique, cultiv\u00e9 sans OGM ni produits chimiques dangereux, t\u00e9moignant de l'engagement de SAMSOE envers des pratiques durables et respectueuses de l'environnement.\\n\\nCe pull convient \u00e0 toutes les silhouettes. Ajoutez une touche de style et de conscience \u00e9cologique \u00e0 votre garde-robe avec le pull Owen Crew Neck 15053. Parfait pour un look d\u00e9contract\u00e9 et \u00e9l\u00e9gant, ce pull est un choix polyvalent pour l'homme moderne.&quot;}\" data-sheets-userformat='{\"2\":897,\"3\":{\"1\":0},\"10\":1,\"11\":4,\"12\":0}'>D\u00e9couvrez le <strong>pull Owen Crew Neck 15053<\/strong> de la marque <strong>Samsoe<\/strong>, en couleur &#8220;Moonstone St&#8221;, une pi\u00e8ce essentielle de la collection <strong>Harold<\/strong>. Ce pull pr\u00e9sente un coloris unique avec un effet de teintes m\u00e9lang\u00e9es, associ\u00e9 \u00e0 une <strong>coupe regular <\/strong>pour un style d\u00e9contract\u00e9 et moderne.<\/p>\n<p>Dot\u00e9 d&#8217;un col ras-du-cou classique et d&#8217;ourlets c\u00f4tel\u00e9s au col, aux poignets et \u00e0 l&#8217;ourlet, ce pull offre une <strong>finition soign\u00e9e<\/strong> et confortable. Tricot\u00e9 avec une jauge l\u00e9g\u00e8re, il assure une sensation de <strong>l\u00e9g\u00e8ret\u00e9<\/strong> et de <strong>confort<\/strong> tout au long de la journ\u00e9e.<\/p>\n<p>Le fil utilis\u00e9 est fabriqu\u00e9 \u00e0 partir d&#8217;un m\u00e9lange de <strong>coton biologique,<\/strong> cultiv\u00e9 sans OGM ni produits chimiques dangereux, t\u00e9moignant de l&#8217;engagement de SAMSOE envers des pratiques durables et respectueuses de l&#8217;environnement.<\/p>\n<p>Ce pull convient \u00e0 toutes les silhouettes. Ajoutez une touche de style \u00e0 votre garde-robe avec le <strong>pull Owen Crew Neck 15053<\/strong>. Parfait pour un look d\u00e9contract\u00e9 et \u00e9l\u00e9gant, ce pull est un choix polyvalent pour l&#8217;homme moderne.<\/span><\/p>\n","protected":false},"excerpt":{"rendered":"<p>D\u00e9couvrez le pull Owen Crew Neck 15053 de la marque Samsoe, en couleur &#8220;Moonstone St&#8221;, une pi\u00e8ce essentielle de la collection Harold. Ce pull pr\u00e9sente un coloris unique avec un effet de teintes m\u00e9lang\u00e9es, associ\u00e9 \u00e0 une coupe regular pour un style d\u00e9contract\u00e9 et moderne. Dot\u00e9 d&#8217;un col ras-du-cou classique et d&#8217;ourlets c\u00f4tel\u00e9s au col, [&hellip;]<\/p>\n","protected":false},"featured_media":972518,"comment_status":"open","ping_status":"closed","template":"","meta":[],"product_brand":[],"product_cat":[1756,1758],"product_tag":[2244],"acf":[],"_links":{"self":[{"href":"https:\/\/streetmarkets.fr\/app\/wp-json\/wp\/v2\/product\/972517"}],"collection":[{"href":"https:\/\/streetmarkets.fr\/app\/wp-json\/wp\/v2\/product"}],"about":[{"href":"https:\/\/streetmarkets.fr\/app\/wp-json\/wp\/v2\/types\/product"}],"replies":[{"embeddable":true,"href":"https:\/\/streetmarkets.fr\/app\/wp-json\/wp\/v2\/comments?post=972517"}],"wp:featuredmedia":[{"embeddable":true,"href":"https:\/\/streetmarkets.fr\/app\/wp-json\/wp\/v2\/media\/972518"}],"wp:attachment":[{"href":"https:\/\/streetmarkets.fr\/app\/wp-json\/wp\/v2\/media?parent=972517"}],"wp:term":[{"taxonomy":"product_brand","embeddable":true,"href":"https:\/\/streetmarkets.fr\/app\/wp-json\/wp\/v2\/product_brand?post=972517"},{"taxonomy":"product_cat","embeddable":true,"href":"https:\/\/streetmarkets.fr\/app\/wp-json\/wp\/v2\/product_cat?post=972517"},{"taxonomy":"product_tag","embeddable":true,"href":"https:\/\/streetmarkets.fr\/app\/wp-json\/wp\/v2\/product_tag?post=972517"}],"curies":[{"name":"wp","href":"https:\/\/api.w.org\/{rel}","templated":true}]}}