{"id":972502,"date":"2024-12-12T05:47:04","date_gmt":"2024-12-12T04:47:04","guid":{"rendered":"https:\/\/streetmarkets.fr\/app\/produit\/leando-knit\/"},"modified":"2026-03-16T05:43:56","modified_gmt":"2026-03-16T04:43:56","slug":"leando-knit","status":"publish","type":"product","link":"https:\/\/streetmarkets.fr\/app\/produit\/leando-knit\/","title":{"rendered":"Leando Knit"},"content":{"rendered":"<p><span>Adoptez un style <strong>d\u00e9contract\u00e9<\/strong> et <strong>confortable<\/strong> avec le pull <strong>Leando Knit <\/strong>de la marque <strong>Drykorn<\/strong>. Ce pull-over \u00e0 coupe relaxed fit se distingue par ses bords roul\u00e9s \u00e0 l&#8217;ourlet, offrant une touche <strong>contemporaine<\/strong>.\u00a0<\/span><\/p>\n<p><span>Con\u00e7u dans un m\u00e9lange de <strong>coton<\/strong> et de <strong>laine<\/strong>, il procure une sensation de <strong>douceur<\/strong> agr\u00e9able au contact de la peau, tout en \u00e9tant suffisamment <strong>chaud<\/strong> pour les journ\u00e9es fra\u00eeches. Son col rond classique et ses manches longues en font un <strong>basique<\/strong> <strong>intemporel\u00a0<\/strong><strong><\/strong>qui s&#8217;adapte \u00e0 tous les styles, id\u00e9al pour le quotidien.\u00a0<\/span><\/p>\n<p><span>Que ce soit pour une journ\u00e9e de travail ou une sortie d\u00e9contract\u00e9e en ville, le pull <strong>Leando<\/strong> de <strong>Drykorn<\/strong> vous accompagne avec style et confort. Un must-have dans tout vestiaire masculin moderne que vous trouverez chez <strong>Harold Paris,<\/strong> votre boutique pour homme au coeur du marais.<\/span><\/p>\n","protected":false},"excerpt":{"rendered":"<p>Adoptez un style d\u00e9contract\u00e9 et confortable avec le pull Leando Knit de la marque Drykorn. Ce pull-over \u00e0 coupe relaxed fit se distingue par ses bords roul\u00e9s \u00e0 l&#8217;ourlet, offrant une touche contemporaine.\u00a0 Con\u00e7u dans un m\u00e9lange de coton et de laine, il procure une sensation de douceur agr\u00e9able au contact de la peau, tout [&hellip;]<\/p>\n","protected":false},"featured_media":972503,"comment_status":"open","ping_status":"closed","template":"","meta":[],"product_brand":[],"product_cat":[1756,1758],"product_tag":[2244],"acf":[],"_links":{"self":[{"href":"https:\/\/streetmarkets.fr\/app\/wp-json\/wp\/v2\/product\/972502"}],"collection":[{"href":"https:\/\/streetmarkets.fr\/app\/wp-json\/wp\/v2\/product"}],"about":[{"href":"https:\/\/streetmarkets.fr\/app\/wp-json\/wp\/v2\/types\/product"}],"replies":[{"embeddable":true,"href":"https:\/\/streetmarkets.fr\/app\/wp-json\/wp\/v2\/comments?post=972502"}],"wp:featuredmedia":[{"embeddable":true,"href":"https:\/\/streetmarkets.fr\/app\/wp-json\/wp\/v2\/media\/972503"}],"wp:attachment":[{"href":"https:\/\/streetmarkets.fr\/app\/wp-json\/wp\/v2\/media?parent=972502"}],"wp:term":[{"taxonomy":"product_brand","embeddable":true,"href":"https:\/\/streetmarkets.fr\/app\/wp-json\/wp\/v2\/product_brand?post=972502"},{"taxonomy":"product_cat","embeddable":true,"href":"https:\/\/streetmarkets.fr\/app\/wp-json\/wp\/v2\/product_cat?post=972502"},{"taxonomy":"product_tag","embeddable":true,"href":"https:\/\/streetmarkets.fr\/app\/wp-json\/wp\/v2\/product_tag?post=972502"}],"curies":[{"name":"wp","href":"https:\/\/api.w.org\/{rel}","templated":true}]}}