{"id":972487,"date":"2024-12-12T05:47:03","date_gmt":"2024-12-12T04:47:03","guid":{"rendered":"https:\/\/streetmarkets.fr\/app\/produit\/the-beanie-2280\/"},"modified":"2026-03-16T05:43:56","modified_gmt":"2026-03-16T04:43:56","slug":"the-beanie-2280","status":"publish","type":"product","link":"https:\/\/streetmarkets.fr\/app\/produit\/the-beanie-2280\/","title":{"rendered":"The Beanie 2280"},"content":{"rendered":"<p><span data-sheets-root=\"1\">D\u00e9couvrez le bonnet <strong>The Beanie 2280<\/strong> de la marque <strong>Samsoe<\/strong>, un accessoire <strong>incontournable<\/strong> pour l&#8217;hiver disponible dans plusieurs coloris \u00e9l\u00e9gants.\u00a0<\/p>\n<p>Tricot\u00e9 en fines c\u00f4tes anglaises avec un m\u00e9lange de <strong>laine<\/strong>, ce bonnet offre \u00e0 la fois chaleur et confort. Son large revers ajoute une <strong>touche de style<\/strong> et permet un ajustement parfait. Arborant discr\u00e8tement le logo SAMS\u00d8E SAMS\u00d8E sur l&#8217;avant, ce bonnet taille unique est aussi bien adapt\u00e9 aux tenues d\u00e9contract\u00e9es qu&#8217;aux styles plus urbains et sophistiqu\u00e9s. <\/p>\n<p>Disponible en plusieurs couleurs tendance comme le noir, le gris pierre, le crocodile et bien d&#8217;autres, trouvez celui qui compl\u00e9tera parfaitement votre garde-robe hivernale chez <strong>Harold Paris<\/strong>.<\/span><\/p>\n","protected":false},"excerpt":{"rendered":"<p>D\u00e9couvrez le bonnet The Beanie 2280 de la marque Samsoe, un accessoire incontournable pour l&#8217;hiver disponible dans plusieurs coloris \u00e9l\u00e9gants.\u00a0 Tricot\u00e9 en fines c\u00f4tes anglaises avec un m\u00e9lange de laine, ce bonnet offre \u00e0 la fois chaleur et confort. Son large revers ajoute une touche de style et permet un ajustement parfait. Arborant discr\u00e8tement le [&hellip;]<\/p>\n","protected":false},"featured_media":972488,"comment_status":"open","ping_status":"closed","template":"","meta":[],"product_brand":[],"product_cat":[1756,1760],"product_tag":[2244],"acf":[],"_links":{"self":[{"href":"https:\/\/streetmarkets.fr\/app\/wp-json\/wp\/v2\/product\/972487"}],"collection":[{"href":"https:\/\/streetmarkets.fr\/app\/wp-json\/wp\/v2\/product"}],"about":[{"href":"https:\/\/streetmarkets.fr\/app\/wp-json\/wp\/v2\/types\/product"}],"replies":[{"embeddable":true,"href":"https:\/\/streetmarkets.fr\/app\/wp-json\/wp\/v2\/comments?post=972487"}],"wp:featuredmedia":[{"embeddable":true,"href":"https:\/\/streetmarkets.fr\/app\/wp-json\/wp\/v2\/media\/972488"}],"wp:attachment":[{"href":"https:\/\/streetmarkets.fr\/app\/wp-json\/wp\/v2\/media?parent=972487"}],"wp:term":[{"taxonomy":"product_brand","embeddable":true,"href":"https:\/\/streetmarkets.fr\/app\/wp-json\/wp\/v2\/product_brand?post=972487"},{"taxonomy":"product_cat","embeddable":true,"href":"https:\/\/streetmarkets.fr\/app\/wp-json\/wp\/v2\/product_cat?post=972487"},{"taxonomy":"product_tag","embeddable":true,"href":"https:\/\/streetmarkets.fr\/app\/wp-json\/wp\/v2\/product_tag?post=972487"}],"curies":[{"name":"wp","href":"https:\/\/api.w.org\/{rel}","templated":true}]}}