{"id":972448,"date":"2024-12-12T05:46:59","date_gmt":"2024-12-12T04:46:59","guid":{"rendered":"https:\/\/streetmarkets.fr\/app\/produit\/dimori-g-vgt\/"},"modified":"2026-03-16T05:43:56","modified_gmt":"2026-03-16T04:43:56","slug":"dimori-g-vgt","status":"publish","type":"product","link":"https:\/\/streetmarkets.fr\/app\/produit\/dimori-g-vgt\/","title":{"rendered":"Dimori G Vgt"},"content":{"rendered":"<p>Chez <strong>Harold<\/strong>, votre boutique de pr\u00eat-\u00e0-porter homme \u00e0 Paris, d\u00e9couvrez les \u00e9l\u00e9gantes sandales <strong>Dimori G VGT<\/strong> de la marque <strong>KLEMAN<\/strong>. Disponibles en coloris <strong>Black<\/strong> et <strong>Caf\u00e9<\/strong>, ces sandales se distinguent par leurs brides ajour\u00e9es et leur bout ferm\u00e9, offrant un m\u00e9lange parfait de style et de confort pour la saison estivale.<\/p>\n<p>Con\u00e7ues \u00e0 partir de cuir grain\u00e9 tann\u00e9 de mani\u00e8re v\u00e9g\u00e9tale dans une tannerie italienne renomm\u00e9e, les Dimori G VGT incarnent une d\u00e9marche durable et \u00e9thique. Ce processus de tannage \u00e9cologique conf\u00e8re au cuir un aspect authentique et unique, tout en pr\u00e9servant l&#8217;environnement.<\/p>\n<p>Les sandales <strong>Dimori G VGT<\/strong> sont id\u00e9ales pour les journ\u00e9es d&#8217;\u00e9t\u00e9, assurant une respirabilit\u00e9 optimale et un style raffin\u00e9. Que ce soit pour une balade en ville ou une journ\u00e9e d\u00e9contract\u00e9e, ces sandales apportent une touche de sophistication \u00e0 votre tenue.<\/p>\n<p>Adoptez le confort et l\u2019\u00e9l\u00e9gance des sandales <strong>Dimori G VGT<\/strong> de <strong>KLEMAN<\/strong>, disponibles d\u00e8s maintenant chez <strong>Harold<\/strong>. Transformez votre look avec ces sandales \u00e9coresponsables et tendance.<\/p>\n","protected":false},"excerpt":{"rendered":"<p>Chez Harold, votre boutique de pr\u00eat-\u00e0-porter homme \u00e0 Paris, d\u00e9couvrez les \u00e9l\u00e9gantes sandales Dimori G VGT de la marque KLEMAN. Disponibles en coloris Black et Caf\u00e9, ces sandales se distinguent par leurs brides ajour\u00e9es et leur bout ferm\u00e9, offrant un m\u00e9lange parfait de style et de confort pour la saison estivale. Con\u00e7ues \u00e0 partir de [&hellip;]<\/p>\n","protected":false},"featured_media":972449,"comment_status":"open","ping_status":"closed","template":"","meta":[],"product_brand":[],"product_cat":[1756,1759],"product_tag":[2244],"acf":[],"_links":{"self":[{"href":"https:\/\/streetmarkets.fr\/app\/wp-json\/wp\/v2\/product\/972448"}],"collection":[{"href":"https:\/\/streetmarkets.fr\/app\/wp-json\/wp\/v2\/product"}],"about":[{"href":"https:\/\/streetmarkets.fr\/app\/wp-json\/wp\/v2\/types\/product"}],"replies":[{"embeddable":true,"href":"https:\/\/streetmarkets.fr\/app\/wp-json\/wp\/v2\/comments?post=972448"}],"wp:featuredmedia":[{"embeddable":true,"href":"https:\/\/streetmarkets.fr\/app\/wp-json\/wp\/v2\/media\/972449"}],"wp:attachment":[{"href":"https:\/\/streetmarkets.fr\/app\/wp-json\/wp\/v2\/media?parent=972448"}],"wp:term":[{"taxonomy":"product_brand","embeddable":true,"href":"https:\/\/streetmarkets.fr\/app\/wp-json\/wp\/v2\/product_brand?post=972448"},{"taxonomy":"product_cat","embeddable":true,"href":"https:\/\/streetmarkets.fr\/app\/wp-json\/wp\/v2\/product_cat?post=972448"},{"taxonomy":"product_tag","embeddable":true,"href":"https:\/\/streetmarkets.fr\/app\/wp-json\/wp\/v2\/product_tag?post=972448"}],"curies":[{"name":"wp","href":"https:\/\/api.w.org\/{rel}","templated":true}]}}