{"id":972433,"date":"2024-12-12T05:46:58","date_gmt":"2024-12-12T04:46:58","guid":{"rendered":"https:\/\/streetmarkets.fr\/app\/produit\/boxy-casper-waffle-ss-shirt\/"},"modified":"2026-03-16T05:43:55","modified_gmt":"2026-03-16T04:43:55","slug":"boxy-casper-waffle-ss-shirt","status":"publish","type":"product","link":"https:\/\/streetmarkets.fr\/app\/produit\/boxy-casper-waffle-ss-shirt\/","title":{"rendered":"Boxy Casper Waffle SS Shirt"},"content":{"rendered":"<p><span data-sheets-root=\"1\" data-sheets-value=\"{&quot;1&quot;:2,&quot;2&quot;:&quot;La chemise Boxy - Casper Waffle SS Shirt est synonyme de d\u00e9contraction et de confort. Ses manches courtes et sa coupe ample offrent une sensation de relaxation tout au long de la journ\u00e9e. \\n\\nSon tissu \u00e0 texture gaufr\u00e9e exclusif lui conf\u00e8re une \u00e9paisseur et un poids distinctifs, le distinguant des chemises basiques standard. Dot\u00e9e d'un col large et d'une poche plaqu\u00e9e sur la poitrine, elle pr\u00e9sente \u00e9galement des \u00e9paules tombantes pour une allure d\u00e9contract\u00e9e suppl\u00e9mentaire. \\n\\nCette chemise peut \u00eatre port\u00e9e avec un jean \u00e0 jambe droite et des baskets pour un look tr\u00e8s d\u00e9contract\u00e9, id\u00e9al pour les moments de d\u00e9tente. De plus, elle est fabriqu\u00e9e avec du polyester recycl\u00e9, contribuant ainsi \u00e0 pr\u00e9server les ressources naturelles et \u00e0 r\u00e9duire les d\u00e9chets, et du coton biologique, favorisant une production respectueuse de l'environnement.&quot;}\" data-sheets-userformat='{\"2\":897,\"3\":{\"1\":0},\"10\":1,\"11\":4,\"12\":0}'>La chemise <strong>Boxy Casper Waffle SS Shirt<\/strong> de <strong>Selected<\/strong> est synonyme de d\u00e9contraction et de bien-\u00eatre. Ses manches courtes et sa coupe ample offrent une sensation de <strong>confort <\/strong>tout au long de la journ\u00e9e.\u00a0<\/p>\n<p>Son tissu \u00e0<strong> texture gaufr\u00e9e<\/strong> exclusif lui conf\u00e8re une \u00e9paisseur et un design distinctifs, en comparaison \u00e0 des chemises basiques. Dot\u00e9e d&#8217;un <strong>col large<\/strong> et d&#8217;une poche plaqu\u00e9e sur la poitrine, elle pr\u00e9sente \u00e9galement des <strong>\u00e9paules tombantes<\/strong> pour une allure d\u00e9contract\u00e9e suppl\u00e9mentaire.\u00a0<\/p>\n<p>Cette chemise peut \u00eatre port\u00e9e avec un jean \u00e0 jambe droite et des baskets pour un look tr\u00e8s d\u00e9contract\u00e9, id\u00e9al pour les moments de d\u00e9tente. De plus, elle est fabriqu\u00e9e avec du polyester recycl\u00e9, contribuant ainsi \u00e0 pr\u00e9server les ressources naturelles et \u00e0 r\u00e9duire les d\u00e9chets, et du coton biologique, favorisant une production respectueuse de l&#8217;environnement.<\/span><\/p>\n<p><!--td {border: 1px solid #cccccc;}br {mso-data-placement:same-cell;}--><\/p>\n","protected":false},"excerpt":{"rendered":"<p>La chemise Boxy Casper Waffle SS Shirt de Selected est synonyme de d\u00e9contraction et de bien-\u00eatre. Ses manches courtes et sa coupe ample offrent une sensation de confort tout au long de la journ\u00e9e.\u00a0 Son tissu \u00e0 texture gaufr\u00e9e exclusif lui conf\u00e8re une \u00e9paisseur et un design distinctifs, en comparaison \u00e0 des chemises basiques. Dot\u00e9e [&hellip;]<\/p>\n","protected":false},"featured_media":972434,"comment_status":"open","ping_status":"closed","template":"","meta":[],"product_brand":[],"product_cat":[1756,1758],"product_tag":[2244],"acf":[],"_links":{"self":[{"href":"https:\/\/streetmarkets.fr\/app\/wp-json\/wp\/v2\/product\/972433"}],"collection":[{"href":"https:\/\/streetmarkets.fr\/app\/wp-json\/wp\/v2\/product"}],"about":[{"href":"https:\/\/streetmarkets.fr\/app\/wp-json\/wp\/v2\/types\/product"}],"replies":[{"embeddable":true,"href":"https:\/\/streetmarkets.fr\/app\/wp-json\/wp\/v2\/comments?post=972433"}],"wp:featuredmedia":[{"embeddable":true,"href":"https:\/\/streetmarkets.fr\/app\/wp-json\/wp\/v2\/media\/972434"}],"wp:attachment":[{"href":"https:\/\/streetmarkets.fr\/app\/wp-json\/wp\/v2\/media?parent=972433"}],"wp:term":[{"taxonomy":"product_brand","embeddable":true,"href":"https:\/\/streetmarkets.fr\/app\/wp-json\/wp\/v2\/product_brand?post=972433"},{"taxonomy":"product_cat","embeddable":true,"href":"https:\/\/streetmarkets.fr\/app\/wp-json\/wp\/v2\/product_cat?post=972433"},{"taxonomy":"product_tag","embeddable":true,"href":"https:\/\/streetmarkets.fr\/app\/wp-json\/wp\/v2\/product_tag?post=972433"}],"curies":[{"name":"wp","href":"https:\/\/api.w.org\/{rel}","templated":true}]}}