{"id":972379,"date":"2024-12-12T05:46:52","date_gmt":"2024-12-12T04:46:52","guid":{"rendered":"https:\/\/streetmarkets.fr\/app\/produit\/felipe-sweatshirt\/"},"modified":"2026-03-16T05:43:55","modified_gmt":"2026-03-16T04:43:55","slug":"felipe-sweatshirt","status":"publish","type":"product","link":"https:\/\/streetmarkets.fr\/app\/produit\/felipe-sweatshirt\/","title":{"rendered":"Felipe Sweatshirt"},"content":{"rendered":"<p><!--td {border: 1px solid #cccccc;}br {mso-data-placement:same-cell;}--><\/p>\n<p><span data-sheets-root=\"1\" data-sheets-value=\"{&quot;1&quot;:2,&quot;2&quot;:&quot;D\u00e9couvrez le sweat-shirt Felipe de Les Deux, disponible dans une gamme de couleurs vari\u00e9es : Coffee Brown (marron), Dark Navy (bleu fonc\u00e9), Olive Night (vert fonc\u00e9) et Ivory (blanc cass\u00e9). Avec son ajustement classique et r\u00e9gulier, ce sweat offre un confort in\u00e9gal\u00e9.\\n\\nDot\u00e9 d'une encolure ronde et du logo Les Deux double rose brod\u00e9, ce sweat-shirt associe style et praticit\u00e9. Sa doublure int\u00e9rieure \u00e9paisse et douce garantit un confort optimal, parfait pour les journ\u00e9es fra\u00eeches. Avec sa coupe r\u00e9guli\u00e8re, il offre une silhouette \u00e9l\u00e9gante.\\n\\nOptez pour le sweat-shirt Felipe de Les Deux et ajoutez une touche de style d\u00e9contract\u00e9 \u00e0 votre garde-robe. Que vous choisissiez le marron, le bleu fonc\u00e9, le vert fonc\u00e9 ou le blanc cass\u00e9, ce sweat deviendra rapidement un indispensable de votre dressing.&quot;}\" data-sheets-userformat='{\"2\":897,\"3\":{\"1\":0},\"10\":1,\"11\":4,\"12\":0}'>D\u00e9couvrez le <strong>sweat-shirt Felipe <\/strong>de <strong>Les Deux<\/strong>, disponible dans une gamme de couleurs vari\u00e9es : Coffee Brown (marron), Dark Navy (bleu fonc\u00e9), Olive Night (vert fonc\u00e9) et Ivory (blanc cass\u00e9). Avec son <strong>ajustement classique et r\u00e9gulier<\/strong>, ce sweat offre un confort in\u00e9gal\u00e9.<\/p>\n<p>Dot\u00e9 d&#8217;une <strong>encolure ronde<\/strong> et du logo Les Deux double rose brod\u00e9, ce sweat-shirt associe <strong>style et praticit\u00e9<\/strong>. Sa doublure int\u00e9rieure \u00e9paisse et douce garantit un confort optimal, parfait pour les journ\u00e9es fra\u00eeches. Avec sa coupe r\u00e9guli\u00e8re, il offre une silhouette \u00e9l\u00e9gante.<\/p>\n<p>Optez pour le <strong>sweat-shirt Felipe<\/strong> de <strong>Les Deux<\/strong> et ajoutez une touche de style d\u00e9contract\u00e9 \u00e0 votre gvestiaire. Que vous choisissiez le marron, le bleu fonc\u00e9, le vert fonc\u00e9 ou le blanc cass\u00e9, ce sweat deviendra rapidement un <strong>indispensable <\/strong>de votre dressing.<\/span><\/p>\n","protected":false},"excerpt":{"rendered":"<p>D\u00e9couvrez le sweat-shirt Felipe de Les Deux, disponible dans une gamme de couleurs vari\u00e9es : Coffee Brown (marron), Dark Navy (bleu fonc\u00e9), Olive Night (vert fonc\u00e9) et Ivory (blanc cass\u00e9). Avec son ajustement classique et r\u00e9gulier, ce sweat offre un confort in\u00e9gal\u00e9. Dot\u00e9 d&#8217;une encolure ronde et du logo Les Deux double rose brod\u00e9, ce [&hellip;]<\/p>\n","protected":false},"featured_media":972380,"comment_status":"open","ping_status":"closed","template":"","meta":[],"product_brand":[],"product_cat":[1756,1758],"product_tag":[2244],"acf":[],"_links":{"self":[{"href":"https:\/\/streetmarkets.fr\/app\/wp-json\/wp\/v2\/product\/972379"}],"collection":[{"href":"https:\/\/streetmarkets.fr\/app\/wp-json\/wp\/v2\/product"}],"about":[{"href":"https:\/\/streetmarkets.fr\/app\/wp-json\/wp\/v2\/types\/product"}],"replies":[{"embeddable":true,"href":"https:\/\/streetmarkets.fr\/app\/wp-json\/wp\/v2\/comments?post=972379"}],"wp:featuredmedia":[{"embeddable":true,"href":"https:\/\/streetmarkets.fr\/app\/wp-json\/wp\/v2\/media\/972380"}],"wp:attachment":[{"href":"https:\/\/streetmarkets.fr\/app\/wp-json\/wp\/v2\/media?parent=972379"}],"wp:term":[{"taxonomy":"product_brand","embeddable":true,"href":"https:\/\/streetmarkets.fr\/app\/wp-json\/wp\/v2\/product_brand?post=972379"},{"taxonomy":"product_cat","embeddable":true,"href":"https:\/\/streetmarkets.fr\/app\/wp-json\/wp\/v2\/product_cat?post=972379"},{"taxonomy":"product_tag","embeddable":true,"href":"https:\/\/streetmarkets.fr\/app\/wp-json\/wp\/v2\/product_tag?post=972379"}],"curies":[{"name":"wp","href":"https:\/\/api.w.org\/{rel}","templated":true}]}}