{"id":972354,"date":"2024-12-12T05:46:50","date_gmt":"2024-12-12T04:46:50","guid":{"rendered":"https:\/\/streetmarkets.fr\/app\/produit\/nealy-knit-blazer\/"},"modified":"2026-03-16T05:43:55","modified_gmt":"2026-03-16T04:43:55","slug":"nealy-knit-blazer","status":"publish","type":"product","link":"https:\/\/streetmarkets.fr\/app\/produit\/nealy-knit-blazer\/","title":{"rendered":"Nealy Knit Blazer"},"content":{"rendered":"<p><!--td {border: 1px solid #cccccc;}br {mso-data-placement:same-cell;}--><\/p>\n<p><span data-sheets-root=\"1\">Qui a dit que les blazers devaient suivre une certaine formule ? Le nouveau <strong>blazer en laine<\/strong> de <strong>Selected <\/strong>est une pi\u00e8ce de tailleur qui transcende la garde-robe de v\u00eatements de travail et se pr\u00eate parfaitement \u00e0 un code vestimentaire<strong> chic d\u00e9contract\u00e9<\/strong>.\u00a0<\/p>\n<p>Ce blazer pr\u00e9sente un <strong>col ouvert<\/strong> rappelant les revers classiques sans \u00eatre trop formel. Pour un look <strong>fa\u00e7on cardigan<\/strong>, boutonnez-le jusqu&#8217;au dernier bouton.<\/p>\n<p>Confectionn\u00e9 \u00e0 <strong>100 % en laine<\/strong>, ce blazer est chaud, r\u00e9sistant et respirant, ce qui en fait un choix id\u00e9al pour les jours les plus froids. <strong>Polyvalent<\/strong>, il peut \u00eatre port\u00e9 de mani\u00e8re habill\u00e9e ou d\u00e9contract\u00e9e. Il est disponible en diff\u00e9rentes couleurs : Forest Night, Sky Captain, Morel<\/p>\n<p>Pour un look \u00e9l\u00e9gant, portez-le sous un manteau en laine \u00e0 double boutonnage avec un pantalon chino. Pour un style d\u00e9contract\u00e9, optez pour un t-shirt et un jean. Vous pouvez le retrouver chez <strong>Harold<\/strong>, votre boutique de pr\u00eat-\u00e0-porter homme \u00e0 Paris.<\/p>\n<p>Le Nealy Knit Blazer de SELECTED est un v\u00eatement polyvalent qui ajoute une touche spohistiqu\u00e9e et confortable \u00e0 votre garde-robe, adapt\u00e9 \u00e0 toutes les occasions.<\/span><\/p>\n","protected":false},"excerpt":{"rendered":"<p>Qui a dit que les blazers devaient suivre une certaine formule ? Le nouveau blazer en laine de Selected est une pi\u00e8ce de tailleur qui transcende la garde-robe de v\u00eatements de travail et se pr\u00eate parfaitement \u00e0 un code vestimentaire chic d\u00e9contract\u00e9.\u00a0 Ce blazer pr\u00e9sente un col ouvert rappelant les revers classiques sans \u00eatre trop [&hellip;]<\/p>\n","protected":false},"featured_media":972355,"comment_status":"open","ping_status":"closed","template":"","meta":[],"product_brand":[],"product_cat":[1756,1758],"product_tag":[2244],"acf":[],"_links":{"self":[{"href":"https:\/\/streetmarkets.fr\/app\/wp-json\/wp\/v2\/product\/972354"}],"collection":[{"href":"https:\/\/streetmarkets.fr\/app\/wp-json\/wp\/v2\/product"}],"about":[{"href":"https:\/\/streetmarkets.fr\/app\/wp-json\/wp\/v2\/types\/product"}],"replies":[{"embeddable":true,"href":"https:\/\/streetmarkets.fr\/app\/wp-json\/wp\/v2\/comments?post=972354"}],"wp:featuredmedia":[{"embeddable":true,"href":"https:\/\/streetmarkets.fr\/app\/wp-json\/wp\/v2\/media\/972355"}],"wp:attachment":[{"href":"https:\/\/streetmarkets.fr\/app\/wp-json\/wp\/v2\/media?parent=972354"}],"wp:term":[{"taxonomy":"product_brand","embeddable":true,"href":"https:\/\/streetmarkets.fr\/app\/wp-json\/wp\/v2\/product_brand?post=972354"},{"taxonomy":"product_cat","embeddable":true,"href":"https:\/\/streetmarkets.fr\/app\/wp-json\/wp\/v2\/product_cat?post=972354"},{"taxonomy":"product_tag","embeddable":true,"href":"https:\/\/streetmarkets.fr\/app\/wp-json\/wp\/v2\/product_tag?post=972354"}],"curies":[{"name":"wp","href":"https:\/\/api.w.org\/{rel}","templated":true}]}}