{"id":972284,"date":"2024-12-12T05:46:25","date_gmt":"2024-12-12T04:46:25","guid":{"rendered":"https:\/\/streetmarkets.fr\/app\/produit\/mora-ls-knit-structure-crew-neck\/"},"modified":"2026-03-16T05:43:55","modified_gmt":"2026-03-16T04:43:55","slug":"mora-ls-knit-structure-crew-neck","status":"publish","type":"product","link":"https:\/\/streetmarkets.fr\/app\/produit\/mora-ls-knit-structure-crew-neck\/","title":{"rendered":"Mora LS Knit Structure Crew Neck"},"content":{"rendered":"<p>Avec le pull <strong>Mora LS Knit Structure Crew Neck <\/strong>de la marque <strong>Selected<\/strong>, vous optez pour un mod\u00e8le de pull col rond en <strong>100% coton <\/strong>qui se d\u00e9marque par sa l\u00e9g\u00e8ret\u00e9 et sa texture.<\/p>\n<p>Sa\u00a0<strong>coupe ajust\u00e9<\/strong> permet au pull col roul\u00e9 Mora LS Knit Structure Crew Neck de s&#8217;associer sans probl\u00e8mes \u00e0 tout type de tenues, qu&#8217;importe la saison. Vous pouvez le mettre \u00e0 la fois avec \u00e0 un jean et des tennis pour un <strong>look chill<\/strong> lors de vos sorties, ou bien avec un pantalon habill\u00e9 pour une tenue plus classique.<\/p>\n<p>Le pull <strong>Mora LS Knit Structure Crew Neck<\/strong> est disponible en 4 couleurs chez Harold, votre boutique mode homme, \u00e0 Paris.\u00a0<\/p>\n","protected":false},"excerpt":{"rendered":"<p>Avec le pull Mora LS Knit Structure Crew Neck de la marque Selected, vous optez pour un mod\u00e8le de pull col rond en 100% coton qui se d\u00e9marque par sa l\u00e9g\u00e8ret\u00e9 et sa texture. Sa\u00a0coupe ajust\u00e9 permet au pull col roul\u00e9 Mora LS Knit Structure Crew Neck de s&#8217;associer sans probl\u00e8mes \u00e0 tout type de [&hellip;]<\/p>\n","protected":false},"featured_media":972285,"comment_status":"open","ping_status":"closed","template":"","meta":[],"product_brand":[],"product_cat":[1756,1758],"product_tag":[2244],"acf":[],"_links":{"self":[{"href":"https:\/\/streetmarkets.fr\/app\/wp-json\/wp\/v2\/product\/972284"}],"collection":[{"href":"https:\/\/streetmarkets.fr\/app\/wp-json\/wp\/v2\/product"}],"about":[{"href":"https:\/\/streetmarkets.fr\/app\/wp-json\/wp\/v2\/types\/product"}],"replies":[{"embeddable":true,"href":"https:\/\/streetmarkets.fr\/app\/wp-json\/wp\/v2\/comments?post=972284"}],"wp:featuredmedia":[{"embeddable":true,"href":"https:\/\/streetmarkets.fr\/app\/wp-json\/wp\/v2\/media\/972285"}],"wp:attachment":[{"href":"https:\/\/streetmarkets.fr\/app\/wp-json\/wp\/v2\/media?parent=972284"}],"wp:term":[{"taxonomy":"product_brand","embeddable":true,"href":"https:\/\/streetmarkets.fr\/app\/wp-json\/wp\/v2\/product_brand?post=972284"},{"taxonomy":"product_cat","embeddable":true,"href":"https:\/\/streetmarkets.fr\/app\/wp-json\/wp\/v2\/product_cat?post=972284"},{"taxonomy":"product_tag","embeddable":true,"href":"https:\/\/streetmarkets.fr\/app\/wp-json\/wp\/v2\/product_tag?post=972284"}],"curies":[{"name":"wp","href":"https:\/\/api.w.org\/{rel}","templated":true}]}}