{"id":972267,"date":"2024-12-12T05:46:23","date_gmt":"2024-12-12T04:46:23","guid":{"rendered":"https:\/\/streetmarkets.fr\/app\/produit\/mora-ls-knit-structure-roll-neck\/"},"modified":"2026-03-16T05:43:55","modified_gmt":"2026-03-16T04:43:55","slug":"mora-ls-knit-structure-roll-neck","status":"publish","type":"product","link":"https:\/\/streetmarkets.fr\/app\/produit\/mora-ls-knit-structure-roll-neck\/","title":{"rendered":"Mora LS Knit Structure Roll Neck"},"content":{"rendered":"<p>D\u00e9couvrez le pull <strong>Mora LS Knit Structure Roll Neck <\/strong>de la marque <strong>Selected<\/strong>. Ce mod\u00e8le col roul\u00e9 classique en <strong>100% coton <\/strong>se d\u00e9marque par sa texture unique.<\/p>\n<p>Gr\u00e2ce \u00e0 sa <strong>coupe ajust\u00e9<\/strong>, ce pull col roul\u00e9 Mora LS Knit Structure Roll Neck se marrie parfaitement avec toutes vos tenues automnales et hivernales. Associez-le \u00e0 un jean et des baskets pour un <strong>look casual<\/strong> lors de vos sorties entre amis, ou bien avec un chino et des chaussures en cuir pour une tenue ad\u00e9quat afin de vous rendre au travail.<\/p>\n<p>Le pull <strong>Mora LS Knit Structure Roll Neck<\/strong> est disponible en 3 coloris dans votre boutique de Pr\u00eat-\u00e0-porter pour homme <strong>Harold<\/strong>, au c\u0153ur du marais.\u00a0<\/p>\n","protected":false},"excerpt":{"rendered":"<p>D\u00e9couvrez le pull Mora LS Knit Structure Roll Neck de la marque Selected. Ce mod\u00e8le col roul\u00e9 classique en 100% coton se d\u00e9marque par sa texture unique. Gr\u00e2ce \u00e0 sa coupe ajust\u00e9, ce pull col roul\u00e9 Mora LS Knit Structure Roll Neck se marrie parfaitement avec toutes vos tenues automnales et hivernales. Associez-le \u00e0 un [&hellip;]<\/p>\n","protected":false},"featured_media":972268,"comment_status":"open","ping_status":"closed","template":"","meta":[],"product_brand":[],"product_cat":[1756,1758],"product_tag":[2244],"acf":[],"_links":{"self":[{"href":"https:\/\/streetmarkets.fr\/app\/wp-json\/wp\/v2\/product\/972267"}],"collection":[{"href":"https:\/\/streetmarkets.fr\/app\/wp-json\/wp\/v2\/product"}],"about":[{"href":"https:\/\/streetmarkets.fr\/app\/wp-json\/wp\/v2\/types\/product"}],"replies":[{"embeddable":true,"href":"https:\/\/streetmarkets.fr\/app\/wp-json\/wp\/v2\/comments?post=972267"}],"wp:featuredmedia":[{"embeddable":true,"href":"https:\/\/streetmarkets.fr\/app\/wp-json\/wp\/v2\/media\/972268"}],"wp:attachment":[{"href":"https:\/\/streetmarkets.fr\/app\/wp-json\/wp\/v2\/media?parent=972267"}],"wp:term":[{"taxonomy":"product_brand","embeddable":true,"href":"https:\/\/streetmarkets.fr\/app\/wp-json\/wp\/v2\/product_brand?post=972267"},{"taxonomy":"product_cat","embeddable":true,"href":"https:\/\/streetmarkets.fr\/app\/wp-json\/wp\/v2\/product_cat?post=972267"},{"taxonomy":"product_tag","embeddable":true,"href":"https:\/\/streetmarkets.fr\/app\/wp-json\/wp\/v2\/product_tag?post=972267"}],"curies":[{"name":"wp","href":"https:\/\/api.w.org\/{rel}","templated":true}]}}