{"id":966451,"date":"2024-12-11T04:22:20","date_gmt":"2024-12-11T03:22:20","guid":{"rendered":"https:\/\/streetmarkets.fr\/app\/produit\/porte-monnaie-cuir\/"},"modified":"2026-05-10T05:21:14","modified_gmt":"2026-05-10T03:21:14","slug":"porte-monnaie-cuir","status":"publish","type":"product","link":"https:\/\/streetmarkets.fr\/app\/produit\/porte-monnaie-cuir\/","title":{"rendered":"Porte monnaie CUIR"},"content":{"rendered":"<p>Porte monnaie en cuir iris\u00e9 imprim\u00e9 panth\u00e8re .<br \/>\n32<\/p>\n<p>Grand format : 15cm x 9cm<\/p>\n","protected":false},"excerpt":{"rendered":"<p>Porte monnaie en cuir iris\u00e9 imprim\u00e9 panth\u00e8re . 32 Grand format : 15cm x 9cm<\/p>\n","protected":false},"featured_media":966452,"comment_status":"open","ping_status":"closed","template":"","meta":[],"product_brand":[1310],"product_cat":[1756,1764],"product_tag":[1813],"acf":[],"_links":{"self":[{"href":"https:\/\/streetmarkets.fr\/app\/wp-json\/wp\/v2\/product\/966451"}],"collection":[{"href":"https:\/\/streetmarkets.fr\/app\/wp-json\/wp\/v2\/product"}],"about":[{"href":"https:\/\/streetmarkets.fr\/app\/wp-json\/wp\/v2\/types\/product"}],"replies":[{"embeddable":true,"href":"https:\/\/streetmarkets.fr\/app\/wp-json\/wp\/v2\/comments?post=966451"}],"wp:featuredmedia":[{"embeddable":true,"href":"https:\/\/streetmarkets.fr\/app\/wp-json\/wp\/v2\/media\/966452"}],"wp:attachment":[{"href":"https:\/\/streetmarkets.fr\/app\/wp-json\/wp\/v2\/media?parent=966451"}],"wp:term":[{"taxonomy":"product_brand","embeddable":true,"href":"https:\/\/streetmarkets.fr\/app\/wp-json\/wp\/v2\/product_brand?post=966451"},{"taxonomy":"product_cat","embeddable":true,"href":"https:\/\/streetmarkets.fr\/app\/wp-json\/wp\/v2\/product_cat?post=966451"},{"taxonomy":"product_tag","embeddable":true,"href":"https:\/\/streetmarkets.fr\/app\/wp-json\/wp\/v2\/product_tag?post=966451"}],"curies":[{"name":"wp","href":"https:\/\/api.w.org\/{rel}","templated":true}]}}