{"id":961110,"date":"2024-12-11T01:05:21","date_gmt":"2024-12-11T00:05:21","guid":{"rendered":"https:\/\/streetmarkets.fr\/app\/produit\/nouveau-xirena-short-shayne-heather-grey\/"},"modified":"2025-06-30T02:04:56","modified_gmt":"2025-06-30T00:04:56","slug":"nouveau-xirena-short-shayne-heather-grey","status":"publish","type":"product","link":"https:\/\/streetmarkets.fr\/app\/produit\/nouveau-xirena-short-shayne-heather-grey\/","title":{"rendered":"Nouveau ! XIRENA Short Shayne Heather Grey -50%"},"content":{"rendered":"<p class=\"\" data-rte-preserve-empty=\"true\">Short tout mignon en coton, coupe ample et confortable, taille \u00e9lastique, deux poches lat\u00e9rales. \u00c0 coordonner avec le sweat Romeo.<\/p>\n<p class=\"\" data-rte-preserve-empty=\"true\">\n<p class=\"\" data-rte-preserve-empty=\"true\">D\u00e9tail : 100% coton<\/p>\n","protected":false},"excerpt":{"rendered":"<p>Short tout mignon en coton, coupe ample et confortable, taille \u00e9lastique, deux poches lat\u00e9rales. \u00c0 coordonner avec le sweat Romeo. D\u00e9tail : 100% coton<\/p>\n","protected":false},"featured_media":961111,"comment_status":"open","ping_status":"closed","template":"","meta":[],"product_brand":[],"product_cat":[1756,1762],"product_tag":[2244],"acf":[],"_links":{"self":[{"href":"https:\/\/streetmarkets.fr\/app\/wp-json\/wp\/v2\/product\/961110"}],"collection":[{"href":"https:\/\/streetmarkets.fr\/app\/wp-json\/wp\/v2\/product"}],"about":[{"href":"https:\/\/streetmarkets.fr\/app\/wp-json\/wp\/v2\/types\/product"}],"replies":[{"embeddable":true,"href":"https:\/\/streetmarkets.fr\/app\/wp-json\/wp\/v2\/comments?post=961110"}],"wp:featuredmedia":[{"embeddable":true,"href":"https:\/\/streetmarkets.fr\/app\/wp-json\/wp\/v2\/media\/961111"}],"wp:attachment":[{"href":"https:\/\/streetmarkets.fr\/app\/wp-json\/wp\/v2\/media?parent=961110"}],"wp:term":[{"taxonomy":"product_brand","embeddable":true,"href":"https:\/\/streetmarkets.fr\/app\/wp-json\/wp\/v2\/product_brand?post=961110"},{"taxonomy":"product_cat","embeddable":true,"href":"https:\/\/streetmarkets.fr\/app\/wp-json\/wp\/v2\/product_cat?post=961110"},{"taxonomy":"product_tag","embeddable":true,"href":"https:\/\/streetmarkets.fr\/app\/wp-json\/wp\/v2\/product_tag?post=961110"}],"curies":[{"name":"wp","href":"https:\/\/api.w.org\/{rel}","templated":true}]}}