{"id":955550,"date":"2024-12-09T04:21:48","date_gmt":"2024-12-09T03:21:48","guid":{"rendered":"https:\/\/streetmarkets.fr\/app\/produit\/jupe-star\/"},"modified":"2026-04-21T05:21:43","modified_gmt":"2026-04-21T03:21:43","slug":"jupe-star","status":"publish","type":"product","link":"https:\/\/streetmarkets.fr\/app\/produit\/jupe-star\/","title":{"rendered":"Jupe STAR"},"content":{"rendered":"<p>Jupe en lainage marine tr\u00e8s fonc\u00e9 presque noir.<br \/>\nFinition dor\u00e9es \u00e0 la ceinture et les poches.<br \/>\nLongueur sous genoux,<br \/>\nMod\u00e8le doubl\u00e9. <\/p>\n<p>Prix: 188\u20ac -50%= 94 \u20ac<\/p>\n","protected":false},"excerpt":{"rendered":"<p>Jupe en lainage marine tr\u00e8s fonc\u00e9 presque noir. Finition dor\u00e9es \u00e0 la ceinture et les poches. Longueur sous genoux, Mod\u00e8le doubl\u00e9. Prix: 188\u20ac -50%= 94 \u20ac<\/p>\n","protected":false},"featured_media":955551,"comment_status":"open","ping_status":"closed","template":"","meta":[],"product_brand":[1310],"product_cat":[1756,1762],"product_tag":[1813],"acf":[],"_links":{"self":[{"href":"https:\/\/streetmarkets.fr\/app\/wp-json\/wp\/v2\/product\/955550"}],"collection":[{"href":"https:\/\/streetmarkets.fr\/app\/wp-json\/wp\/v2\/product"}],"about":[{"href":"https:\/\/streetmarkets.fr\/app\/wp-json\/wp\/v2\/types\/product"}],"replies":[{"embeddable":true,"href":"https:\/\/streetmarkets.fr\/app\/wp-json\/wp\/v2\/comments?post=955550"}],"wp:featuredmedia":[{"embeddable":true,"href":"https:\/\/streetmarkets.fr\/app\/wp-json\/wp\/v2\/media\/955551"}],"wp:attachment":[{"href":"https:\/\/streetmarkets.fr\/app\/wp-json\/wp\/v2\/media?parent=955550"}],"wp:term":[{"taxonomy":"product_brand","embeddable":true,"href":"https:\/\/streetmarkets.fr\/app\/wp-json\/wp\/v2\/product_brand?post=955550"},{"taxonomy":"product_cat","embeddable":true,"href":"https:\/\/streetmarkets.fr\/app\/wp-json\/wp\/v2\/product_cat?post=955550"},{"taxonomy":"product_tag","embeddable":true,"href":"https:\/\/streetmarkets.fr\/app\/wp-json\/wp\/v2\/product_tag?post=955550"}],"curies":[{"name":"wp","href":"https:\/\/api.w.org\/{rel}","templated":true}]}}