{"id":945397,"date":"2024-12-08T01:11:51","date_gmt":"2024-12-08T00:11:51","guid":{"rendered":"https:\/\/streetmarkets.fr\/app\/produit\/foulard-regular-bicolore-h24-accessoires-navy\/"},"modified":"2025-10-02T02:02:38","modified_gmt":"2025-10-02T00:02:38","slug":"foulard-regular-bicolore-h24-accessoires-navy","status":"publish","type":"product","link":"https:\/\/streetmarkets.fr\/app\/produit\/foulard-regular-bicolore-h24-accessoires-navy\/","title":{"rendered":"Foulard Regular Bicolore (H24 \/ ACCESSOIRES \/ Navy)"},"content":{"rendered":"<p><span>L&#8217;accessoire incontournable de l&#8217;hiver est l\u00e0. Parfait pour sublimer votre look, notre foulard en 100% cachemire allie \u00e9l\u00e9gance et confort. Confectionn\u00e9 dans une maille 2 fils d&#8217;une douceur incomparable, sa broderie FROM FUTURE et son tricotage unique cr\u00e9e de subtiles variations de couleurs navy et ecru, ajoutant une note d&#8217;audace intemporelle \u00e0 votre style.<\/span><\/p>\n","protected":false},"excerpt":{"rendered":"<p>L&#8217;accessoire incontournable de l&#8217;hiver est l\u00e0. Parfait pour sublimer votre look, notre foulard en 100% cachemire allie \u00e9l\u00e9gance et confort. Confectionn\u00e9 dans une maille 2 fils d&#8217;une douceur incomparable, sa broderie FROM FUTURE et son tricotage unique cr\u00e9e de subtiles variations de couleurs navy et ecru, ajoutant une note d&#8217;audace intemporelle \u00e0 votre style.<\/p>\n","protected":false},"featured_media":945398,"comment_status":"open","ping_status":"closed","template":"","meta":[],"product_brand":[6868],"product_cat":[1756,1764],"product_tag":[2244],"acf":[],"_links":{"self":[{"href":"https:\/\/streetmarkets.fr\/app\/wp-json\/wp\/v2\/product\/945397"}],"collection":[{"href":"https:\/\/streetmarkets.fr\/app\/wp-json\/wp\/v2\/product"}],"about":[{"href":"https:\/\/streetmarkets.fr\/app\/wp-json\/wp\/v2\/types\/product"}],"replies":[{"embeddable":true,"href":"https:\/\/streetmarkets.fr\/app\/wp-json\/wp\/v2\/comments?post=945397"}],"wp:featuredmedia":[{"embeddable":true,"href":"https:\/\/streetmarkets.fr\/app\/wp-json\/wp\/v2\/media\/945398"}],"wp:attachment":[{"href":"https:\/\/streetmarkets.fr\/app\/wp-json\/wp\/v2\/media?parent=945397"}],"wp:term":[{"taxonomy":"product_brand","embeddable":true,"href":"https:\/\/streetmarkets.fr\/app\/wp-json\/wp\/v2\/product_brand?post=945397"},{"taxonomy":"product_cat","embeddable":true,"href":"https:\/\/streetmarkets.fr\/app\/wp-json\/wp\/v2\/product_cat?post=945397"},{"taxonomy":"product_tag","embeddable":true,"href":"https:\/\/streetmarkets.fr\/app\/wp-json\/wp\/v2\/product_tag?post=945397"}],"curies":[{"name":"wp","href":"https:\/\/api.w.org\/{rel}","templated":true}]}}