{"id":939942,"date":"2024-12-07T01:06:39","date_gmt":"2024-12-07T00:06:39","guid":{"rendered":"https:\/\/streetmarkets.fr\/app\/produit\/nouveau-xirena-blouse-gillian-north-star-navy\/"},"modified":"2025-06-30T02:04:56","modified_gmt":"2025-06-30T00:04:56","slug":"nouveau-xirena-blouse-gillian-north-star-navy","status":"publish","type":"product","link":"https:\/\/streetmarkets.fr\/app\/produit\/nouveau-xirena-blouse-gillian-north-star-navy\/","title":{"rendered":"Nouveau ! XIRENA Blouse Gillian North Star Navy"},"content":{"rendered":"<p class=\"\" data-rte-preserve-empty=\"true\">Blouse en coton coupe ample et droite, manches longues, poignets resserr\u00e9s et boutonn\u00e9s. Volants sur le col, les poignets et la patte de boutonnage. \u00c9galement disponible dans les couleurs  White et Dusty Rose.<\/p>\n<p class=\"\" data-rte-preserve-empty=\"true\">\n<p class=\"\" data-rte-preserve-empty=\"true\">D\u00e9tail : 100% coton<\/p>\n","protected":false},"excerpt":{"rendered":"<p>Blouse en coton coupe ample et droite, manches longues, poignets resserr\u00e9s et boutonn\u00e9s. Volants sur le col, les poignets et la patte de boutonnage. \u00c9galement disponible dans les couleurs White et Dusty Rose. D\u00e9tail : 100% coton<\/p>\n","protected":false},"featured_media":939943,"comment_status":"open","ping_status":"closed","template":"","meta":[],"product_brand":[],"product_cat":[1756,1762],"product_tag":[2244],"acf":[],"_links":{"self":[{"href":"https:\/\/streetmarkets.fr\/app\/wp-json\/wp\/v2\/product\/939942"}],"collection":[{"href":"https:\/\/streetmarkets.fr\/app\/wp-json\/wp\/v2\/product"}],"about":[{"href":"https:\/\/streetmarkets.fr\/app\/wp-json\/wp\/v2\/types\/product"}],"replies":[{"embeddable":true,"href":"https:\/\/streetmarkets.fr\/app\/wp-json\/wp\/v2\/comments?post=939942"}],"wp:featuredmedia":[{"embeddable":true,"href":"https:\/\/streetmarkets.fr\/app\/wp-json\/wp\/v2\/media\/939943"}],"wp:attachment":[{"href":"https:\/\/streetmarkets.fr\/app\/wp-json\/wp\/v2\/media?parent=939942"}],"wp:term":[{"taxonomy":"product_brand","embeddable":true,"href":"https:\/\/streetmarkets.fr\/app\/wp-json\/wp\/v2\/product_brand?post=939942"},{"taxonomy":"product_cat","embeddable":true,"href":"https:\/\/streetmarkets.fr\/app\/wp-json\/wp\/v2\/product_cat?post=939942"},{"taxonomy":"product_tag","embeddable":true,"href":"https:\/\/streetmarkets.fr\/app\/wp-json\/wp\/v2\/product_tag?post=939942"}],"curies":[{"name":"wp","href":"https:\/\/api.w.org\/{rel}","templated":true}]}}