{"id":939895,"date":"2024-12-07T01:06:04","date_gmt":"2024-12-07T00:06:04","guid":{"rendered":"https:\/\/streetmarkets.fr\/app\/produit\/nouveau-xirena-robe-boden-north-star\/"},"modified":"2026-03-18T00:59:39","modified_gmt":"2026-03-17T23:59:39","slug":"nouveau-xirena-robe-boden-north-star","status":"publish","type":"product","link":"https:\/\/streetmarkets.fr\/app\/produit\/nouveau-xirena-robe-boden-north-star\/","title":{"rendered":"XIRENA Robe Boden North Star -40%"},"content":{"rendered":"<p class=\"\" data-rte-preserve-empty=\"true\">Robe longue en coton, coupe ample, col en V, boutonn\u00e9e sur toute la hauteur, deux poches lat\u00e9rales, \u00e9l\u00e9gante et confortable, c\u2019est le m\u00eame coton que la chemise Scout.<\/p>\n<p class=\"\" data-rte-preserve-empty=\"true\">\n<p class=\"\" data-rte-preserve-empty=\"true\">D\u00e9tail : 100% coton<\/p>\n","protected":false},"excerpt":{"rendered":"<p>Robe longue en coton, coupe ample, col en V, boutonn\u00e9e sur toute la hauteur, deux poches lat\u00e9rales, \u00e9l\u00e9gante et confortable, c\u2019est le m\u00eame coton que la chemise Scout. D\u00e9tail : 100% coton<\/p>\n","protected":false},"featured_media":939896,"comment_status":"open","ping_status":"closed","template":"","meta":[],"product_brand":[],"product_cat":[1756,1762],"product_tag":[2244],"acf":[],"_links":{"self":[{"href":"https:\/\/streetmarkets.fr\/app\/wp-json\/wp\/v2\/product\/939895"}],"collection":[{"href":"https:\/\/streetmarkets.fr\/app\/wp-json\/wp\/v2\/product"}],"about":[{"href":"https:\/\/streetmarkets.fr\/app\/wp-json\/wp\/v2\/types\/product"}],"replies":[{"embeddable":true,"href":"https:\/\/streetmarkets.fr\/app\/wp-json\/wp\/v2\/comments?post=939895"}],"wp:featuredmedia":[{"embeddable":true,"href":"https:\/\/streetmarkets.fr\/app\/wp-json\/wp\/v2\/media\/939896"}],"wp:attachment":[{"href":"https:\/\/streetmarkets.fr\/app\/wp-json\/wp\/v2\/media?parent=939895"}],"wp:term":[{"taxonomy":"product_brand","embeddable":true,"href":"https:\/\/streetmarkets.fr\/app\/wp-json\/wp\/v2\/product_brand?post=939895"},{"taxonomy":"product_cat","embeddable":true,"href":"https:\/\/streetmarkets.fr\/app\/wp-json\/wp\/v2\/product_cat?post=939895"},{"taxonomy":"product_tag","embeddable":true,"href":"https:\/\/streetmarkets.fr\/app\/wp-json\/wp\/v2\/product_tag?post=939895"}],"curies":[{"name":"wp","href":"https:\/\/api.w.org\/{rel}","templated":true}]}}