{"id":939860,"date":"2024-12-07T01:02:37","date_gmt":"2024-12-07T00:02:37","guid":{"rendered":"https:\/\/streetmarkets.fr\/app\/produit\/porte-cles-corde-descalade-upcyclee-la-vie-est-belt\/"},"modified":"2026-05-09T02:01:21","modified_gmt":"2026-05-09T00:01:21","slug":"porte-cles-corde-descalade-upcyclee-la-vie-est-belt","status":"publish","type":"product","link":"https:\/\/streetmarkets.fr\/app\/produit\/porte-cles-corde-descalade-upcyclee-la-vie-est-belt\/","title":{"rendered":"Porte-cl\u00e9s corde d&#8217;escalade upcycl\u00e9e &#8211; La Vie est Belt"},"content":{"rendered":"<h2 data-mce-fragment=\"1\">\n<span data-mce-fragment=\"1\"><\/span>Porte-cl\u00e9s corde d&#8217;escalade upcycl\u00e9e &#8211; La Vie est Belt<br \/>\n<\/h2>\n<p><img decoding=\"async\" src=\"https:\/\/cdn.shopify.com\/s\/files\/1\/0593\/7093\/0335\/files\/la-vie-est-belt-logo_480x480.jpg?v=1677944759\" alt=\"\"><img decoding=\"async\" data-mce-fragment=\"1\" alt=\"\" src=\"https:\/\/cdn.shopify.com\/s\/files\/1\/0593\/7093\/0335\/files\/Picto_Mode_Textile_480x480.jpg?v=1677763747\" data-mce-src=\"https:\/\/cdn.shopify.com\/s\/files\/1\/0593\/7093\/0335\/files\/Picto_Mode_Textile_480x480.jpg?v=1677763747\"><img decoding=\"async\" data-mce-fragment=\"1\" alt=\"\" src=\"https:\/\/cdn.shopify.com\/s\/files\/1\/0593\/7093\/0335\/files\/Picto_Made_in_France_480x480.jpg?v=1677763747\" data-mce-src=\"https:\/\/cdn.shopify.com\/s\/files\/1\/0593\/7093\/0335\/files\/Picto_Made_in_France_480x480.jpg?v=1677763747\"><img decoding=\"async\" data-mce-fragment=\"1\" alt=\"\" src=\"https:\/\/cdn.shopify.com\/s\/files\/1\/0593\/7093\/0335\/files\/Picto_Matieres_recyclees_480x480.jpg?v=1677763747\" data-mce-src=\"https:\/\/cdn.shopify.com\/s\/files\/1\/0593\/7093\/0335\/files\/Picto_Matieres_recyclees_480x480.jpg?v=1677763747\"><img decoding=\"async\" data-mce-fragment=\"1\" alt=\"\" src=\"https:\/\/cdn.shopify.com\/s\/files\/1\/0593\/7093\/0335\/files\/Picto_Vegan_480x480.jpg?v=1677763747\" data-mce-src=\"https:\/\/cdn.shopify.com\/s\/files\/1\/0593\/7093\/0335\/files\/Picto_Vegan_480x480.jpg?v=1677763747\"><\/p>\n<p><strong>Un porte-cl\u00e9s unique et engag\u00e9<\/strong><br \/>Fabriqu\u00e9 \u00e0 partir de chutes de cordes d\u2019escalade inutilisables, ce porte-cl\u00e9s allie durabilit\u00e9 et style. Plut\u00f4t que de finir en d\u00e9chetterie, ces cordes trouvent une nouvelle vie accroch\u00e9es \u00e0 vos cl\u00e9s, gr\u00e2ce au savoir-faire artisanal de La Vie est Belt.<\/p>\n<ul>\n<li>\n<strong>Upcycling ing\u00e9nieux<\/strong> : Chaque porte-cl\u00e9s est con\u00e7u \u00e0 partir de rebuts de production, pour r\u00e9duire les d\u00e9chets et prolonger la vie des mat\u00e9riaux.<\/li>\n<li>\n<strong>Fabrication artisanale<\/strong> : R\u00e9alis\u00e9 dans l\u2019atelier solidaire <em>La Belterie<\/em> \u00e0 Roubaix, par Faustine et Aur\u00e9lie.<\/li>\n<li>\n<strong>Pi\u00e8ce unique<\/strong> : Chaque mod\u00e8le est diff\u00e9rent en largeur, couleur et motif, rendant votre porte-cl\u00e9s v\u00e9ritablement exclusif.<\/li>\n<\/ul>\n<h3 data-mce-fragment=\"1\"><span data-mce-fragment=\"1\">LA VIE EST BELT<\/span><\/h3>\n<p data-mce-fragment=\"1\"><span>Hubert le cr\u00e9ateur de La Vie est Belt est parti d&#8217;un constat : 10 millions de pneus de v\u00e9lo sont br\u00fbl\u00e9s chaque ann\u00e9e en Europe, il d\u00e9cide alors de revaloriser ces pneus.\u00a0<\/span><\/p>\n<p data-mce-fragment=\"1\"><span>Engag\u00e9e pour l&#8217;\u00e9conomie circulaire,\u00a0La Vie est Belt con\u00e7oit des accessoires \u00e9co-responsables en mati\u00e8res upcycl\u00e9s, fabriqu\u00e9 en France dans des ateliers solidaires du nord de la France.<\/span><\/p>\n<h3 data-mce-fragment=\"1\"><span data-mce-fragment=\"1\">INFORMATIONS<\/span><\/h3>\n<p data-mce-fragment=\"1\">Composition : 100% corde d&#8217;escale upcycl\u00e9e <br \/>Origine : Roubaix, France<\/p>\n","protected":false},"excerpt":{"rendered":"<p>Porte-cl\u00e9s corde d&#8217;escalade upcycl\u00e9e &#8211; La Vie est Belt Un porte-cl\u00e9s unique et engag\u00e9Fabriqu\u00e9 \u00e0 partir de chutes de cordes d\u2019escalade inutilisables, ce porte-cl\u00e9s allie durabilit\u00e9 et style. Plut\u00f4t que de finir en d\u00e9chetterie, ces cordes trouvent une nouvelle vie accroch\u00e9es \u00e0 vos cl\u00e9s, gr\u00e2ce au savoir-faire artisanal de La Vie est Belt. Upcycling ing\u00e9nieux [&hellip;]<\/p>\n","protected":false},"featured_media":939861,"comment_status":"open","ping_status":"closed","template":"","meta":[],"product_brand":[],"product_cat":[1756],"product_tag":[1810,1813],"acf":[],"_links":{"self":[{"href":"https:\/\/streetmarkets.fr\/app\/wp-json\/wp\/v2\/product\/939860"}],"collection":[{"href":"https:\/\/streetmarkets.fr\/app\/wp-json\/wp\/v2\/product"}],"about":[{"href":"https:\/\/streetmarkets.fr\/app\/wp-json\/wp\/v2\/types\/product"}],"replies":[{"embeddable":true,"href":"https:\/\/streetmarkets.fr\/app\/wp-json\/wp\/v2\/comments?post=939860"}],"wp:featuredmedia":[{"embeddable":true,"href":"https:\/\/streetmarkets.fr\/app\/wp-json\/wp\/v2\/media\/939861"}],"wp:attachment":[{"href":"https:\/\/streetmarkets.fr\/app\/wp-json\/wp\/v2\/media?parent=939860"}],"wp:term":[{"taxonomy":"product_brand","embeddable":true,"href":"https:\/\/streetmarkets.fr\/app\/wp-json\/wp\/v2\/product_brand?post=939860"},{"taxonomy":"product_cat","embeddable":true,"href":"https:\/\/streetmarkets.fr\/app\/wp-json\/wp\/v2\/product_cat?post=939860"},{"taxonomy":"product_tag","embeddable":true,"href":"https:\/\/streetmarkets.fr\/app\/wp-json\/wp\/v2\/product_tag?post=939860"}],"curies":[{"name":"wp","href":"https:\/\/api.w.org\/{rel}","templated":true}]}}