{"id":939830,"date":"2024-12-07T00:49:30","date_gmt":"2024-12-06T23:49:30","guid":{"rendered":"https:\/\/streetmarkets.fr\/app\/produit\/foulard-kantha-en-soie-brodee-autres-coloris-disponibles\/"},"modified":"2026-05-11T01:43:52","modified_gmt":"2026-05-10T23:43:52","slug":"foulard-kantha-en-soie-brodee-autres-coloris-disponibles","status":"publish","type":"product","link":"https:\/\/streetmarkets.fr\/app\/produit\/foulard-kantha-en-soie-brodee-autres-coloris-disponibles\/","title":{"rendered":"Foulard Kantha en soie brod\u00e9e (autres coloris disponibles)"},"content":{"rendered":"<ul data-mce-fragment=\"1\">\n<li data-mce-fragment=\"1\">foulard en<strong data-mce-fragment=\"1\"><span data-mce-fragment=\"1\">\u00a0<\/span>soie\u00a0<\/strong>\n<\/li>\n<li data-mce-fragment=\"1\"><strong data-mce-fragment=\"1\">DIFF\u00c9RENTS COLORIS SONT <span>DISPONIBLES<\/span>\u00a0<\/strong><\/li>\n<li data-mce-fragment=\"1\"><strong data-mce-fragment=\"1\">MERCI DE ME CONTACTER <span>lesouriremulticolore@free.fr<\/span> POUR OBTENIR DES PHOTOS ET FAIRE VOTRE CHOIX<\/strong><\/li>\n<li data-mce-fragment=\"1\">chaque mod\u00e8le est unique\u00a0<\/li>\n<li data-mce-fragment=\"1\">\n<strong data-mce-fragment=\"1\">upcycling<\/strong><span data-mce-fragment=\"1\">\u00a0<\/span>: ce foulard est r\u00e9alis\u00e9 \u00e0 partir de<span data-mce-fragment=\"1\">\u00a0<\/span><strong data-mce-fragment=\"1\">saris recycl\u00e9s<\/strong>\n<\/li>\n<li data-mce-fragment=\"1\">deux saris sont assembl\u00e9s selon la technique ancestrale de broderie du Bengale appel\u00e9e &#8220;<strong data-mce-fragment=\"1\">Kantha<\/strong>&#8221;\u00a0<\/li>\n<li data-mce-fragment=\"1\">\n<strong>deux<\/strong> foulards en un :<strong> recto<\/strong> et <strong>verso<\/strong> diff\u00e9rents\u00a0<\/li>\n<li data-mce-fragment=\"1\">r\u00e9alis\u00e9 par des couturi\u00e8res de l&#8217;atelier Craft Resource Center en Inde labellis\u00e9<span data-mce-fragment=\"1\">\u00a0<\/span><strong data-mce-fragment=\"1\">WFTO<\/strong><span data-mce-fragment=\"1\">\u00a0<\/span>(World<span data-mce-fragment=\"1\">\u00a0<\/span><strong data-mce-fragment=\"1\">Fairtrade<\/strong><span data-mce-fragment=\"1\">\u00a0<\/span>Organization) pour<span data-mce-fragment=\"1\">\u00a0<\/span><strong data-mce-fragment=\"1\">Shared Earth<\/strong>\n<\/li>\n<li data-mce-fragment=\"1\"><strong data-mce-fragment=\"1\">commerce \u00e9quitable<\/strong><\/li>\n<li data-mce-fragment=\"1\">id\u00e9e<strong data-mce-fragment=\"1\"><span data-mce-fragment=\"1\">\u00a0<\/span>cadeau<\/strong>\n<\/li>\n<\/ul>\n","protected":false},"excerpt":{"rendered":"<p>foulard en\u00a0soie\u00a0 DIFF\u00c9RENTS COLORIS SONT DISPONIBLES\u00a0 MERCI DE ME CONTACTER lesouriremulticolore@free.fr POUR OBTENIR DES PHOTOS ET FAIRE VOTRE CHOIX chaque mod\u00e8le est unique\u00a0 upcycling\u00a0: ce foulard est r\u00e9alis\u00e9 \u00e0 partir de\u00a0saris recycl\u00e9s deux saris sont assembl\u00e9s selon la technique ancestrale de broderie du Bengale appel\u00e9e &#8220;Kantha&#8221;\u00a0 deux foulards en un : recto et verso diff\u00e9rents\u00a0 [&hellip;]<\/p>\n","protected":false},"featured_media":939831,"comment_status":"open","ping_status":"closed","template":"","meta":[],"product_brand":[],"product_cat":[1756,1764],"product_tag":[1810,1813],"acf":[],"_links":{"self":[{"href":"https:\/\/streetmarkets.fr\/app\/wp-json\/wp\/v2\/product\/939830"}],"collection":[{"href":"https:\/\/streetmarkets.fr\/app\/wp-json\/wp\/v2\/product"}],"about":[{"href":"https:\/\/streetmarkets.fr\/app\/wp-json\/wp\/v2\/types\/product"}],"replies":[{"embeddable":true,"href":"https:\/\/streetmarkets.fr\/app\/wp-json\/wp\/v2\/comments?post=939830"}],"wp:featuredmedia":[{"embeddable":true,"href":"https:\/\/streetmarkets.fr\/app\/wp-json\/wp\/v2\/media\/939831"}],"wp:attachment":[{"href":"https:\/\/streetmarkets.fr\/app\/wp-json\/wp\/v2\/media?parent=939830"}],"wp:term":[{"taxonomy":"product_brand","embeddable":true,"href":"https:\/\/streetmarkets.fr\/app\/wp-json\/wp\/v2\/product_brand?post=939830"},{"taxonomy":"product_cat","embeddable":true,"href":"https:\/\/streetmarkets.fr\/app\/wp-json\/wp\/v2\/product_cat?post=939830"},{"taxonomy":"product_tag","embeddable":true,"href":"https:\/\/streetmarkets.fr\/app\/wp-json\/wp\/v2\/product_tag?post=939830"}],"curies":[{"name":"wp","href":"https:\/\/api.w.org\/{rel}","templated":true}]}}