{"id":939810,"date":"2024-12-07T00:38:51","date_gmt":"2024-12-06T23:38:51","guid":{"rendered":"https:\/\/streetmarkets.fr\/app\/produit\/bandeau-nana-beige\/"},"modified":"2025-03-24T00:38:31","modified_gmt":"2025-03-23T23:38:31","slug":"bandeau-nana-beige","status":"publish","type":"product","link":"https:\/\/streetmarkets.fr\/app\/produit\/bandeau-nana-beige\/","title":{"rendered":"Bandeau Nana Beige"},"content":{"rendered":"<p><span>&#8211; Bandeau tricot\u00e9 en maille<\/span><br \/><span>&#8211; Couleur unie<\/span><br \/><span>&#8211; D\u00e9tail de noeud au centre<\/span><br \/><span>&#8211; Taille unique<\/span><\/p>\n<p><span><strong>Composition :<\/strong> 36% Acrylique 27% Polyester 20% Nylon 15% Laine 2% \u00e9lasthanne<\/span><\/p>\n","protected":false},"excerpt":{"rendered":"<p>&#8211; Bandeau tricot\u00e9 en maille&#8211; Couleur unie&#8211; D\u00e9tail de noeud au centre&#8211; Taille unique Composition : 36% Acrylique 27% Polyester 20% Nylon 15% Laine 2% \u00e9lasthanne<\/p>\n","protected":false},"featured_media":939811,"comment_status":"open","ping_status":"closed","template":"","meta":[],"product_brand":[],"product_cat":[1756,1764],"product_tag":[1810],"acf":[],"_links":{"self":[{"href":"https:\/\/streetmarkets.fr\/app\/wp-json\/wp\/v2\/product\/939810"}],"collection":[{"href":"https:\/\/streetmarkets.fr\/app\/wp-json\/wp\/v2\/product"}],"about":[{"href":"https:\/\/streetmarkets.fr\/app\/wp-json\/wp\/v2\/types\/product"}],"replies":[{"embeddable":true,"href":"https:\/\/streetmarkets.fr\/app\/wp-json\/wp\/v2\/comments?post=939810"}],"wp:featuredmedia":[{"embeddable":true,"href":"https:\/\/streetmarkets.fr\/app\/wp-json\/wp\/v2\/media\/939811"}],"wp:attachment":[{"href":"https:\/\/streetmarkets.fr\/app\/wp-json\/wp\/v2\/media?parent=939810"}],"wp:term":[{"taxonomy":"product_brand","embeddable":true,"href":"https:\/\/streetmarkets.fr\/app\/wp-json\/wp\/v2\/product_brand?post=939810"},{"taxonomy":"product_cat","embeddable":true,"href":"https:\/\/streetmarkets.fr\/app\/wp-json\/wp\/v2\/product_cat?post=939810"},{"taxonomy":"product_tag","embeddable":true,"href":"https:\/\/streetmarkets.fr\/app\/wp-json\/wp\/v2\/product_tag?post=939810"}],"curies":[{"name":"wp","href":"https:\/\/api.w.org\/{rel}","templated":true}]}}