{"id":939701,"date":"2024-12-07T00:24:48","date_gmt":"2024-12-06T23:24:48","guid":{"rendered":"https:\/\/streetmarkets.fr\/app\/produit\/etole-cachemire-rive-2\/"},"modified":"2026-05-09T01:13:56","modified_gmt":"2026-05-08T23:13:56","slug":"etole-cachemire-rive-2","status":"publish","type":"product","link":"https:\/\/streetmarkets.fr\/app\/produit\/etole-cachemire-rive-2\/","title":{"rendered":"Etole Cachemire RIVE"},"content":{"rendered":"<p data-mce-fragment=\"1\"><strong data-mce-fragment=\"1\"><a data-mce-fragment=\"1\" title=\"Collection De Novembre\" href=\"https:\/\/frenchtouche.com\/collections\/de-novembre\" data-mce-href=\"https:\/\/frenchtouche.com\/collections\/de-novembre\">Collection De Novembre<\/a><\/strong><\/p>\n<p data-mce-fragment=\"1\"><strong data-mce-fragment=\"1\">RIVE &#8211; JAUNE<\/strong><\/p>\n<div>\n<div>\n<div>RIVE, un magnifique ch\u00e2le 100% cachemire, tiss\u00e9 main \u00e0 Srinagar.<\/div>\n<ul>\n<li>Teint en shibori<\/li>\n<li>Chaque dessin est unique<\/li>\n<li>L\u00e9g\u00e8rement effrang\u00e9 aux extr\u00e9mit\u00e9s<\/li>\n<li>100 x 200 cm<\/li>\n<li>100% cachemire<\/li>\n<li>Conseils d&#8217;entretien : nettoyage \u00e0 sec uniquement<\/li>\n<\/ul>\n<\/div>\n<div>\n<p data-mce-fragment=\"1\"><em>Confectionn\u00e9 artisanalement en Inde, dans le respect des valeurs \u00e9thiques, sociales et environnementales de la marque. Judith Bourdin, la cr\u00e9atrice, collabore depuis plus de 10 ans avec des artisans et coop\u00e9ratives de la r\u00e9gion du Gujarat et du Cachemire riches de nombreux savoir-faire ancestraux.<\/em><\/p>\n<\/div>\n<\/div>\n","protected":false},"excerpt":{"rendered":"<p>Collection De Novembre RIVE &#8211; JAUNE RIVE, un magnifique ch\u00e2le 100% cachemire, tiss\u00e9 main \u00e0 Srinagar. Teint en shibori Chaque dessin est unique L\u00e9g\u00e8rement effrang\u00e9 aux extr\u00e9mit\u00e9s 100 x 200 cm 100% cachemire Conseils d&#8217;entretien : nettoyage \u00e0 sec uniquement Confectionn\u00e9 artisanalement en Inde, dans le respect des valeurs \u00e9thiques, sociales et environnementales de la [&hellip;]<\/p>\n","protected":false},"featured_media":939702,"comment_status":"open","ping_status":"closed","template":"","meta":[],"product_brand":[],"product_cat":[1756,1764],"product_tag":[2244,1813],"acf":[],"_links":{"self":[{"href":"https:\/\/streetmarkets.fr\/app\/wp-json\/wp\/v2\/product\/939701"}],"collection":[{"href":"https:\/\/streetmarkets.fr\/app\/wp-json\/wp\/v2\/product"}],"about":[{"href":"https:\/\/streetmarkets.fr\/app\/wp-json\/wp\/v2\/types\/product"}],"replies":[{"embeddable":true,"href":"https:\/\/streetmarkets.fr\/app\/wp-json\/wp\/v2\/comments?post=939701"}],"wp:featuredmedia":[{"embeddable":true,"href":"https:\/\/streetmarkets.fr\/app\/wp-json\/wp\/v2\/media\/939702"}],"wp:attachment":[{"href":"https:\/\/streetmarkets.fr\/app\/wp-json\/wp\/v2\/media?parent=939701"}],"wp:term":[{"taxonomy":"product_brand","embeddable":true,"href":"https:\/\/streetmarkets.fr\/app\/wp-json\/wp\/v2\/product_brand?post=939701"},{"taxonomy":"product_cat","embeddable":true,"href":"https:\/\/streetmarkets.fr\/app\/wp-json\/wp\/v2\/product_cat?post=939701"},{"taxonomy":"product_tag","embeddable":true,"href":"https:\/\/streetmarkets.fr\/app\/wp-json\/wp\/v2\/product_tag?post=939701"}],"curies":[{"name":"wp","href":"https:\/\/api.w.org\/{rel}","templated":true}]}}