{"id":939532,"date":"2024-12-06T07:36:41","date_gmt":"2024-12-06T06:36:41","guid":{"rendered":"https:\/\/streetmarkets.fr\/app\/produit\/pinceau-t-o-noir-blanc-olivier-tissot\/"},"modified":"2026-05-08T08:36:39","modified_gmt":"2026-05-08T06:36:39","slug":"pinceau-t-o-noir-blanc-olivier-tissot","status":"publish","type":"product","link":"https:\/\/streetmarkets.fr\/app\/produit\/pinceau-t-o-noir-blanc-olivier-tissot\/","title":{"rendered":"Pinceau T.O noir &amp; blanc &#8211; Olivier Tissot"},"content":{"rendered":"<p>Le pinceau T.O est un gros Pinceau Poudre original et diff\u00e9rent.<\/p>\n<p>Il peut s&#8217;utiliser avec une poudre de soleil pour un effet bonne mine, un fond de teint poudre \u00ab voile de teint \u00bb et une poudre libre.<\/p>\n<p>Il a une base ronde Kabuki et une forme \u00e0 la fois bomb\u00e9e et biseaut\u00e9e.<\/p>\n<p>Ses fibres naturelles ont la particularit\u00e9 \u00ab d\u2019agripper \u00bb et de rel\u00e2cher la mati\u00e8re d\u2019une fa\u00e7on uniforme et r\u00e9guli\u00e8re, sans \u00e9paisseur et en tr\u00e8s peu de gestes sur le visage, le cou, le d\u00e9collet\u00e9..<\/p>\n<p>Le tout premier pinceau T.O \u00e9dit\u00e9 en s\u00e9rie limit\u00e9e (250 pi\u00e8ces) est noir et blanc. Un parti pris graphique pour son cr\u00e9ateur, mais aussi une volont\u00e9 d\u2019offrir un pinceau de haute technicit\u00e9 : plus souple, le poil noir situ\u00e9 au coeur de la m\u00e8che \u00ab prend \u00bb la mati\u00e8re, tandis que le blanc situ\u00e9 en p\u00e9riph\u00e9rie la diffuse sur le visage.<\/p>\n<p>Le pinceau T.O p\u00e8se 39 gr et mesure 24 cm.<\/p>\n<p>Ses deux composants principaux sont le bois d&#8217;Erable et le poil de ch\u00e8vre.<\/p>\n","protected":false},"excerpt":{"rendered":"<p>Le pinceau T.O est un gros Pinceau Poudre original et diff\u00e9rent. Il peut s&#8217;utiliser avec une poudre de soleil pour un effet bonne mine, un fond de teint poudre \u00ab voile de teint \u00bb et une poudre libre. Il a une base ronde Kabuki et une forme \u00e0 la fois bomb\u00e9e et biseaut\u00e9e. Ses fibres [&hellip;]<\/p>\n","protected":false},"featured_media":939533,"comment_status":"open","ping_status":"closed","template":"","meta":[],"product_brand":[],"product_cat":[1756,1764],"product_tag":[2244],"acf":[],"_links":{"self":[{"href":"https:\/\/streetmarkets.fr\/app\/wp-json\/wp\/v2\/product\/939532"}],"collection":[{"href":"https:\/\/streetmarkets.fr\/app\/wp-json\/wp\/v2\/product"}],"about":[{"href":"https:\/\/streetmarkets.fr\/app\/wp-json\/wp\/v2\/types\/product"}],"replies":[{"embeddable":true,"href":"https:\/\/streetmarkets.fr\/app\/wp-json\/wp\/v2\/comments?post=939532"}],"wp:featuredmedia":[{"embeddable":true,"href":"https:\/\/streetmarkets.fr\/app\/wp-json\/wp\/v2\/media\/939533"}],"wp:attachment":[{"href":"https:\/\/streetmarkets.fr\/app\/wp-json\/wp\/v2\/media?parent=939532"}],"wp:term":[{"taxonomy":"product_brand","embeddable":true,"href":"https:\/\/streetmarkets.fr\/app\/wp-json\/wp\/v2\/product_brand?post=939532"},{"taxonomy":"product_cat","embeddable":true,"href":"https:\/\/streetmarkets.fr\/app\/wp-json\/wp\/v2\/product_cat?post=939532"},{"taxonomy":"product_tag","embeddable":true,"href":"https:\/\/streetmarkets.fr\/app\/wp-json\/wp\/v2\/product_tag?post=939532"}],"curies":[{"name":"wp","href":"https:\/\/api.w.org\/{rel}","templated":true}]}}