{"id":939414,"date":"2024-12-06T06:31:11","date_gmt":"2024-12-06T05:31:11","guid":{"rendered":"https:\/\/streetmarkets.fr\/app\/produit\/sacoche-louis-vuitton-cuir-epi-noir\/"},"modified":"2026-04-12T07:32:48","modified_gmt":"2026-04-12T05:32:48","slug":"sacoche-louis-vuitton-cuir-epi-noir","status":"publish","type":"product","link":"https:\/\/streetmarkets.fr\/app\/produit\/sacoche-louis-vuitton-cuir-epi-noir\/","title":{"rendered":"Sacoche Louis Vuitton cuir \u00e9pi noir"},"content":{"rendered":"<p>Sacoche Louis Vuitton en cuir \u00e9pi noir. Port\u00e9 crois\u00e9 \u00e0 l&#8217;aide d&#8217;une bandouli\u00e8re ajustable. L&#8217;int\u00e9rieur est en tissu noir. En tr\u00e8s bon \u00e9tat.<\/p>\n","protected":false},"excerpt":{"rendered":"<p>Sacoche Louis Vuitton en cuir \u00e9pi noir. Port\u00e9 crois\u00e9 \u00e0 l&#8217;aide d&#8217;une bandouli\u00e8re ajustable. L&#8217;int\u00e9rieur est en tissu noir. En tr\u00e8s bon \u00e9tat.<\/p>\n","protected":false},"featured_media":939415,"comment_status":"open","ping_status":"closed","template":"","meta":[],"product_brand":[],"product_cat":[1756,1760],"product_tag":[2244,2122],"acf":[],"_links":{"self":[{"href":"https:\/\/streetmarkets.fr\/app\/wp-json\/wp\/v2\/product\/939414"}],"collection":[{"href":"https:\/\/streetmarkets.fr\/app\/wp-json\/wp\/v2\/product"}],"about":[{"href":"https:\/\/streetmarkets.fr\/app\/wp-json\/wp\/v2\/types\/product"}],"replies":[{"embeddable":true,"href":"https:\/\/streetmarkets.fr\/app\/wp-json\/wp\/v2\/comments?post=939414"}],"wp:featuredmedia":[{"embeddable":true,"href":"https:\/\/streetmarkets.fr\/app\/wp-json\/wp\/v2\/media\/939415"}],"wp:attachment":[{"href":"https:\/\/streetmarkets.fr\/app\/wp-json\/wp\/v2\/media?parent=939414"}],"wp:term":[{"taxonomy":"product_brand","embeddable":true,"href":"https:\/\/streetmarkets.fr\/app\/wp-json\/wp\/v2\/product_brand?post=939414"},{"taxonomy":"product_cat","embeddable":true,"href":"https:\/\/streetmarkets.fr\/app\/wp-json\/wp\/v2\/product_cat?post=939414"},{"taxonomy":"product_tag","embeddable":true,"href":"https:\/\/streetmarkets.fr\/app\/wp-json\/wp\/v2\/product_tag?post=939414"}],"curies":[{"name":"wp","href":"https:\/\/api.w.org\/{rel}","templated":true}]}}