{"id":934032,"date":"2024-12-05T05:46:45","date_gmt":"2024-12-05T04:46:45","guid":{"rendered":"https:\/\/streetmarkets.fr\/app\/produit\/como-tapered-drawstring-pants\/"},"modified":"2026-03-16T05:43:54","modified_gmt":"2026-03-16T04:43:54","slug":"como-tapered-drawstring-pants","status":"publish","type":"product","link":"https:\/\/streetmarkets.fr\/app\/produit\/como-tapered-drawstring-pants\/","title":{"rendered":"Como Tapered Drawstring Pants"},"content":{"rendered":"<p><!--td {border: 1px solid #cccccc;}br {mso-data-placement:same-cell;}--><\/p>\n<p><span data-sheets-root=\"1\">D\u00e9couvrez le mariage r\u00e9ussi entre le <strong>confort d\u00e9contract\u00e9<\/strong> d&#8217;un sweat et l&#8217;<strong>\u00e9l\u00e9gance<\/strong> d&#8217;un costume avec les pantalons &#8220;<strong>Como Tapered Drawstring<\/strong>&#8221; de la marque <strong>Les Deux<\/strong>.\u00a0<\/p>\n<p>Fabriqu\u00e9s \u00e0 partir d&#8217;un m\u00e9lange de polyester, de viscose et d&#8217;\u00e9lasthanne, ces pantalons offrent un \u00e9quilibre parfait entre <strong>confort et style<\/strong>. Dot\u00e9s d&#8217;une <strong>taille \u00e9lastique<\/strong> extensible et d&#8217;un cordon de serrage, ils assurent un <strong>ajustement parfait<\/strong> tout en offrant une touche d\u00e9contract\u00e9e. Les poches lat\u00e9rales et arri\u00e8re ajoutent de la praticit\u00e9 \u00e0 ces pantalons polyvalents. Arborant le logo brod\u00e9 de la marque &#8220;II&#8221; au-dessus de la poche arri\u00e8re, ces pantalons ont une <strong>coupe r\u00e9guli\u00e8re<\/strong> avec une jambe l\u00e9g\u00e8rement fusel\u00e9e pour une <strong>silhouette moderne et \u00e9l\u00e9gante<\/strong>.\u00a0<\/p>\n<p>Les pantalons &#8220;<strong>Como Tapered Drawstring<\/strong>&#8221; sont un choix id\u00e9al pour allier confort et style dans toutes vos tenues. Ils sont disponibles dans 3 coloris diff\u00e9rents chez Harold, votre boutique de Pr\u00eat-\u00e0-porter homme du Marais.<\/span><\/p>\n","protected":false},"excerpt":{"rendered":"<p>D\u00e9couvrez le mariage r\u00e9ussi entre le confort d\u00e9contract\u00e9 d&#8217;un sweat et l&#8217;\u00e9l\u00e9gance d&#8217;un costume avec les pantalons &#8220;Como Tapered Drawstring&#8221; de la marque Les Deux.\u00a0 Fabriqu\u00e9s \u00e0 partir d&#8217;un m\u00e9lange de polyester, de viscose et d&#8217;\u00e9lasthanne, ces pantalons offrent un \u00e9quilibre parfait entre confort et style. Dot\u00e9s d&#8217;une taille \u00e9lastique extensible et d&#8217;un cordon de [&hellip;]<\/p>\n","protected":false},"featured_media":934033,"comment_status":"open","ping_status":"closed","template":"","meta":[],"product_brand":[],"product_cat":[1756,1758],"product_tag":[2244],"acf":[],"_links":{"self":[{"href":"https:\/\/streetmarkets.fr\/app\/wp-json\/wp\/v2\/product\/934032"}],"collection":[{"href":"https:\/\/streetmarkets.fr\/app\/wp-json\/wp\/v2\/product"}],"about":[{"href":"https:\/\/streetmarkets.fr\/app\/wp-json\/wp\/v2\/types\/product"}],"replies":[{"embeddable":true,"href":"https:\/\/streetmarkets.fr\/app\/wp-json\/wp\/v2\/comments?post=934032"}],"wp:featuredmedia":[{"embeddable":true,"href":"https:\/\/streetmarkets.fr\/app\/wp-json\/wp\/v2\/media\/934033"}],"wp:attachment":[{"href":"https:\/\/streetmarkets.fr\/app\/wp-json\/wp\/v2\/media?parent=934032"}],"wp:term":[{"taxonomy":"product_brand","embeddable":true,"href":"https:\/\/streetmarkets.fr\/app\/wp-json\/wp\/v2\/product_brand?post=934032"},{"taxonomy":"product_cat","embeddable":true,"href":"https:\/\/streetmarkets.fr\/app\/wp-json\/wp\/v2\/product_cat?post=934032"},{"taxonomy":"product_tag","embeddable":true,"href":"https:\/\/streetmarkets.fr\/app\/wp-json\/wp\/v2\/product_tag?post=934032"}],"curies":[{"name":"wp","href":"https:\/\/api.w.org\/{rel}","templated":true}]}}