{"id":934025,"date":"2024-12-05T05:46:44","date_gmt":"2024-12-05T04:46:44","guid":{"rendered":"https:\/\/streetmarkets.fr\/app\/produit\/como-check-wool-melange-suit-pants\/"},"modified":"2026-03-16T05:43:54","modified_gmt":"2026-03-16T04:43:54","slug":"como-check-wool-melange-suit-pants","status":"publish","type":"product","link":"https:\/\/streetmarkets.fr\/app\/produit\/como-check-wool-melange-suit-pants\/","title":{"rendered":"Como Check Wool M\u00e9lange Suit Pants"},"content":{"rendered":"<p><!--td {border: 1px solid #cccccc;}br {mso-data-placement:same-cell;}--><\/p>\n<p><span data-sheets-root=\"1\" data-sheets-value=\"{&quot;1&quot;:2,&quot;2&quot;:&quot;D\u00e9couvrez le pantalon \\&quot;Como Check Wool M\u00e9lange Suit Pants\\&quot; de Les Deux, disponible dans un \u00e9l\u00e9gant coloris Charcoal Mel\/Grey Melange. Remis au go\u00fbt du jour pour la saison hivernale, ce pantalon revisite l'un de nos styles les plus pris\u00e9s. \\n\\nCon\u00e7u dans un luxueux m\u00e9lange de laine, il offre une chaleur incomparable tout en ajoutant une touche de sophistication \u00e0 votre tenue gr\u00e2ce \u00e0 son motif \u00e0 carreaux classique. Dot\u00e9 d'une coupe slim flatteuse, ce pantalon pr\u00e9sente des revers aux chevilles pour une allure moderne. Avec ses cinq poches pratiques, vous pouvez facilement emporter vos essentiels avec vous. \\n\\nEnfin, le logo \\&quot;II\\&quot; discret \u00e0 l'arri\u00e8re ajoute une touche de raffinement suppl\u00e9mentaire. Optez pour le confort, la chaleur et l'\u00e9l\u00e9gance avec le pantalon \\&quot;Como Check Wool M\u00e9lange Suit Pants\\&quot; de Les Deux, votre choix parfait pour affronter l'hiver avec style.&quot;}\" data-sheets-userformat='{\"2\":769,\"3\":{\"1\":0},\"11\":4,\"12\":0}'>D\u00e9couvrez le pantalon &#8220;<strong>Como Check Wool M\u00e9lange Suit Pants<\/strong>&#8221; de Les Deux, disponible dans un <strong>\u00e9l\u00e9gant <\/strong>coloris Charcoal Mel\/Grey Melange. Remis au go\u00fbt du jour pour la saison hivernale, ce pantalon revisite l&#8217;un de nos styles les plus pris\u00e9s. <\/p>\n<p>Con\u00e7u dans un luxueux m\u00e9lange de <strong>laine<\/strong>, il offre une chaleur incomparable tout en ajoutant une touche unique \u00e0 votre tenue gr\u00e2ce \u00e0 son <strong>motif \u00e0 carreaux classique<\/strong>. Dot\u00e9 d&#8217;une <strong>coupe slim<\/strong> flatteuse, ce pantalon pr\u00e9sente des revers aux chevilles pour une allure moderne. Avec ses cinq poches pratiques, vous pouvez facilement emporter vos essentiels avec vous. <\/p>\n<p>Enfin, le logo &#8220;II&#8221; discret \u00e0 l&#8217;arri\u00e8re ajoute un raffinement suppl\u00e9mentaire. Optez pour le confort, la chaleur et l&#8217;\u00e9l\u00e9gance avec le pantalon &#8220;<strong>Como Check Wool M\u00e9lange Suit Pants<\/strong>&#8221; de Les Deux, un choix parfait pour affronter l&#8217;hiver avec style gr\u00e2ce \u00e0 <strong>Harold Paris<\/strong>.<\/span><\/p>\n","protected":false},"excerpt":{"rendered":"<p>D\u00e9couvrez le pantalon &#8220;Como Check Wool M\u00e9lange Suit Pants&#8221; de Les Deux, disponible dans un \u00e9l\u00e9gant coloris Charcoal Mel\/Grey Melange. Remis au go\u00fbt du jour pour la saison hivernale, ce pantalon revisite l&#8217;un de nos styles les plus pris\u00e9s. Con\u00e7u dans un luxueux m\u00e9lange de laine, il offre une chaleur incomparable tout en ajoutant une [&hellip;]<\/p>\n","protected":false},"featured_media":934026,"comment_status":"open","ping_status":"closed","template":"","meta":[],"product_brand":[],"product_cat":[1756,1758],"product_tag":[2244],"acf":[],"_links":{"self":[{"href":"https:\/\/streetmarkets.fr\/app\/wp-json\/wp\/v2\/product\/934025"}],"collection":[{"href":"https:\/\/streetmarkets.fr\/app\/wp-json\/wp\/v2\/product"}],"about":[{"href":"https:\/\/streetmarkets.fr\/app\/wp-json\/wp\/v2\/types\/product"}],"replies":[{"embeddable":true,"href":"https:\/\/streetmarkets.fr\/app\/wp-json\/wp\/v2\/comments?post=934025"}],"wp:featuredmedia":[{"embeddable":true,"href":"https:\/\/streetmarkets.fr\/app\/wp-json\/wp\/v2\/media\/934026"}],"wp:attachment":[{"href":"https:\/\/streetmarkets.fr\/app\/wp-json\/wp\/v2\/media?parent=934025"}],"wp:term":[{"taxonomy":"product_brand","embeddable":true,"href":"https:\/\/streetmarkets.fr\/app\/wp-json\/wp\/v2\/product_brand?post=934025"},{"taxonomy":"product_cat","embeddable":true,"href":"https:\/\/streetmarkets.fr\/app\/wp-json\/wp\/v2\/product_cat?post=934025"},{"taxonomy":"product_tag","embeddable":true,"href":"https:\/\/streetmarkets.fr\/app\/wp-json\/wp\/v2\/product_tag?post=934025"}],"curies":[{"name":"wp","href":"https:\/\/api.w.org\/{rel}","templated":true}]}}