{"id":934017,"date":"2024-12-05T05:46:43","date_gmt":"2024-12-05T04:46:43","guid":{"rendered":"https:\/\/streetmarkets.fr\/app\/produit\/charlie-ss-shirt\/"},"modified":"2026-03-16T05:43:54","modified_gmt":"2026-03-16T04:43:54","slug":"charlie-ss-shirt","status":"publish","type":"product","link":"https:\/\/streetmarkets.fr\/app\/produit\/charlie-ss-shirt\/","title":{"rendered":"Charlie SS Shirt"},"content":{"rendered":"<p><!--td {border: 1px solid #cccccc;}br {mso-data-placement:same-cell;}--><\/p>\n<p><span data-sheets-userformat='{\"2\":897,\"3\":{\"1\":0},\"10\":1,\"11\":4,\"12\":0}' data-sheets-value=\"{&quot;1&quot;:2,&quot;2&quot;:&quot;D\u00e9couvrez la chemise Charlie SS Shirt de Les Deux en \\&quot;Light Ivory\\&quot;, une pi\u00e8ce incontournable pour un style estival \u00e9l\u00e9gant. Confectionn\u00e9e \u00e0 100% en coton, cette chemise \u00e0 manches courtes se distingue par son tissu brod\u00e9 anglais, offrant une respirabilit\u00e9 optimale.\\r\\n\\r\\nAvec son tissage unique, elle se d\u00e9marque tout en s'int\u00e9grant parfaitement \u00e0 diverses tenues. Le col classique et la poche poitrine pratique ajoutent des \u00e9l\u00e9ments fonctionnels \u00e0 son design. Sa coupe regular assure un ajustement confortable, id\u00e9al pour les journ\u00e9es chaudes.\\r\\n\\r\\nLa Charlie SS Shirt combine style et fonctionnalit\u00e9, faisant d'elle un choix parfait pour une allure raffin\u00e9e et d\u00e9contract\u00e9e. Ajoutez cette chemise polyvalente \u00e0 votre garde-robe pour un look frais et sophistiqu\u00e9 cet \u00e9t\u00e9.&quot;}\" data-sheets-root=\"1\">D\u00e9couvrez la chemise <strong>Charlie SS Shirt<\/strong> de <strong>Les Deux<\/strong> en &#8220;Light Ivory&#8221;, une pi\u00e8ce incontournable pour un <strong>style estival \u00e9l\u00e9gant<\/strong>. Confectionn\u00e9e \u00e0 <strong>100% en coton<\/strong>, cette chemise \u00e0 manches courtes se distingue par son <strong>tissu brod\u00e9<\/strong> anglais, offrant une respirabilit\u00e9 optimale. <\/p>\n<p>Avec son tissage unique, elle se d\u00e9marque tout en s&#8217;int\u00e9grant parfaitement \u00e0 diverses tenues. Le <strong>col classique<\/strong> et la poche poitrine pratique ajoutent des \u00e9l\u00e9ments fonctionnels \u00e0 son design. Sa <strong>coupe regular<\/strong> assure un ajustement confortable, id\u00e9al pour les journ\u00e9es chaudes. <\/p>\n<p>La <strong>Charlie SS Shirt<\/strong> combine style et fonctionnalit\u00e9, faisant d&#8217;elle un choix parfait pour une <strong>allure raffin\u00e9e et d\u00e9contract\u00e9e<\/strong>. Ajoutez cette chemise polyvalente \u00e0 votre vestiaire pour un look frais et sophistiqu\u00e9 cet \u00e9t\u00e9.<\/span><\/p>\n","protected":false},"excerpt":{"rendered":"<p>D\u00e9couvrez la chemise Charlie SS Shirt de Les Deux en &#8220;Light Ivory&#8221;, une pi\u00e8ce incontournable pour un style estival \u00e9l\u00e9gant. Confectionn\u00e9e \u00e0 100% en coton, cette chemise \u00e0 manches courtes se distingue par son tissu brod\u00e9 anglais, offrant une respirabilit\u00e9 optimale. Avec son tissage unique, elle se d\u00e9marque tout en s&#8217;int\u00e9grant parfaitement \u00e0 diverses tenues. [&hellip;]<\/p>\n","protected":false},"featured_media":934018,"comment_status":"open","ping_status":"closed","template":"","meta":[],"product_brand":[],"product_cat":[1756,1758],"product_tag":[2244],"acf":[],"_links":{"self":[{"href":"https:\/\/streetmarkets.fr\/app\/wp-json\/wp\/v2\/product\/934017"}],"collection":[{"href":"https:\/\/streetmarkets.fr\/app\/wp-json\/wp\/v2\/product"}],"about":[{"href":"https:\/\/streetmarkets.fr\/app\/wp-json\/wp\/v2\/types\/product"}],"replies":[{"embeddable":true,"href":"https:\/\/streetmarkets.fr\/app\/wp-json\/wp\/v2\/comments?post=934017"}],"wp:featuredmedia":[{"embeddable":true,"href":"https:\/\/streetmarkets.fr\/app\/wp-json\/wp\/v2\/media\/934018"}],"wp:attachment":[{"href":"https:\/\/streetmarkets.fr\/app\/wp-json\/wp\/v2\/media?parent=934017"}],"wp:term":[{"taxonomy":"product_brand","embeddable":true,"href":"https:\/\/streetmarkets.fr\/app\/wp-json\/wp\/v2\/product_brand?post=934017"},{"taxonomy":"product_cat","embeddable":true,"href":"https:\/\/streetmarkets.fr\/app\/wp-json\/wp\/v2\/product_cat?post=934017"},{"taxonomy":"product_tag","embeddable":true,"href":"https:\/\/streetmarkets.fr\/app\/wp-json\/wp\/v2\/product_tag?post=934017"}],"curies":[{"name":"wp","href":"https:\/\/api.w.org\/{rel}","templated":true}]}}