{"id":934011,"date":"2024-12-05T05:46:42","date_gmt":"2024-12-05T04:46:42","guid":{"rendered":"https:\/\/streetmarkets.fr\/app\/produit\/terry-twist-sock\/"},"modified":"2026-03-16T05:43:54","modified_gmt":"2026-03-16T04:43:54","slug":"terry-twist-sock","status":"publish","type":"product","link":"https:\/\/streetmarkets.fr\/app\/produit\/terry-twist-sock\/","title":{"rendered":"Terry Twist Sock"},"content":{"rendered":"<p><!--td {border: 1px solid #cccccc;}br {mso-data-placement:same-cell;}--><\/p>\n<p><span data-sheets-root=\"1\">Les chaussettes <strong>Terry Twist Sock<\/strong> de <strong>Selected <\/strong>sont fabriqu\u00e9es en <strong>coton uni mouchet\u00e9<\/strong>, avec une <strong>texture torsad\u00e9e<\/strong>.\u00a0<\/p>\n<p>Disponibles en trois couleurs diff\u00e9rentes, elles offrent \u00e0 la fois <strong>confort <\/strong>et <strong>style <\/strong>discret pour compl\u00e9ter votre garde-robe.<\/span><\/p>\n<p><span data-sheets-root=\"1\">Id\u00e9ales pour toute occasion, ces chaussettes ajoutent du <strong>caract\u00e8re <\/strong>\u00e0 votre look quotidien gr\u00e2ce \u00e0 leur <strong>design simple<\/strong> et leur mat\u00e9riau respirant. Elles sont disponibles dans votre <strong>boutique pour homme Harold, <\/strong>\u00e0 <strong>Paris.<\/strong><\/span><\/p>\n","protected":false},"excerpt":{"rendered":"<p>Les chaussettes Terry Twist Sock de Selected sont fabriqu\u00e9es en coton uni mouchet\u00e9, avec une texture torsad\u00e9e.\u00a0 Disponibles en trois couleurs diff\u00e9rentes, elles offrent \u00e0 la fois confort et style discret pour compl\u00e9ter votre garde-robe. Id\u00e9ales pour toute occasion, ces chaussettes ajoutent du caract\u00e8re \u00e0 votre look quotidien gr\u00e2ce \u00e0 leur design simple et leur [&hellip;]<\/p>\n","protected":false},"featured_media":934012,"comment_status":"open","ping_status":"closed","template":"","meta":[],"product_brand":[],"product_cat":[1756,1760],"product_tag":[2244],"acf":[],"_links":{"self":[{"href":"https:\/\/streetmarkets.fr\/app\/wp-json\/wp\/v2\/product\/934011"}],"collection":[{"href":"https:\/\/streetmarkets.fr\/app\/wp-json\/wp\/v2\/product"}],"about":[{"href":"https:\/\/streetmarkets.fr\/app\/wp-json\/wp\/v2\/types\/product"}],"replies":[{"embeddable":true,"href":"https:\/\/streetmarkets.fr\/app\/wp-json\/wp\/v2\/comments?post=934011"}],"wp:featuredmedia":[{"embeddable":true,"href":"https:\/\/streetmarkets.fr\/app\/wp-json\/wp\/v2\/media\/934012"}],"wp:attachment":[{"href":"https:\/\/streetmarkets.fr\/app\/wp-json\/wp\/v2\/media?parent=934011"}],"wp:term":[{"taxonomy":"product_brand","embeddable":true,"href":"https:\/\/streetmarkets.fr\/app\/wp-json\/wp\/v2\/product_brand?post=934011"},{"taxonomy":"product_cat","embeddable":true,"href":"https:\/\/streetmarkets.fr\/app\/wp-json\/wp\/v2\/product_cat?post=934011"},{"taxonomy":"product_tag","embeddable":true,"href":"https:\/\/streetmarkets.fr\/app\/wp-json\/wp\/v2\/product_tag?post=934011"}],"curies":[{"name":"wp","href":"https:\/\/api.w.org\/{rel}","templated":true}]}}