{"id":933663,"date":"2024-12-05T05:45:39","date_gmt":"2024-12-05T04:45:39","guid":{"rendered":"https:\/\/streetmarkets.fr\/app\/produit\/august-3-pack-sock-giftbox\/"},"modified":"2026-03-16T05:43:27","modified_gmt":"2026-03-16T04:43:27","slug":"august-3-pack-sock-giftbox","status":"publish","type":"product","link":"https:\/\/streetmarkets.fr\/app\/produit\/august-3-pack-sock-giftbox\/","title":{"rendered":"August 3-Pack Sock Giftbox"},"content":{"rendered":"<p><!--td {border: 1px solid #cccccc;}br {mso-data-placement:same-cell;}--><\/p>\n<p><span data-sheets-root=\"1\" data-sheets-value=\"{&quot;1&quot;:2,&quot;2&quot;:&quot;Offrez ou offrez-vous le confort et le style avec le pack de 3 paires de chaussettes en coton Selected. Parfait pour ajouter une touche d'\u00e9l\u00e9gance \u00e0 votre garde-robe, ce coffret cadeau comprend trois motifs distincts : une paire marron \u00e0 pois blancs simples, une paire en jacquard vert fonc\u00e9, beige et blanc, et une paire vert fonc\u00e9 unie.\\n\\nFabriqu\u00e9es en 100% coton, elles sont douces et respirantes, id\u00e9ales pour un usage quotidien. Pr\u00e9sent\u00e9es dans une \u00e9l\u00e9gante bo\u00eete cadeau, il s'agit du cadeau id\u00e9al !\\n\\nCes chaussettes sont parfaites pour compl\u00e9ter une tenue d\u00e9contract\u00e9e ou professionnelle. Associez-les \u00e0 vos chaussures pr\u00e9f\u00e9r\u00e9es pour un look raffin\u00e9 et confortable tout au long de la journ\u00e9e.\\n\\nLe SELECTED August 3-Pack Sock Giftbox est un choix id\u00e9al pour ceux qui recherchent des chaussettes de haute qualit\u00e9 avec des motifs vari\u00e9s, parfaites pour toute occasion. \\n\\nCompl\u00e9tez votre collection de chaussettes ou faites-en le cadeau id\u00e9al pour quelqu'un de sp\u00e9cial : elles sont disponibles chez Harold, votre boutique de pr\u00eat-\u00e0-porter homme \u00e0 Paris.&quot;}\" data-sheets-userformat='{\"2\":769,\"3\":{\"1\":0},\"11\":4,\"12\":0}'>Offrez ou offrez-vous le confort et le style avec le <strong>pack de 3 paires de chaussettes<\/strong> en coton <strong>Selected<\/strong>. Parfait pour ajouter une touche d&#8217;\u00e9l\u00e9gance \u00e0 votre garde-robe, ce <strong>coffret cadeau<\/strong> comprend trois motifs distincts : une paire marron \u00e0 pois blancs simples, une paire en jacquard vert fonc\u00e9, beige et blanc, et une paire vert fonc\u00e9 unie.<\/p>\n<p>Fabriqu\u00e9es en <strong>100% coton<\/strong>, elles sont douces et respirantes, id\u00e9ales pour un usage quotidien. Pr\u00e9sent\u00e9es dans une \u00e9l\u00e9gante bo\u00eete cadeau, il s&#8217;agit du cadeau id\u00e9al !<\/p>\n<p>Ces chaussettes sont parfaites pour compl\u00e9ter une tenue d\u00e9contract\u00e9e ou professionnelle. Associez-les \u00e0 vos chaussures pr\u00e9f\u00e9r\u00e9es pour un <strong>look raffin\u00e9 et confortable<\/strong> tout au long de la journ\u00e9e.<\/p>\n<p>Le <strong>August 3-Pack Sock Giftbox<\/strong> est un choix id\u00e9al pour ceux qui recherchent des chaussettes de haute qualit\u00e9 avec des motifs vari\u00e9s, parfaites pour toute occasion.\u00a0<\/p>\n<p>Compl\u00e9tez votre collection de chaussettes ou offrez-les en <strong>cadeau<\/strong> \u00e0 quelqu&#8217;un : elles sont disponibles chez <strong>Harold<\/strong>, votre boutique de pr\u00eat-\u00e0-porter homme \u00e0 Paris.<\/span><\/p>\n","protected":false},"excerpt":{"rendered":"<p>Offrez ou offrez-vous le confort et le style avec le pack de 3 paires de chaussettes en coton Selected. Parfait pour ajouter une touche d&#8217;\u00e9l\u00e9gance \u00e0 votre garde-robe, ce coffret cadeau comprend trois motifs distincts : une paire marron \u00e0 pois blancs simples, une paire en jacquard vert fonc\u00e9, beige et blanc, et une paire [&hellip;]<\/p>\n","protected":false},"featured_media":933664,"comment_status":"open","ping_status":"closed","template":"","meta":[],"product_brand":[],"product_cat":[1756,1760],"product_tag":[2244],"acf":[],"_links":{"self":[{"href":"https:\/\/streetmarkets.fr\/app\/wp-json\/wp\/v2\/product\/933663"}],"collection":[{"href":"https:\/\/streetmarkets.fr\/app\/wp-json\/wp\/v2\/product"}],"about":[{"href":"https:\/\/streetmarkets.fr\/app\/wp-json\/wp\/v2\/types\/product"}],"replies":[{"embeddable":true,"href":"https:\/\/streetmarkets.fr\/app\/wp-json\/wp\/v2\/comments?post=933663"}],"wp:featuredmedia":[{"embeddable":true,"href":"https:\/\/streetmarkets.fr\/app\/wp-json\/wp\/v2\/media\/933664"}],"wp:attachment":[{"href":"https:\/\/streetmarkets.fr\/app\/wp-json\/wp\/v2\/media?parent=933663"}],"wp:term":[{"taxonomy":"product_brand","embeddable":true,"href":"https:\/\/streetmarkets.fr\/app\/wp-json\/wp\/v2\/product_brand?post=933663"},{"taxonomy":"product_cat","embeddable":true,"href":"https:\/\/streetmarkets.fr\/app\/wp-json\/wp\/v2\/product_cat?post=933663"},{"taxonomy":"product_tag","embeddable":true,"href":"https:\/\/streetmarkets.fr\/app\/wp-json\/wp\/v2\/product_tag?post=933663"}],"curies":[{"name":"wp","href":"https:\/\/api.w.org\/{rel}","templated":true}]}}