{"id":933638,"date":"2024-12-05T05:45:35","date_gmt":"2024-12-05T04:45:35","guid":{"rendered":"https:\/\/streetmarkets.fr\/app\/produit\/chasy-trousers-40393\/"},"modified":"2026-03-16T05:43:27","modified_gmt":"2026-03-16T04:43:27","slug":"chasy-trousers-40393","status":"publish","type":"product","link":"https:\/\/streetmarkets.fr\/app\/produit\/chasy-trousers-40393\/","title":{"rendered":"Chasy Trousers 40393"},"content":{"rendered":"<p><!--td {border: 1px solid #cccccc;}br {mso-data-placement:same-cell;}--><\/p>\n<p><span data-sheets-root=\"1\" data-sheets-value=\"{&quot;1&quot;:2,&quot;2&quot;:&quot;D\u00e9couvrez le pantalon de ville AVEND, symbole d'\u00e9l\u00e9gance intemporelle et de confort authentique pour l'homme moderne. Sa coupe classique \u00e0 plis et ses jambes fusel\u00e9es offrent sophistication et aisance. \\n\\nFabriqu\u00e9 en pur coton de qualit\u00e9 sup\u00e9rieure, chaque d\u00e9tail est soigneusement con\u00e7u dans les ateliers artisanaux de Toscane, soulignant notre engagement envers la durabilit\u00e9. La ceinture \u00e0 la taille assure un ajustement parfait tout au long de la journ\u00e9e. \\n\\nPolyvalent, il convient \u00e0 toutes les occasions, que ce soit pour une journ\u00e9e au bureau ou une soir\u00e9e entre amis. Avec une coupe droite ajust\u00e9e, il s'adapte \u00e0 toutes les morphologies, offrant une libert\u00e9 de mouvement optimale. \\n\\nAjoutez une touche de sophistication \u00e0 votre garde-robe avec le pantalon de ville AVEND et d\u00e9couvrez l'authenticit\u00e9 du savoir-faire toscan.&quot;}\" data-sheets-userformat='{\"2\":897,\"3\":{\"1\":0},\"10\":1,\"11\":4,\"12\":0}'>D\u00e9couvrez le <strong>pantalon de ville Chasy Trousers 40393 <\/strong>de <strong>Drykorn<\/strong>, symbole d&#8217;<strong>\u00e9l\u00e9gance<\/strong> et de confort authentique pour l&#8217;homme moderne. Sa coupe classique \u00e0 plis et ses jambes fusel\u00e9es offrent un <strong>look sophistiqu\u00e9<\/strong> et une aisance incomparable.\u00a0<\/p>\n<p>Fabriqu\u00e9 en pur coton de <strong>qualit\u00e9 sup\u00e9rieure<\/strong>, son design et son motif lui donne du caract\u00e8re. Sa <strong>ceinture \u00e0 la taille<\/strong> assure un ajustement parfait tout au long de la journ\u00e9e. <strong>Polyvalent<\/strong>, il convient \u00e0 toutes les occasions, que ce soit pour une journ\u00e9e au bureau ou une soir\u00e9e entre amis. Avec une coupe droite ajust\u00e9e, il s&#8217;adapte \u00e0 toutes les morphologies, offrant une libert\u00e9 de mouvement optimale. <\/p>\n<p>Ajoutez une touche de style\u00e0 votre vestiaire avec le pantalon <strong>Chasy Trousers 40393<\/strong> et d\u00e9couvrez l&#8217;authenticit\u00e9 du savoir-faire toscan.<\/span><\/p>\n","protected":false},"excerpt":{"rendered":"<p>D\u00e9couvrez le pantalon de ville Chasy Trousers 40393 de Drykorn, symbole d&#8217;\u00e9l\u00e9gance et de confort authentique pour l&#8217;homme moderne. Sa coupe classique \u00e0 plis et ses jambes fusel\u00e9es offrent un look sophistiqu\u00e9 et une aisance incomparable.\u00a0 Fabriqu\u00e9 en pur coton de qualit\u00e9 sup\u00e9rieure, son design et son motif lui donne du caract\u00e8re. Sa ceinture \u00e0 [&hellip;]<\/p>\n","protected":false},"featured_media":933639,"comment_status":"open","ping_status":"closed","template":"","meta":[],"product_brand":[],"product_cat":[1756,1758],"product_tag":[2244],"acf":[],"_links":{"self":[{"href":"https:\/\/streetmarkets.fr\/app\/wp-json\/wp\/v2\/product\/933638"}],"collection":[{"href":"https:\/\/streetmarkets.fr\/app\/wp-json\/wp\/v2\/product"}],"about":[{"href":"https:\/\/streetmarkets.fr\/app\/wp-json\/wp\/v2\/types\/product"}],"replies":[{"embeddable":true,"href":"https:\/\/streetmarkets.fr\/app\/wp-json\/wp\/v2\/comments?post=933638"}],"wp:featuredmedia":[{"embeddable":true,"href":"https:\/\/streetmarkets.fr\/app\/wp-json\/wp\/v2\/media\/933639"}],"wp:attachment":[{"href":"https:\/\/streetmarkets.fr\/app\/wp-json\/wp\/v2\/media?parent=933638"}],"wp:term":[{"taxonomy":"product_brand","embeddable":true,"href":"https:\/\/streetmarkets.fr\/app\/wp-json\/wp\/v2\/product_brand?post=933638"},{"taxonomy":"product_cat","embeddable":true,"href":"https:\/\/streetmarkets.fr\/app\/wp-json\/wp\/v2\/product_cat?post=933638"},{"taxonomy":"product_tag","embeddable":true,"href":"https:\/\/streetmarkets.fr\/app\/wp-json\/wp\/v2\/product_tag?post=933638"}],"curies":[{"name":"wp","href":"https:\/\/api.w.org\/{rel}","templated":true}]}}