{"id":933626,"date":"2024-12-05T05:45:33","date_gmt":"2024-12-05T04:45:33","guid":{"rendered":"https:\/\/streetmarkets.fr\/app\/produit\/chasy-pants-136096\/"},"modified":"2026-03-16T05:43:27","modified_gmt":"2026-03-16T04:43:27","slug":"chasy-pants-136096","status":"publish","type":"product","link":"https:\/\/streetmarkets.fr\/app\/produit\/chasy-pants-136096\/","title":{"rendered":"Chasy Pants 136096"},"content":{"rendered":"<p><!--td {border: 1px solid #cccccc;}br {mso-data-placement:same-cell;}--><\/p>\n<p><span data-sheets-userformat='{\"2\":897,\"3\":{\"1\":0},\"10\":1,\"11\":4,\"12\":0}' data-sheets-value=\"{&quot;1&quot;:2,&quot;2&quot;:&quot;D\u00e9couvrez le pantalon Chasy 136096 de Drykorn, l'essentiel de votre garde-robe pour une allure sportive et classique. Disponible en Blue 3000 (bleu) et Brown 1705 (beige), le Chasy apporte une touche moderne \u00e0 votre style quotidien. Sa coupe fusel\u00e9e et l\u00e9g\u00e8rement raccourcie combine des d\u00e9tails de taille classiques avec des influences contemporaines, offrant un \u00e9quilibre parfait entre \u00e9l\u00e9gance et d\u00e9contraction.\\r\\n\\r\\nFabriqu\u00e9 en jersey de coton, ce pantalon offre un confort optimal et pr\u00e9sente des effets de d\u00e9lavage sportifs pour une touche de dynamisme. Dot\u00e9 d'une coupe regular fit, d'une ceinture fronc\u00e9e et de poches avant fran\u00e7aises, il est \u00e0 la fois pratique et tendance. Sa longueur cropped et son pli simple ajoutent une touche de modernit\u00e9 \u00e0 votre tenue.\\r\\n\\r\\nPolyvalent et styl\u00e9, le Chasy Pants 136096 est parfait pour toutes les occasions, que ce soit pour une journ\u00e9e d\u00e9contract\u00e9e en ville ou une sortie entre amis. Ajoutez-le d\u00e8s maintenant \u00e0 votre collection pour un look \u00e0 la fois d\u00e9contract\u00e9 et sophistiqu\u00e9.&quot;}\" data-sheets-root=\"1\">D\u00e9couvrez le pantalon <strong>Chasy 136096<\/strong> de <strong>Drykorn<\/strong>, l&#8217;essentiel de votre garde-robe pour une allure sportive et classique. Disponible en Blue 3000 (bleu) et Brown 1705 (beige), le Chasy apporte une<strong> touche moderne<\/strong> \u00e0 votre style quotidien. Sa <strong>coupe fusel\u00e9e<\/strong> et l\u00e9g\u00e8rement raccourcie combine des d\u00e9tails de taille classiques avec des influences contemporaines, offrant un \u00e9quilibre parfait entre <strong>\u00e9l\u00e9gance <\/strong>et d\u00e9contraction. <\/p>\n<p>Fabriqu\u00e9 en jersey de coton, ce pantalon offre un <strong>confort optimal<\/strong> et pr\u00e9sente des effets de d\u00e9lavage sportifs pour une touche de dynamisme. Dot\u00e9 d&#8217;une<strong> coupe regular fit<\/strong>, d&#8217;une ceinture fronc\u00e9e et de poches avant fran\u00e7aises, il est \u00e0 la fois pratique et tendance. Sa longueur cropped et son pli simple ajoutent une touche de modernit\u00e9 \u00e0 votre tenue. <\/p>\n<p><strong>Polyvalent et styl\u00e9<\/strong>, le <strong>Chasy Pants 136096<\/strong> est parfait pour toutes les occasions, que ce soit pour une journ\u00e9e d\u00e9contract\u00e9e en ville ou une sortie entre amis. Ajoutez-le d\u00e8s maintenant \u00e0 votre collection pour un look \u00e0 la fois d\u00e9contract\u00e9 et sophistiqu\u00e9.<\/span><\/p>\n","protected":false},"excerpt":{"rendered":"<p>D\u00e9couvrez le pantalon Chasy 136096 de Drykorn, l&#8217;essentiel de votre garde-robe pour une allure sportive et classique. Disponible en Blue 3000 (bleu) et Brown 1705 (beige), le Chasy apporte une touche moderne \u00e0 votre style quotidien. Sa coupe fusel\u00e9e et l\u00e9g\u00e8rement raccourcie combine des d\u00e9tails de taille classiques avec des influences contemporaines, offrant un \u00e9quilibre [&hellip;]<\/p>\n","protected":false},"featured_media":933627,"comment_status":"open","ping_status":"closed","template":"","meta":[],"product_brand":[],"product_cat":[1756,1758],"product_tag":[2244],"acf":[],"_links":{"self":[{"href":"https:\/\/streetmarkets.fr\/app\/wp-json\/wp\/v2\/product\/933626"}],"collection":[{"href":"https:\/\/streetmarkets.fr\/app\/wp-json\/wp\/v2\/product"}],"about":[{"href":"https:\/\/streetmarkets.fr\/app\/wp-json\/wp\/v2\/types\/product"}],"replies":[{"embeddable":true,"href":"https:\/\/streetmarkets.fr\/app\/wp-json\/wp\/v2\/comments?post=933626"}],"wp:featuredmedia":[{"embeddable":true,"href":"https:\/\/streetmarkets.fr\/app\/wp-json\/wp\/v2\/media\/933627"}],"wp:attachment":[{"href":"https:\/\/streetmarkets.fr\/app\/wp-json\/wp\/v2\/media?parent=933626"}],"wp:term":[{"taxonomy":"product_brand","embeddable":true,"href":"https:\/\/streetmarkets.fr\/app\/wp-json\/wp\/v2\/product_brand?post=933626"},{"taxonomy":"product_cat","embeddable":true,"href":"https:\/\/streetmarkets.fr\/app\/wp-json\/wp\/v2\/product_cat?post=933626"},{"taxonomy":"product_tag","embeddable":true,"href":"https:\/\/streetmarkets.fr\/app\/wp-json\/wp\/v2\/product_tag?post=933626"}],"curies":[{"name":"wp","href":"https:\/\/api.w.org\/{rel}","templated":true}]}}