{"id":928576,"date":"2024-12-05T01:10:29","date_gmt":"2024-12-05T00:10:29","guid":{"rendered":"https:\/\/streetmarkets.fr\/app\/produit\/outerwear-manteau-h24-femme-gris-chine-clair\/"},"modified":"2026-01-29T00:57:59","modified_gmt":"2026-01-28T23:57:59","slug":"outerwear-manteau-h24-femme-gris-chine-clair","status":"publish","type":"product","link":"https:\/\/streetmarkets.fr\/app\/produit\/outerwear-manteau-h24-femme-gris-chine-clair\/","title":{"rendered":"Outerwear Manteau (H24 \/ FEMME \/ Gris Chin\u00e9 Clair)"},"content":{"rendered":"<p>Ce manteau long, confectionn\u00e9 en laine certifi\u00e9e RWS (Responsable Wool Standard), s&#8217;impose comme la pi\u00e8ce ma\u00eetresse de la saison. Muni d&#8217;un col tailleur et de deux poches lat\u00e9rales.<\/p>\n<p>&#8211; Manteau long en laine Femme <br \/>&#8211; Col tailleur<br \/>&#8211; 2 poches lat\u00e9rales<br \/>&#8211; Manches longues <br \/>&#8211; Coupe regular<\/p>\n","protected":false},"excerpt":{"rendered":"<p>Ce manteau long, confectionn\u00e9 en laine certifi\u00e9e RWS (Responsable Wool Standard), s&#8217;impose comme la pi\u00e8ce ma\u00eetresse de la saison. Muni d&#8217;un col tailleur et de deux poches lat\u00e9rales. &#8211; Manteau long en laine Femme &#8211; Col tailleur&#8211; 2 poches lat\u00e9rales&#8211; Manches longues &#8211; Coupe regular<\/p>\n","protected":false},"featured_media":928577,"comment_status":"open","ping_status":"closed","template":"","meta":[],"product_brand":[6868],"product_cat":[1756,1762],"product_tag":[2244],"acf":[],"_links":{"self":[{"href":"https:\/\/streetmarkets.fr\/app\/wp-json\/wp\/v2\/product\/928576"}],"collection":[{"href":"https:\/\/streetmarkets.fr\/app\/wp-json\/wp\/v2\/product"}],"about":[{"href":"https:\/\/streetmarkets.fr\/app\/wp-json\/wp\/v2\/types\/product"}],"replies":[{"embeddable":true,"href":"https:\/\/streetmarkets.fr\/app\/wp-json\/wp\/v2\/comments?post=928576"}],"wp:featuredmedia":[{"embeddable":true,"href":"https:\/\/streetmarkets.fr\/app\/wp-json\/wp\/v2\/media\/928577"}],"wp:attachment":[{"href":"https:\/\/streetmarkets.fr\/app\/wp-json\/wp\/v2\/media?parent=928576"}],"wp:term":[{"taxonomy":"product_brand","embeddable":true,"href":"https:\/\/streetmarkets.fr\/app\/wp-json\/wp\/v2\/product_brand?post=928576"},{"taxonomy":"product_cat","embeddable":true,"href":"https:\/\/streetmarkets.fr\/app\/wp-json\/wp\/v2\/product_cat?post=928576"},{"taxonomy":"product_tag","embeddable":true,"href":"https:\/\/streetmarkets.fr\/app\/wp-json\/wp\/v2\/product_tag?post=928576"}],"curies":[{"name":"wp","href":"https:\/\/api.w.org\/{rel}","templated":true}]}}