{"id":928541,"date":"2024-12-05T01:10:26","date_gmt":"2024-12-05T00:10:26","guid":{"rendered":"https:\/\/streetmarkets.fr\/app\/produit\/outerwear-doudoune-h24-homme-noir\/"},"modified":"2025-02-25T01:07:42","modified_gmt":"2025-02-25T00:07:42","slug":"outerwear-doudoune-h24-homme-noir","status":"publish","type":"product","link":"https:\/\/streetmarkets.fr\/app\/produit\/outerwear-doudoune-h24-homme-noir\/","title":{"rendered":"Outerwear Doudoune (H24 \/ HOMME \/ Noir)"},"content":{"rendered":"<p>\u00c9l\u00e9gante et structur\u00e9e, cette doudoune courte et matelass\u00e9e s&#8217;impose comme la pi\u00e8ce phare de la saison. Dot\u00e9e de manches longues, elle arbore un col chemise, une fermeture zipp\u00e9e et boutonn\u00e9e et deux poches \u00e0 rabat. Sa coupe courte, rehauss\u00e9e de cordons de serrage, assure une allure impeccable en toutes circonstances.<\/p>\n<p>&#8211; Doudoune courte matelass\u00e9e Homme <br \/>&#8211; Col chemise <br \/>&#8211; Fermeture zipp\u00e9e \u00e0 boutons pression <br \/>&#8211; 2 poches \u00e0 rabat <br \/>&#8211; Cordons de serrage sur le bas <br \/>&#8211; Manches longues <br \/>&#8211; Coupe regular<\/p>\n","protected":false},"excerpt":{"rendered":"<p>\u00c9l\u00e9gante et structur\u00e9e, cette doudoune courte et matelass\u00e9e s&#8217;impose comme la pi\u00e8ce phare de la saison. Dot\u00e9e de manches longues, elle arbore un col chemise, une fermeture zipp\u00e9e et boutonn\u00e9e et deux poches \u00e0 rabat. Sa coupe courte, rehauss\u00e9e de cordons de serrage, assure une allure impeccable en toutes circonstances. &#8211; Doudoune courte matelass\u00e9e Homme [&hellip;]<\/p>\n","protected":false},"featured_media":928542,"comment_status":"open","ping_status":"closed","template":"","meta":[],"product_brand":[6868],"product_cat":[1756,1758],"product_tag":[2244],"acf":[],"_links":{"self":[{"href":"https:\/\/streetmarkets.fr\/app\/wp-json\/wp\/v2\/product\/928541"}],"collection":[{"href":"https:\/\/streetmarkets.fr\/app\/wp-json\/wp\/v2\/product"}],"about":[{"href":"https:\/\/streetmarkets.fr\/app\/wp-json\/wp\/v2\/types\/product"}],"replies":[{"embeddable":true,"href":"https:\/\/streetmarkets.fr\/app\/wp-json\/wp\/v2\/comments?post=928541"}],"wp:featuredmedia":[{"embeddable":true,"href":"https:\/\/streetmarkets.fr\/app\/wp-json\/wp\/v2\/media\/928542"}],"wp:attachment":[{"href":"https:\/\/streetmarkets.fr\/app\/wp-json\/wp\/v2\/media?parent=928541"}],"wp:term":[{"taxonomy":"product_brand","embeddable":true,"href":"https:\/\/streetmarkets.fr\/app\/wp-json\/wp\/v2\/product_brand?post=928541"},{"taxonomy":"product_cat","embeddable":true,"href":"https:\/\/streetmarkets.fr\/app\/wp-json\/wp\/v2\/product_cat?post=928541"},{"taxonomy":"product_tag","embeddable":true,"href":"https:\/\/streetmarkets.fr\/app\/wp-json\/wp\/v2\/product_tag?post=928541"}],"curies":[{"name":"wp","href":"https:\/\/api.w.org\/{rel}","templated":true}]}}