{"id":928534,"date":"2024-12-05T01:10:25","date_gmt":"2024-12-05T00:10:25","guid":{"rendered":"https:\/\/streetmarkets.fr\/app\/produit\/t-shirt-col-rond-manches-courtes-rose-h24-femme-noir\/"},"modified":"2025-03-16T00:57:14","modified_gmt":"2025-03-15T23:57:14","slug":"t-shirt-col-rond-manches-courtes-rose-h24-femme-noir","status":"publish","type":"product","link":"https:\/\/streetmarkets.fr\/app\/produit\/t-shirt-col-rond-manches-courtes-rose-h24-femme-noir\/","title":{"rendered":"T-shirt Col Rond Manches Courtes Rose (H24 \/ FEMME \/ Noir)"},"content":{"rendered":"<p>V\u00e9ritable d\u00e9claration, ce t-shirt oversize en coton d\u00e9voile une rose \u00e9clatante et paillet\u00e9e sign\u00e9e &#8220;From Future Creative Division&#8221;. Son col rond c\u00f4tel\u00e9 et ses manches courtes en font une pi\u00e8ce versatile, \u00e0 porter au quotidien avec une jupe fluide pour une allure sophistiqu\u00e9e ou un pantalon ample pour un look casual.<\/p>\n<p>&#8211; T-shirt en coton Femme<br \/>\n<br \/>&#8211; Motifs rose paillet\u00e9e et &#8220;From Future Creative Division&#8221;<br \/>\n<br \/>&#8211; Col rond c\u00f4tel\u00e9<br \/>\n<br \/>&#8211; Manches courtes<br \/>\n<br \/>&#8211; Coupe oversize<\/p>\n","protected":false},"excerpt":{"rendered":"<p>V\u00e9ritable d\u00e9claration, ce t-shirt oversize en coton d\u00e9voile une rose \u00e9clatante et paillet\u00e9e sign\u00e9e &#8220;From Future Creative Division&#8221;. Son col rond c\u00f4tel\u00e9 et ses manches courtes en font une pi\u00e8ce versatile, \u00e0 porter au quotidien avec une jupe fluide pour une allure sophistiqu\u00e9e ou un pantalon ample pour un look casual. &#8211; T-shirt en coton [&hellip;]<\/p>\n","protected":false},"featured_media":928535,"comment_status":"open","ping_status":"closed","template":"","meta":[],"product_brand":[6868],"product_cat":[1756,1762],"product_tag":[2244],"acf":[],"_links":{"self":[{"href":"https:\/\/streetmarkets.fr\/app\/wp-json\/wp\/v2\/product\/928534"}],"collection":[{"href":"https:\/\/streetmarkets.fr\/app\/wp-json\/wp\/v2\/product"}],"about":[{"href":"https:\/\/streetmarkets.fr\/app\/wp-json\/wp\/v2\/types\/product"}],"replies":[{"embeddable":true,"href":"https:\/\/streetmarkets.fr\/app\/wp-json\/wp\/v2\/comments?post=928534"}],"wp:featuredmedia":[{"embeddable":true,"href":"https:\/\/streetmarkets.fr\/app\/wp-json\/wp\/v2\/media\/928535"}],"wp:attachment":[{"href":"https:\/\/streetmarkets.fr\/app\/wp-json\/wp\/v2\/media?parent=928534"}],"wp:term":[{"taxonomy":"product_brand","embeddable":true,"href":"https:\/\/streetmarkets.fr\/app\/wp-json\/wp\/v2\/product_brand?post=928534"},{"taxonomy":"product_cat","embeddable":true,"href":"https:\/\/streetmarkets.fr\/app\/wp-json\/wp\/v2\/product_cat?post=928534"},{"taxonomy":"product_tag","embeddable":true,"href":"https:\/\/streetmarkets.fr\/app\/wp-json\/wp\/v2\/product_tag?post=928534"}],"curies":[{"name":"wp","href":"https:\/\/api.w.org\/{rel}","templated":true}]}}