{"id":928530,"date":"2024-12-05T01:10:24","date_gmt":"2024-12-05T00:10:24","guid":{"rendered":"https:\/\/streetmarkets.fr\/app\/produit\/bonnet-a-revers-h24-accessoires-ecru-2\/"},"modified":"2025-02-24T01:10:09","modified_gmt":"2025-02-24T00:10:09","slug":"bonnet-a-revers-h24-accessoires-ecru-2","status":"publish","type":"product","link":"https:\/\/streetmarkets.fr\/app\/produit\/bonnet-a-revers-h24-accessoires-ecru-2\/","title":{"rendered":"Bonnet \u00e0 Revers (H24 \/ ACCESSOIRES \/ Ecru)"},"content":{"rendered":"<p>Confectionn\u00e9 en cachemire 10 fils infiniment doux, ce bonnet c\u00f4tel\u00e9 et oversize vient parfaire votre allure avec un d\u00e9tail signature. Twist\u00e9 d&#8217;un pompon et de torsades, il d\u00e9voile un badge brod\u00e9 From Future appos\u00e9 au revers. <\/p>\n<p>&#8211; Bonnet oversize en cachemire 10 fils certifi\u00e9 GCS\u00ae<br \/>\n<br \/>&#8211; C\u00f4tel\u00e9<br \/>\n<br \/>&#8211; Torsades<br \/>\n<br \/>&#8211; Pompon<br \/>\n<br \/>&#8211; \u00c0 revers orn\u00e9 d&#8217;un badge brod\u00e9 From Future<br \/>\n<br \/>&#8211; Taille unique<br \/>\n<br \/>&#8211; Le Good Cashmere Standard\u00ae (GCS) est une norme ind\u00e9pendante pour un cachemire plus durable et plus responsable. Il vise \u00e0 am\u00e9liorer le bien-\u00eatre des ch\u00e8vres cachemire, les conditions de travail des \u00e9leveurs ainsi qu&#8217;\u00e0 prot\u00e9ger l&#8217;environnement.<\/p>\n","protected":false},"excerpt":{"rendered":"<p>Confectionn\u00e9 en cachemire 10 fils infiniment doux, ce bonnet c\u00f4tel\u00e9 et oversize vient parfaire votre allure avec un d\u00e9tail signature. Twist\u00e9 d&#8217;un pompon et de torsades, il d\u00e9voile un badge brod\u00e9 From Future appos\u00e9 au revers. &#8211; Bonnet oversize en cachemire 10 fils certifi\u00e9 GCS\u00ae &#8211; C\u00f4tel\u00e9 &#8211; Torsades &#8211; Pompon &#8211; \u00c0 revers orn\u00e9 [&hellip;]<\/p>\n","protected":false},"featured_media":928531,"comment_status":"open","ping_status":"closed","template":"","meta":[],"product_brand":[6868],"product_cat":[1756,1764],"product_tag":[2244],"acf":[],"_links":{"self":[{"href":"https:\/\/streetmarkets.fr\/app\/wp-json\/wp\/v2\/product\/928530"}],"collection":[{"href":"https:\/\/streetmarkets.fr\/app\/wp-json\/wp\/v2\/product"}],"about":[{"href":"https:\/\/streetmarkets.fr\/app\/wp-json\/wp\/v2\/types\/product"}],"replies":[{"embeddable":true,"href":"https:\/\/streetmarkets.fr\/app\/wp-json\/wp\/v2\/comments?post=928530"}],"wp:featuredmedia":[{"embeddable":true,"href":"https:\/\/streetmarkets.fr\/app\/wp-json\/wp\/v2\/media\/928531"}],"wp:attachment":[{"href":"https:\/\/streetmarkets.fr\/app\/wp-json\/wp\/v2\/media?parent=928530"}],"wp:term":[{"taxonomy":"product_brand","embeddable":true,"href":"https:\/\/streetmarkets.fr\/app\/wp-json\/wp\/v2\/product_brand?post=928530"},{"taxonomy":"product_cat","embeddable":true,"href":"https:\/\/streetmarkets.fr\/app\/wp-json\/wp\/v2\/product_cat?post=928530"},{"taxonomy":"product_tag","embeddable":true,"href":"https:\/\/streetmarkets.fr\/app\/wp-json\/wp\/v2\/product_tag?post=928530"}],"curies":[{"name":"wp","href":"https:\/\/api.w.org\/{rel}","templated":true}]}}