{"id":928497,"date":"2024-12-05T01:10:20","date_gmt":"2024-12-05T00:10:20","guid":{"rendered":"https:\/\/streetmarkets.fr\/app\/produit\/pull-col-camionneur-h24-femme-navy\/"},"modified":"2025-02-04T01:10:27","modified_gmt":"2025-02-04T00:10:27","slug":"pull-col-camionneur-h24-femme-navy","status":"publish","type":"product","link":"https:\/\/streetmarkets.fr\/app\/produit\/pull-col-camionneur-h24-femme-navy\/","title":{"rendered":"Pull Col Camionneur (H24 \/ FEMME \/ Navy)"},"content":{"rendered":"<p>Allure sporty-chic pour ce pull en cachemire orn\u00e9 d&#8217;une broderie signature &#8220;F&#8221; sur la poitrine. Avec un col camionneur, il se distingue par des manches longues et des bords c\u00f4tel\u00e9s, r\u00e9hauss\u00e9s de bandes contrast\u00e9es. Associez-le \u00e0 un jean ample ou une jupe fluide pour un look chic et structur\u00e9.<\/p>\n<p>&#8211; Pull en cachemire certifi\u00e9 GCS\u00ae Femme<br \/>\n<br \/>&#8211; Broderie &#8220;F&#8221;<br \/>\n<br \/>&#8211; Bandes contrast\u00e9es<br \/>\n<br \/>&#8211; Col camionneur<br \/>\n<br \/>&#8211; Manches longues<br \/>\n<br \/>&#8211; Bords c\u00f4tel\u00e9s<br \/>\n<br \/>&#8211; Coupe regular<br \/>\n<br \/>&#8211; Le Good Cashmere Standard\u00ae (GCS) est une norme ind\u00e9pendante pour un cachemire plus durable et plus responsable. Il vise \u00e0 am\u00e9liorer le bien-\u00eatre des ch\u00e8vres cachemire, les conditions de travail des \u00e9leveurs ainsi qu&#8217;\u00e0 prot\u00e9ger l&#8217;environnement.<\/p>\n","protected":false},"excerpt":{"rendered":"<p>Allure sporty-chic pour ce pull en cachemire orn\u00e9 d&#8217;une broderie signature &#8220;F&#8221; sur la poitrine. Avec un col camionneur, il se distingue par des manches longues et des bords c\u00f4tel\u00e9s, r\u00e9hauss\u00e9s de bandes contrast\u00e9es. Associez-le \u00e0 un jean ample ou une jupe fluide pour un look chic et structur\u00e9. &#8211; Pull en cachemire certifi\u00e9 GCS\u00ae [&hellip;]<\/p>\n","protected":false},"featured_media":928498,"comment_status":"open","ping_status":"closed","template":"","meta":[],"product_brand":[6868],"product_cat":[1756,1762],"product_tag":[2244],"acf":[],"_links":{"self":[{"href":"https:\/\/streetmarkets.fr\/app\/wp-json\/wp\/v2\/product\/928497"}],"collection":[{"href":"https:\/\/streetmarkets.fr\/app\/wp-json\/wp\/v2\/product"}],"about":[{"href":"https:\/\/streetmarkets.fr\/app\/wp-json\/wp\/v2\/types\/product"}],"replies":[{"embeddable":true,"href":"https:\/\/streetmarkets.fr\/app\/wp-json\/wp\/v2\/comments?post=928497"}],"wp:featuredmedia":[{"embeddable":true,"href":"https:\/\/streetmarkets.fr\/app\/wp-json\/wp\/v2\/media\/928498"}],"wp:attachment":[{"href":"https:\/\/streetmarkets.fr\/app\/wp-json\/wp\/v2\/media?parent=928497"}],"wp:term":[{"taxonomy":"product_brand","embeddable":true,"href":"https:\/\/streetmarkets.fr\/app\/wp-json\/wp\/v2\/product_brand?post=928497"},{"taxonomy":"product_cat","embeddable":true,"href":"https:\/\/streetmarkets.fr\/app\/wp-json\/wp\/v2\/product_cat?post=928497"},{"taxonomy":"product_tag","embeddable":true,"href":"https:\/\/streetmarkets.fr\/app\/wp-json\/wp\/v2\/product_tag?post=928497"}],"curies":[{"name":"wp","href":"https:\/\/api.w.org\/{rel}","templated":true}]}}