{"id":928487,"date":"2024-12-05T01:10:19","date_gmt":"2024-12-05T00:10:19","guid":{"rendered":"https:\/\/streetmarkets.fr\/app\/produit\/outerwear-veste-h24-femme-navy\/"},"modified":"2025-02-25T01:07:41","modified_gmt":"2025-02-25T00:07:41","slug":"outerwear-veste-h24-femme-navy","status":"publish","type":"product","link":"https:\/\/streetmarkets.fr\/app\/produit\/outerwear-veste-h24-femme-navy\/","title":{"rendered":"Outerwear Veste (H24 \/ FEMME \/ Navy)"},"content":{"rendered":"<p>Rejoignez le Club avec cette veste teddy orn\u00e9e de broderies &#8220;F&#8221; sur la poitrine et d&#8217;une fleur &#8220;From Future&#8221; au dos. Dot\u00e9e d&#8217;un int\u00e9rieur matelass\u00e9, elle affiche une fermeture \u00e0 boutons pression, deux poches et des bords c\u00f4tel\u00e9s d\u00e9licatement ray\u00e9s. Associez-la \u00e0 un t-shirt oversize, un jean d\u00e9contract\u00e9 et une casquette pour un look sporty-chic.<\/p>\n<p>&#8211; Veste teddy Femme<br \/>\n<br \/>&#8211; Int\u00e9rieur matelass\u00e9<br \/>\n<br \/>&#8211; Broderie &#8220;F&#8221; sur la poitrine<br \/>\n<br \/>&#8211; Broderie fleur &#8220;From Future&#8221; au dos<br \/>\n<br \/>&#8211; Col chemise<br \/>\n<br \/>&#8211; Fermeture \u00e0 boutons pression<br \/>\n<br \/>&#8211; 2 poches<br \/>\n<br \/>&#8211; Manches longues<br \/>\n<br \/>&#8211; Bords c\u00f4tel\u00e9s ray\u00e9s<br \/>\n<br \/>&#8211; Coupe regular<\/p>\n","protected":false},"excerpt":{"rendered":"<p>Rejoignez le Club avec cette veste teddy orn\u00e9e de broderies &#8220;F&#8221; sur la poitrine et d&#8217;une fleur &#8220;From Future&#8221; au dos. Dot\u00e9e d&#8217;un int\u00e9rieur matelass\u00e9, elle affiche une fermeture \u00e0 boutons pression, deux poches et des bords c\u00f4tel\u00e9s d\u00e9licatement ray\u00e9s. Associez-la \u00e0 un t-shirt oversize, un jean d\u00e9contract\u00e9 et une casquette pour un look sporty-chic. [&hellip;]<\/p>\n","protected":false},"featured_media":928488,"comment_status":"open","ping_status":"closed","template":"","meta":[],"product_brand":[6868],"product_cat":[1756,1762],"product_tag":[2244],"acf":[],"_links":{"self":[{"href":"https:\/\/streetmarkets.fr\/app\/wp-json\/wp\/v2\/product\/928487"}],"collection":[{"href":"https:\/\/streetmarkets.fr\/app\/wp-json\/wp\/v2\/product"}],"about":[{"href":"https:\/\/streetmarkets.fr\/app\/wp-json\/wp\/v2\/types\/product"}],"replies":[{"embeddable":true,"href":"https:\/\/streetmarkets.fr\/app\/wp-json\/wp\/v2\/comments?post=928487"}],"wp:featuredmedia":[{"embeddable":true,"href":"https:\/\/streetmarkets.fr\/app\/wp-json\/wp\/v2\/media\/928488"}],"wp:attachment":[{"href":"https:\/\/streetmarkets.fr\/app\/wp-json\/wp\/v2\/media?parent=928487"}],"wp:term":[{"taxonomy":"product_brand","embeddable":true,"href":"https:\/\/streetmarkets.fr\/app\/wp-json\/wp\/v2\/product_brand?post=928487"},{"taxonomy":"product_cat","embeddable":true,"href":"https:\/\/streetmarkets.fr\/app\/wp-json\/wp\/v2\/product_cat?post=928487"},{"taxonomy":"product_tag","embeddable":true,"href":"https:\/\/streetmarkets.fr\/app\/wp-json\/wp\/v2\/product_tag?post=928487"}],"curies":[{"name":"wp","href":"https:\/\/api.w.org\/{rel}","templated":true}]}}