{"id":928475,"date":"2024-12-05T01:10:18","date_gmt":"2024-12-05T00:10:18","guid":{"rendered":"https:\/\/streetmarkets.fr\/app\/produit\/pull-col-roule-h24-femme-green-mouline\/"},"modified":"2025-02-04T01:10:27","modified_gmt":"2025-02-04T00:10:27","slug":"pull-col-roule-h24-femme-green-mouline","status":"publish","type":"product","link":"https:\/\/streetmarkets.fr\/app\/produit\/pull-col-roule-h24-femme-green-mouline\/","title":{"rendered":"Pull Col Roul\u00e9 (H24 \/ FEMME \/ Green Mouline)"},"content":{"rendered":"<p>Illuminez votre silhouette de saison avec ce pull court confectionn\u00e9 en cachemire. Orn\u00e9 d&#8217;un jeu de torsades, un col roul\u00e9, des manches longues et des bords c\u00f4tel\u00e9s viennent r\u00e9chauffer votre allure en douceur. Associez-le \u00e0 un jean ample ou une jupe fluide pour un look chic et casual.<\/p>\n<p>&#8211; Pull court en cachemire certifi\u00e9 GCS\u00ae Femme<br \/>\n<br \/>&#8211; Torsades<br \/>\n<br \/>&#8211; Col roul\u00e9<br \/>\n<br \/>&#8211; Manches longues<br \/>\n<br \/>&#8211; Bords c\u00f4tel\u00e9s<br \/>\n<br \/>&#8211; Coupe regular<br \/>\n<br \/>&#8211; Le Good Cashmere Standard\u00ae (GCS) est une norme ind\u00e9pendante pour un cachemire plus durable et plus responsable. Il vise \u00e0 am\u00e9liorer le bien-\u00eatre des ch\u00e8vres cachemire, les conditions de travail des \u00e9leveurs ainsi qu&#8217;\u00e0 prot\u00e9ger l&#8217;environnement.<br \/>&#8211; <u>Cachemire 8 fils<\/u> <\/p>\n","protected":false},"excerpt":{"rendered":"<p>Illuminez votre silhouette de saison avec ce pull court confectionn\u00e9 en cachemire. Orn\u00e9 d&#8217;un jeu de torsades, un col roul\u00e9, des manches longues et des bords c\u00f4tel\u00e9s viennent r\u00e9chauffer votre allure en douceur. Associez-le \u00e0 un jean ample ou une jupe fluide pour un look chic et casual. &#8211; Pull court en cachemire certifi\u00e9 GCS\u00ae [&hellip;]<\/p>\n","protected":false},"featured_media":928476,"comment_status":"open","ping_status":"closed","template":"","meta":[],"product_brand":[6868],"product_cat":[1756,1762],"product_tag":[2244],"acf":[],"_links":{"self":[{"href":"https:\/\/streetmarkets.fr\/app\/wp-json\/wp\/v2\/product\/928475"}],"collection":[{"href":"https:\/\/streetmarkets.fr\/app\/wp-json\/wp\/v2\/product"}],"about":[{"href":"https:\/\/streetmarkets.fr\/app\/wp-json\/wp\/v2\/types\/product"}],"replies":[{"embeddable":true,"href":"https:\/\/streetmarkets.fr\/app\/wp-json\/wp\/v2\/comments?post=928475"}],"wp:featuredmedia":[{"embeddable":true,"href":"https:\/\/streetmarkets.fr\/app\/wp-json\/wp\/v2\/media\/928476"}],"wp:attachment":[{"href":"https:\/\/streetmarkets.fr\/app\/wp-json\/wp\/v2\/media?parent=928475"}],"wp:term":[{"taxonomy":"product_brand","embeddable":true,"href":"https:\/\/streetmarkets.fr\/app\/wp-json\/wp\/v2\/product_brand?post=928475"},{"taxonomy":"product_cat","embeddable":true,"href":"https:\/\/streetmarkets.fr\/app\/wp-json\/wp\/v2\/product_cat?post=928475"},{"taxonomy":"product_tag","embeddable":true,"href":"https:\/\/streetmarkets.fr\/app\/wp-json\/wp\/v2\/product_tag?post=928475"}],"curies":[{"name":"wp","href":"https:\/\/api.w.org\/{rel}","templated":true}]}}