{"id":928467,"date":"2024-12-05T01:10:17","date_gmt":"2024-12-05T00:10:17","guid":{"rendered":"https:\/\/streetmarkets.fr\/app\/produit\/pull-col-rond-h24-femme-gris-chine-fonce\/"},"modified":"2025-02-04T01:10:27","modified_gmt":"2025-02-04T00:10:27","slug":"pull-col-rond-h24-femme-gris-chine-fonce","status":"publish","type":"product","link":"https:\/\/streetmarkets.fr\/app\/produit\/pull-col-rond-h24-femme-gris-chine-fonce\/","title":{"rendered":"Pull Col Rond (H24 \/ FEMME \/ Gris Chin\u00e9 Fonc\u00e9)"},"content":{"rendered":"<p>Un jeu de torsades s&#8217;entrelacent sur ce pull oversize, confectionn\u00e9 en cachemire. Muni d&#8217;un col rond, de manches longues et bords c\u00f4tel\u00e9s, il s&#8217;impose comme un incontournable de la saison. Incarnant l&#8217;\u00e9l\u00e9gance intemporelle, il s&#8217;associe ais\u00e9ment \u00e0 une jupe fluide ou un jean ample.<\/p>\n<p>&#8211; Pull en cachemire certifi\u00e9 GCS\u00ae Femme<br \/>\n<br \/>&#8211; Torsades<br \/>\n<br \/>&#8211; Col rond<br \/>\n<br \/>&#8211; Bords c\u00f4tel\u00e9s<br \/>\n<br \/>&#8211; Manches longues<br \/>\n<br \/>&#8211; Coupe oversize<br \/>\n<br \/>&#8211; Le Good Cashmere Standard\u00ae (GCS) est une norme ind\u00e9pendante pour un cachemire plus durable et plus responsable. Il vise \u00e0 am\u00e9liorer le bien-\u00eatre des ch\u00e8vres cachemire, les conditions de travail des \u00e9leveurs ainsi qu&#8217;\u00e0 prot\u00e9ger l&#8217;environnement.<\/p>\n","protected":false},"excerpt":{"rendered":"<p>Un jeu de torsades s&#8217;entrelacent sur ce pull oversize, confectionn\u00e9 en cachemire. Muni d&#8217;un col rond, de manches longues et bords c\u00f4tel\u00e9s, il s&#8217;impose comme un incontournable de la saison. Incarnant l&#8217;\u00e9l\u00e9gance intemporelle, il s&#8217;associe ais\u00e9ment \u00e0 une jupe fluide ou un jean ample. &#8211; Pull en cachemire certifi\u00e9 GCS\u00ae Femme &#8211; Torsades &#8211; Col [&hellip;]<\/p>\n","protected":false},"featured_media":928468,"comment_status":"open","ping_status":"closed","template":"","meta":[],"product_brand":[6868],"product_cat":[1756,1762],"product_tag":[2244],"acf":[],"_links":{"self":[{"href":"https:\/\/streetmarkets.fr\/app\/wp-json\/wp\/v2\/product\/928467"}],"collection":[{"href":"https:\/\/streetmarkets.fr\/app\/wp-json\/wp\/v2\/product"}],"about":[{"href":"https:\/\/streetmarkets.fr\/app\/wp-json\/wp\/v2\/types\/product"}],"replies":[{"embeddable":true,"href":"https:\/\/streetmarkets.fr\/app\/wp-json\/wp\/v2\/comments?post=928467"}],"wp:featuredmedia":[{"embeddable":true,"href":"https:\/\/streetmarkets.fr\/app\/wp-json\/wp\/v2\/media\/928468"}],"wp:attachment":[{"href":"https:\/\/streetmarkets.fr\/app\/wp-json\/wp\/v2\/media?parent=928467"}],"wp:term":[{"taxonomy":"product_brand","embeddable":true,"href":"https:\/\/streetmarkets.fr\/app\/wp-json\/wp\/v2\/product_brand?post=928467"},{"taxonomy":"product_cat","embeddable":true,"href":"https:\/\/streetmarkets.fr\/app\/wp-json\/wp\/v2\/product_cat?post=928467"},{"taxonomy":"product_tag","embeddable":true,"href":"https:\/\/streetmarkets.fr\/app\/wp-json\/wp\/v2\/product_tag?post=928467"}],"curies":[{"name":"wp","href":"https:\/\/api.w.org\/{rel}","templated":true}]}}