{"id":928021,"date":"2024-12-05T00:39:36","date_gmt":"2024-12-04T23:39:36","guid":{"rendered":"https:\/\/streetmarkets.fr\/app\/produit\/trousse-make-up-leo-gris\/"},"modified":"2025-03-24T00:38:47","modified_gmt":"2025-03-23T23:38:47","slug":"trousse-make-up-leo-gris","status":"publish","type":"product","link":"https:\/\/streetmarkets.fr\/app\/produit\/trousse-make-up-leo-gris\/","title":{"rendered":"Trousse Make Up Leo Gris"},"content":{"rendered":"<p>Id\u00e9ale pour transporter tous vos essentiels, cette jolie trousse de maquillage a une grande contenance et est enti\u00e8rement plastifi\u00e9e \u00e0 l&#8217;int\u00e9rieur.<\/p>\n<p><strong>Composition :<\/strong><span>\u00a0<\/span>100% coton<\/p>\n<p><span>Dimensions :<\/span><span>\u00a0<\/span>25 x 19 cm<\/p>\n","protected":false},"excerpt":{"rendered":"<p>Id\u00e9ale pour transporter tous vos essentiels, cette jolie trousse de maquillage a une grande contenance et est enti\u00e8rement plastifi\u00e9e \u00e0 l&#8217;int\u00e9rieur. Composition :\u00a0100% coton Dimensions :\u00a025 x 19 cm<\/p>\n","protected":false},"featured_media":928022,"comment_status":"open","ping_status":"closed","template":"","meta":[],"product_brand":[],"product_cat":[1756,1764],"product_tag":[1810],"acf":[],"_links":{"self":[{"href":"https:\/\/streetmarkets.fr\/app\/wp-json\/wp\/v2\/product\/928021"}],"collection":[{"href":"https:\/\/streetmarkets.fr\/app\/wp-json\/wp\/v2\/product"}],"about":[{"href":"https:\/\/streetmarkets.fr\/app\/wp-json\/wp\/v2\/types\/product"}],"replies":[{"embeddable":true,"href":"https:\/\/streetmarkets.fr\/app\/wp-json\/wp\/v2\/comments?post=928021"}],"wp:featuredmedia":[{"embeddable":true,"href":"https:\/\/streetmarkets.fr\/app\/wp-json\/wp\/v2\/media\/928022"}],"wp:attachment":[{"href":"https:\/\/streetmarkets.fr\/app\/wp-json\/wp\/v2\/media?parent=928021"}],"wp:term":[{"taxonomy":"product_brand","embeddable":true,"href":"https:\/\/streetmarkets.fr\/app\/wp-json\/wp\/v2\/product_brand?post=928021"},{"taxonomy":"product_cat","embeddable":true,"href":"https:\/\/streetmarkets.fr\/app\/wp-json\/wp\/v2\/product_cat?post=928021"},{"taxonomy":"product_tag","embeddable":true,"href":"https:\/\/streetmarkets.fr\/app\/wp-json\/wp\/v2\/product_tag?post=928021"}],"curies":[{"name":"wp","href":"https:\/\/api.w.org\/{rel}","templated":true}]}}