{"id":927888,"date":"2024-12-05T00:15:45","date_gmt":"2024-12-04T23:15:45","guid":{"rendered":"https:\/\/streetmarkets.fr\/app\/produit\/pack-de-3-chaussettes-femme-zebre-marron-dore\/"},"modified":"2025-11-24T00:16:19","modified_gmt":"2025-11-23T23:16:19","slug":"pack-de-3-chaussettes-femme-zebre-marron-dore","status":"publish","type":"product","link":"https:\/\/streetmarkets.fr\/app\/produit\/pack-de-3-chaussettes-femme-zebre-marron-dore\/","title":{"rendered":"Pack de 3 chaussettes femme : z\u00e8bre\/marron\/dor\u00e9"},"content":{"rendered":"<p>Un joli lot de trois paires pour varier les plaisirs sans se poser de questions. Ce pack r\u00e9unit un motif z\u00e8bre graphique, une paire marron facile \u00e0 porter et une version dor\u00e9e aux fils m\u00e9tallis\u00e9s pour une note lumineuse. Le m\u00e9lange de mati\u00e8res apporte douceur et <strong>bon maintien<\/strong> gr\u00e2ce \u00e0 l\u2019\u00e9lasthanne, tandis que la pr\u00e9sence de <strong>coton organique<\/strong> dans l\u2019une des paires ajoute une touche de confort. \u00c0 enfiler pour r\u00e9chauffer les pieds et booster un look en un clin d\u2019\u0153il \u2014 id\u00e9al au quotidien, et parfait comme petite id\u00e9e cadeau.<\/p>\n","protected":false},"excerpt":{"rendered":"<p>Un joli lot de trois paires pour varier les plaisirs sans se poser de questions. Ce pack r\u00e9unit un motif z\u00e8bre graphique, une paire marron facile \u00e0 porter et une version dor\u00e9e aux fils m\u00e9tallis\u00e9s pour une note lumineuse. Le m\u00e9lange de mati\u00e8res apporte douceur et bon maintien gr\u00e2ce \u00e0 l\u2019\u00e9lasthanne, tandis que la pr\u00e9sence [&hellip;]<\/p>\n","protected":false},"featured_media":927889,"comment_status":"open","ping_status":"closed","template":"","meta":[],"product_brand":[],"product_cat":[1756,1764],"product_tag":[1810],"acf":[],"_links":{"self":[{"href":"https:\/\/streetmarkets.fr\/app\/wp-json\/wp\/v2\/product\/927888"}],"collection":[{"href":"https:\/\/streetmarkets.fr\/app\/wp-json\/wp\/v2\/product"}],"about":[{"href":"https:\/\/streetmarkets.fr\/app\/wp-json\/wp\/v2\/types\/product"}],"replies":[{"embeddable":true,"href":"https:\/\/streetmarkets.fr\/app\/wp-json\/wp\/v2\/comments?post=927888"}],"wp:featuredmedia":[{"embeddable":true,"href":"https:\/\/streetmarkets.fr\/app\/wp-json\/wp\/v2\/media\/927889"}],"wp:attachment":[{"href":"https:\/\/streetmarkets.fr\/app\/wp-json\/wp\/v2\/media?parent=927888"}],"wp:term":[{"taxonomy":"product_brand","embeddable":true,"href":"https:\/\/streetmarkets.fr\/app\/wp-json\/wp\/v2\/product_brand?post=927888"},{"taxonomy":"product_cat","embeddable":true,"href":"https:\/\/streetmarkets.fr\/app\/wp-json\/wp\/v2\/product_cat?post=927888"},{"taxonomy":"product_tag","embeddable":true,"href":"https:\/\/streetmarkets.fr\/app\/wp-json\/wp\/v2\/product_tag?post=927888"}],"curies":[{"name":"wp","href":"https:\/\/api.w.org\/{rel}","templated":true}]}}