{"id":927820,"date":"2024-12-05T00:14:22","date_gmt":"2024-12-04T23:14:22","guid":{"rendered":"https:\/\/streetmarkets.fr\/app\/produit\/bandeau-coeur-macadamia\/"},"modified":"2025-11-24T00:15:52","modified_gmt":"2025-11-23T23:15:52","slug":"bandeau-coeur-macadamia","status":"publish","type":"product","link":"https:\/\/streetmarkets.fr\/app\/produit\/bandeau-coeur-macadamia\/","title":{"rendered":"Bandeau Coeur &#8211; Macadamia"},"content":{"rendered":"<p>Ce bandeau en coton sign\u00e9 Apaches est le petit plus qui change tout. Il garde les m\u00e8ches loin du visage, ajoute une touche soign\u00e9e \u00e0 chaque tenue et reste tr\u00e8s doux au contact de la peau. L\u2019imprim\u00e9 Macadamia se marie facilement avec les looks du quotidien comme avec les tenues de f\u00eate.<br \/>\nFabriqu\u00e9 \u00e0 la main, il a ce charme unique des pi\u00e8ces faites avec soin. On l\u2019utilise autant pour finir une coiffure que pour d\u00e9gager les cheveux le temps d\u2019un soin ou du d\u00e9maquillage. Et quand il faut le laver, c\u2019est simple: un cycle d\u00e9licat et c\u2019est reparti.<\/p>\n","protected":false},"excerpt":{"rendered":"<p>Ce bandeau en coton sign\u00e9 Apaches est le petit plus qui change tout. Il garde les m\u00e8ches loin du visage, ajoute une touche soign\u00e9e \u00e0 chaque tenue et reste tr\u00e8s doux au contact de la peau. L\u2019imprim\u00e9 Macadamia se marie facilement avec les looks du quotidien comme avec les tenues de f\u00eate. Fabriqu\u00e9 \u00e0 la [&hellip;]<\/p>\n","protected":false},"featured_media":927821,"comment_status":"open","ping_status":"closed","template":"","meta":[],"product_brand":[],"product_cat":[1756,1764],"product_tag":[1810],"acf":[],"_links":{"self":[{"href":"https:\/\/streetmarkets.fr\/app\/wp-json\/wp\/v2\/product\/927820"}],"collection":[{"href":"https:\/\/streetmarkets.fr\/app\/wp-json\/wp\/v2\/product"}],"about":[{"href":"https:\/\/streetmarkets.fr\/app\/wp-json\/wp\/v2\/types\/product"}],"replies":[{"embeddable":true,"href":"https:\/\/streetmarkets.fr\/app\/wp-json\/wp\/v2\/comments?post=927820"}],"wp:featuredmedia":[{"embeddable":true,"href":"https:\/\/streetmarkets.fr\/app\/wp-json\/wp\/v2\/media\/927821"}],"wp:attachment":[{"href":"https:\/\/streetmarkets.fr\/app\/wp-json\/wp\/v2\/media?parent=927820"}],"wp:term":[{"taxonomy":"product_brand","embeddable":true,"href":"https:\/\/streetmarkets.fr\/app\/wp-json\/wp\/v2\/product_brand?post=927820"},{"taxonomy":"product_cat","embeddable":true,"href":"https:\/\/streetmarkets.fr\/app\/wp-json\/wp\/v2\/product_cat?post=927820"},{"taxonomy":"product_tag","embeddable":true,"href":"https:\/\/streetmarkets.fr\/app\/wp-json\/wp\/v2\/product_tag?post=927820"}],"curies":[{"name":"wp","href":"https:\/\/api.w.org\/{rel}","templated":true}]}}