{"id":927702,"date":"2024-12-04T23:27:36","date_gmt":"2024-12-04T22:27:36","guid":{"rendered":"https:\/\/streetmarkets.fr\/app\/produit\/carre-de-cachemire-100-fait-main-carreaux-superbes-110-x-110-cm\/"},"modified":"2025-09-01T00:27:06","modified_gmt":"2025-08-31T22:27:06","slug":"carre-de-cachemire-100-fait-main-carreaux-superbes-110-x-110-cm","status":"publish","type":"product","link":"https:\/\/streetmarkets.fr\/app\/produit\/carre-de-cachemire-100-fait-main-carreaux-superbes-110-x-110-cm\/","title":{"rendered":"Carr\u00e9 de cachemire 100% fait main Carreaux superbes 110 x 110 cm"},"content":{"rendered":"<p>Carr\u00e9 en 100% cachemire 110&#215;110 cm<\/p>\n<p>Fait main. Tr\u00e8s grande douceur, tr\u00e8s belles nuances.<\/p>\n<p>Cr\u00e9ation fran\u00e7aise et fait en Inde.<\/p>\n","protected":false},"excerpt":{"rendered":"<p>Carr\u00e9 en 100% cachemire 110&#215;110 cm Fait main. Tr\u00e8s grande douceur, tr\u00e8s belles nuances. Cr\u00e9ation fran\u00e7aise et fait en Inde.<\/p>\n","protected":false},"featured_media":927703,"comment_status":"open","ping_status":"closed","template":"","meta":[],"product_brand":[],"product_cat":[1756,1764],"product_tag":[1811,1813],"acf":[],"_links":{"self":[{"href":"https:\/\/streetmarkets.fr\/app\/wp-json\/wp\/v2\/product\/927702"}],"collection":[{"href":"https:\/\/streetmarkets.fr\/app\/wp-json\/wp\/v2\/product"}],"about":[{"href":"https:\/\/streetmarkets.fr\/app\/wp-json\/wp\/v2\/types\/product"}],"replies":[{"embeddable":true,"href":"https:\/\/streetmarkets.fr\/app\/wp-json\/wp\/v2\/comments?post=927702"}],"wp:featuredmedia":[{"embeddable":true,"href":"https:\/\/streetmarkets.fr\/app\/wp-json\/wp\/v2\/media\/927703"}],"wp:attachment":[{"href":"https:\/\/streetmarkets.fr\/app\/wp-json\/wp\/v2\/media?parent=927702"}],"wp:term":[{"taxonomy":"product_brand","embeddable":true,"href":"https:\/\/streetmarkets.fr\/app\/wp-json\/wp\/v2\/product_brand?post=927702"},{"taxonomy":"product_cat","embeddable":true,"href":"https:\/\/streetmarkets.fr\/app\/wp-json\/wp\/v2\/product_cat?post=927702"},{"taxonomy":"product_tag","embeddable":true,"href":"https:\/\/streetmarkets.fr\/app\/wp-json\/wp\/v2\/product_tag?post=927702"}],"curies":[{"name":"wp","href":"https:\/\/api.w.org\/{rel}","templated":true}]}}